{"id":4055,"date":"2024-12-27T16:04:19","date_gmt":"2024-12-27T13:04:19","guid":{"rendered":"https:\/\/akdenizvertigomerkezi.com\/medizinische-behandlung\/"},"modified":"2025-02-05T17:49:17","modified_gmt":"2025-02-05T14:49:17","slug":"medizinische-behandlung","status":"publish","type":"page","link":"https:\/\/akdenizvertigomerkezi.com\/de\/medizinische-behandlung\/","title":{"rendered":"Medizinische Behandlung"},"content":{"rendered":"\t\t<div data-elementor-type=\"wp-page\" data-elementor-id=\"4055\" class=\"elementor elementor-4055 elementor-2506\" data-elementor-post-type=\"page\">\n\t\t\t\t<div class=\"elementor-element elementor-element-62e74be2 mesh-test3 e-flex e-con-boxed e-con e-parent\" data-id=\"62e74be2\" data-element_type=\"container\" data-settings=\"{&quot;background_background&quot;:&quot;classic&quot;}\">\n\t\t\t\t\t<div class=\"e-con-inner\">\n\t\t<div class=\"elementor-element elementor-element-7c75bd94 e-con-full e-flex e-con e-child\" data-id=\"7c75bd94\" data-element_type=\"container\">\n\t\t\t\t<div class=\"elementor-element elementor-element-29b944f3 elementor-widget__width-inherit elementor-widget-tablet__width-inherit elementor-widget-mobile__width-inherit animated-slow elementor-invisible elementor-widget elementor-widget-page-title\" data-id=\"29b944f3\" data-element_type=\"widget\" data-settings=\"{&quot;_animation&quot;:&quot;fadeIn&quot;}\" data-widget_type=\"page-title.default\">\n\t\t\t\t<div class=\"elementor-widget-container\">\n\t\t\t\t\t\t\t\n\t\t<div class=\"hfe-page-title hfe-page-title-wrapper elementor-widget-heading\">\n\n\t\t\t\t\t\t\t\t<h1 class=\"elementor-heading-title elementor-size-default\">\n\t\t\t\t\t\t\t\t\n\t\t\t\tMedizinische Behandlung  \n\t\t\t<\/h1 > \n\t\t\t\t\t<\/div>\n\t\t\t\t\t\t<\/div>\n\t\t\t\t<\/div>\n\t\t\t\t<div class=\"elementor-element elementor-element-2e9e4499 elementor-widget__width-inherit elementor-widget-mobile__width-inherit elementor-invisible elementor-widget elementor-widget-text-editor\" data-id=\"2e9e4499\" data-element_type=\"widget\" data-settings=\"{&quot;_animation&quot;:&quot;fadeIn&quot;,&quot;_animation_delay&quot;:250}\" data-widget_type=\"text-editor.default\">\n\t\t\t\t<div class=\"elementor-widget-container\">\n\t\t\t\t\t\t\t\t\t<p>Die medizinischen Behandlungsmethoden f\u00fcr Schwindel (Vertigo) werden basierend auf der Schwere der Symptome und der zugrunde liegenden Ursache festgelegt. Hier sind die medikament\u00f6sen Behandlungsm\u00f6glichkeiten bei Schwindel im Detail:<\/p>\n\t\t\t\t\t\t\t\t<\/div>\n\t\t\t\t<\/div>\n\t\t\t\t<div class=\"elementor-element elementor-element-40bf4ede elementor-hidden-mobile elementor-widget elementor-widget-global elementor-global-4405 elementor-global-919 elementor-widget-button\" data-id=\"40bf4ede\" data-element_type=\"widget\" data-widget_type=\"button.default\">\n\t\t\t\t<div class=\"elementor-widget-container\">\n\t\t\t\t\t\t\t\t\t<div class=\"elementor-button-wrapper\">\n\t\t\t\t\t<a class=\"elementor-button elementor-button-link elementor-size-sm\" href=\"https:\/\/api.whatsapp.com\/send?phone=905537053650\" target=\"_blank\" rel=\"noopener\">\n\t\t\t\t\t\t<span class=\"elementor-button-content-wrapper\">\n\t\t\t\t\t\t<span class=\"elementor-button-icon\">\n\t\t\t\t<svg aria-hidden=\"true\" class=\"e-font-icon-svg e-far-arrow-alt-circle-right\" viewBox=\"0 0 512 512\" xmlns=\"http:\/\/www.w3.org\/2000\/svg\"><path d=\"M504 256C504 119 393 8 256 8S8 119 8 256s111 248 248 248 248-111 248-248zm-448 0c0-110.5 89.5-200 200-200s200 89.5 200 200-89.5 200-200 200S56 366.5 56 256zm72 20v-40c0-6.6 5.4-12 12-12h116v-67c0-10.7 12.9-16 20.5-8.5l99 99c4.7 4.7 4.7 12.3 0 17l-99 99c-7.6 7.6-20.5 2.2-20.5-8.5v-67H140c-6.6 0-12-5.4-12-12z\"><\/path><\/svg>\t\t\t<\/span>\n\t\t\t\t\t\t\t\t\t<span class=\"elementor-button-text\">Online-Termin<\/span>\n\t\t\t\t\t<\/span>\n\t\t\t\t\t<\/a>\n\t\t\t\t<\/div>\n\t\t\t\t\t\t\t\t<\/div>\n\t\t\t\t<\/div>\n\t\t\t\t<\/div>\n\t\t<div class=\"elementor-element elementor-element-7cd9f53b e-con-full e-flex e-con e-child\" data-id=\"7cd9f53b\" data-element_type=\"container\">\n\t\t\t\t<div class=\"elementor-element elementor-element-79da8f4b elementor-widget elementor-widget-global elementor-global-2157 elementor-widget-image\" data-id=\"79da8f4b\" data-element_type=\"widget\" data-widget_type=\"image.default\">\n\t\t\t\t<div class=\"elementor-widget-container\">\n\t\t\t\t\t\t\t\t\t\t\t\t\t\t\t<img fetchpriority=\"high\" decoding=\"async\" width=\"750\" height=\"567\" src=\"https:\/\/akdenizvertigomerkezi.com\/wp-content\/uploads\/head-image-avm-final-2025.png\" class=\"attachment-large size-large wp-image-3355\" alt=\"Head image avm final 2025\" srcset=\"https:\/\/akdenizvertigomerkezi.com\/wp-content\/uploads\/head-image-avm-final-2025.png 750w, https:\/\/akdenizvertigomerkezi.com\/wp-content\/uploads\/head-image-avm-final-2025-300x227.png 300w\" sizes=\"(max-width: 750px) 100vw, 750px\" \/>\t\t\t\t\t\t\t\t\t\t\t\t\t\t\t<\/div>\n\t\t\t\t<\/div>\n\t\t\t\t<\/div>\n\t\t\t\t\t<\/div>\n\t\t\t\t<\/div>\n\t\t<div class=\"elementor-element elementor-element-21b9003 e-con-full elementor-hidden-desktop elementor-hidden-tablet e-flex e-con e-parent\" data-id=\"21b9003\" data-element_type=\"container\">\n\t\t<div class=\"elementor-element elementor-element-4d646aed e-flex e-con-boxed e-con e-child\" data-id=\"4d646aed\" data-element_type=\"container\" data-settings=\"{&quot;background_background&quot;:&quot;classic&quot;}\">\n\t\t\t\t\t<div class=\"e-con-inner\">\n\t\t<div class=\"elementor-element elementor-element-ee15052 e-con-full e-flex e-con e-child\" data-id=\"ee15052\" data-element_type=\"container\">\n\t\t\t\t<div class=\"elementor-element elementor-element-70173e95 elementor-widget elementor-widget-global elementor-global-4393 elementor-global-2204 elementor-widget-heading\" data-id=\"70173e95\" data-element_type=\"widget\" data-widget_type=\"heading.default\">\n\t\t\t\t<div class=\"elementor-widget-container\">\n\t\t\t\t\t<h2 class=\"elementor-heading-title elementor-size-default\">Erfahren Sie die wahre Ursache Ihres Schwindels!<\/h2>\t\t\t\t<\/div>\n\t\t\t\t<\/div>\n\t\t\t\t<div class=\"elementor-element elementor-element-77b6add6 elementor-widget elementor-widget-global elementor-global-4387 elementor-global-2207 elementor-widget-text-editor\" data-id=\"77b6add6\" data-element_type=\"widget\" data-widget_type=\"text-editor.default\">\n\t\t\t\t<div class=\"elementor-widget-container\">\n\t\t\t\t\t\t\t\t\t<p class=\"p1\">Die Ursache von Schwindel und Gleichgewichtsst\u00f6rungen zu erkennen, ist der erste Schritt zur richtigen Behandlung. Buchen Sie einen Termin f\u00fcr eine individuelle Untersuchung mit unserem Expertenteam und gewinnen Sie Ihre Gesundheit zur\u00fcck.<\/p>\n\t\t\t\t\t\t\t\t<\/div>\n\t\t\t\t<\/div>\n\t\t\t\t<\/div>\n\t\t<div class=\"elementor-element elementor-element-52d9a9e7 e-con-full e-flex e-con e-child\" data-id=\"52d9a9e7\" data-element_type=\"container\">\n\t\t\t\t<div class=\"elementor-element elementor-element-12948141 elementor-mobile-align-center elementor-widget elementor-widget-global elementor-global-4399 elementor-global-2201 elementor-widget-button\" data-id=\"12948141\" data-element_type=\"widget\" data-widget_type=\"button.default\">\n\t\t\t\t<div class=\"elementor-widget-container\">\n\t\t\t\t\t\t\t\t\t<div class=\"elementor-button-wrapper\">\n\t\t\t\t\t<a class=\"elementor-button elementor-button-link elementor-size-sm\" href=\"https:\/\/api.whatsapp.com\/send?phone=905537053650\" target=\"_blank\" rel=\"noopener\">\n\t\t\t\t\t\t<span class=\"elementor-button-content-wrapper\">\n\t\t\t\t\t\t<span class=\"elementor-button-icon\">\n\t\t\t\t<svg aria-hidden=\"true\" class=\"e-font-icon-svg e-far-arrow-alt-circle-right\" viewBox=\"0 0 512 512\" xmlns=\"http:\/\/www.w3.org\/2000\/svg\"><path d=\"M504 256C504 119 393 8 256 8S8 119 8 256s111 248 248 248 248-111 248-248zm-448 0c0-110.5 89.5-200 200-200s200 89.5 200 200-89.5 200-200 200S56 366.5 56 256zm72 20v-40c0-6.6 5.4-12 12-12h116v-67c0-10.7 12.9-16 20.5-8.5l99 99c4.7 4.7 4.7 12.3 0 17l-99 99c-7.6 7.6-20.5 2.2-20.5-8.5v-67H140c-6.6 0-12-5.4-12-12z\"><\/path><\/svg>\t\t\t<\/span>\n\t\t\t\t\t\t\t\t\t<span class=\"elementor-button-text\">Online-Termin<\/span>\n\t\t\t\t\t<\/span>\n\t\t\t\t\t<\/a>\n\t\t\t\t<\/div>\n\t\t\t\t\t\t\t\t<\/div>\n\t\t\t\t<\/div>\n\t\t\t\t<\/div>\n\t\t\t\t\t<\/div>\n\t\t\t\t<\/div>\n\t\t\t\t<\/div>\n\t\t<div class=\"elementor-element elementor-element-179cfe3e e-flex e-con-boxed e-con e-parent\" data-id=\"179cfe3e\" data-element_type=\"container\">\n\t\t\t\t\t<div class=\"e-con-inner\">\n\t\t<div class=\"elementor-element elementor-element-23ac7608 e-con-full e-flex e-con e-child\" data-id=\"23ac7608\" data-element_type=\"container\">\n\t\t\t\t<div class=\"elementor-element elementor-element-3e90519a elementor-widget elementor-widget-text-editor\" data-id=\"3e90519a\" data-element_type=\"widget\" data-widget_type=\"text-editor.default\">\n\t\t\t\t<div class=\"elementor-widget-container\">\n\t\t\t\t\t\t\t\t\t<p><strong>1. Antihistaminika<br \/>\n<\/strong><\/p>\n<ul>\n<li><strong>Zweck:<\/strong> Diese Medikamente werden eingesetzt, um Symptome wie Schwindel und \u00dcbelkeit zu lindern, die durch Vertigo verursacht werden.<\/li>\n<li><strong>Beispiele:<\/strong> Meclizin, Dimenhydrinat.<\/li>\n<li><strong>Wie es funktioniert:<\/strong> Antihistaminika unterdr\u00fccken die Stimulation des vestibul\u00e4ren Systems im Innenohr und reduzieren so das Schwindelgef\u00fchl.<\/li>\n<\/ul>\n<p><img decoding=\"async\" class=\"alignnone wp-image-2509\" src=\"https:\/\/akdenizvertigomerkezi.com\/wp-content\/uploads\/Medikal-Tedavi.jpg\" alt=\"\" width=\"532\" height=\"280\" \/><\/p>\n<h3><strong>2. Anticholinergika<br \/>\n<\/strong><\/h3>\n<ul>\n<li><strong>Zweck:<\/strong> Hilft ebenfalls, Schwindelsymptome zu lindern.<\/li>\n<li><strong>Beispiele:<\/strong><\/li>\n<li><strong>Anwendung:<\/strong> Wird h\u00e4ufig transdermal (\u00fcber die Haut) angewendet, z. B. in Form von Pflastern, die hinter das Ohr geklebt werden.<\/li>\n<li><strong>Nebenwirkungen:<\/strong> Kann Nebenwirkungen wie Mundtrockenheit und verschwommenes Sehen verursachen.<\/li>\n<\/ul>\n<h3><strong>3. Benzodiazepine<br \/>\n<\/strong><\/h3>\n<ul>\n<li><strong>Zweck:<\/strong> Diese Medikamentengruppe bietet kurzfristige Linderung bei Schwindelsymptomen.<\/li>\n<li><strong>Beispiele:<\/strong> Diazepam, Clonazepam.<\/li>\n<li><strong>Wie es funktioniert:<\/strong> Sie unterdr\u00fccken das zentrale Nervensystem und verringern dadurch das Schwindelgef\u00fchl.<\/li>\n<li><strong>Vorsicht:<\/strong> Aufgrund des Abh\u00e4ngigkeitspotenzials wird ihre Anwendung in der Regel auf kurze Zeitr\u00e4ume begrenzt.<\/li>\n<\/ul>\n<p><img decoding=\"async\" class=\"alignnone wp-image-2508\" src=\"https:\/\/akdenizvertigomerkezi.com\/wp-content\/uploads\/Medikal-Tedavi-2.jpg\" alt=\"\" width=\"536\" height=\"304\" \/><\/p>\n<h3><strong>4. Vestibul\u00e4re Suppressoren<br \/>\n<\/strong><\/h3>\n<ul>\n<li><strong>Zweck:<\/strong> Reduziert Schwindel und \u00dcbelkeit, indem das vestibul\u00e4re System unterdr\u00fcckt wird.<\/li>\n<li><strong>Beispiele:<\/strong> Medikamente aus der Phenothiazin-Gruppe wie Promethazin.<\/li>\n<li><strong>Einsatzbereich:<\/strong> Wird bei akuten Schwindelanf\u00e4llen verwendet.<\/li>\n<\/ul>\n<h3><strong>5. Diuretika (Entw\u00e4sserungsmittel)<br \/>\n<\/strong><\/h3>\n<ul>\n<li><strong>Zweck:<\/strong> Wird bevorzugt bei Vertigo-F\u00e4llen eingesetzt, die durch Fl\u00fcssigkeitsungleichgewicht im Innenohr verursacht werden, z. B. bei Morbus Meni\u00e8re.<\/li>\n<li><strong>Beispiele:<\/strong><\/li>\n<li><strong>Wie es funktioniert:<\/strong> Reduziert die Fl\u00fcssigkeitsmenge im K\u00f6rper und senkt dadurch den Druck der Innenohrfl\u00fcssigkeit, was die Symptome von Schwindel lindern kann.<\/li>\n<li><strong>Vorsicht:<\/strong> Eine salzarme Ern\u00e4hrung wird oft zus\u00e4tzlich zu dieser Behandlung empfohlen.<\/li>\n<\/ul>\n<h3><strong>6. Serotonin- und Noradrenalin-Wiederaufnahmehemmer (SNRIs)<br \/>\n<\/strong><\/h3>\n<ul>\n<li><strong>Zweck:<\/strong> Antidepressiva, die bei Patienten mit chronischem Schwindel eingesetzt werden.<\/li>\n<li><strong>Wie es funktioniert:<\/strong> Hilft, Angst und Stress im Zusammenhang mit Schwindel zu reduzieren.<\/li>\n<li><strong>Beispiele:<\/strong> Venlafaxin, Duloxetin.<\/li>\n<\/ul>\n<h3><strong>7. Kortikosteroide<br \/>\n<\/strong><\/h3>\n<ul>\n<li><strong>Zweck:<\/strong> Bei Entz\u00fcndungen oder Schwellungen im Innenohr werden Kortikosteroide als entz\u00fcndungshemmende Mittel eingesetzt.<\/li>\n<li><strong>Beispiele:<\/strong><\/li>\n<li><strong>Einsatzbereich:<\/strong> Wird bei Erkrankungen wie einer vestibul\u00e4ren Neuritis bevorzugt.<\/li>\n<li><strong>Nebenwirkungen:<\/strong> Langfristige Anwendung kann Nebenwirkungen haben, daher nur unter \u00e4rztlicher Aufsicht verwenden.<\/li>\n<\/ul>\n<h3><strong>8. Betahistin<br \/>\n<\/strong><\/h3>\n<ul>\n<li><strong>Zweck:<\/strong> Kann helfen, die Durchblutung im Innenohr zu verbessern und Schwindel zu reduzieren.<\/li>\n<li><strong>Beispiele:<\/strong><\/li>\n<li><strong>Wie es funktioniert:<\/strong> Erweiterung der Blutgef\u00e4\u00dfe im Innenohr, wodurch der Druck im vestibul\u00e4ren System verringert wird.<\/li>\n<li><strong>Nebenwirkungen:<\/strong> Kann \u00dcbelkeit und Kopfschmerzen verursachen.<\/li>\n<\/ul>\n<h3><strong>9. Unterst\u00fctzende Medikamente zur Reduzierung von Schwindel<br \/>\n<\/strong><\/h3>\n<ul>\n<li><strong>Antiemetika:<\/strong> Werden eingesetzt, um \u00dcbelkeit und Erbrechen zu reduzieren. Beispiele: Metoclopramid, Ondansetron.<\/li>\n<li><strong>Angstl\u00f6sende Medikamente:<\/strong> Werden gelegentlich verwendet, um Angstzust\u00e4nde zu behandeln, die durch langfristigen Schwindel entstehen.<\/li>\n<\/ul>\n<h3><strong>Kombinierte Behandlung und \u00dcberwachung<\/strong><\/h3>\n<p>Die Behandlung von Schwindel wird in der Regel individuell angepasst, und eine korrekte Dosierung sowie eine regelm\u00e4\u00dfige Anwendung der Medikamente unter \u00e4rztlicher Aufsicht sind entscheidend. W\u00e4hrend des Behandlungsprozesses k\u00f6nnen auch unterst\u00fctzende Ma\u00dfnahmen wie Lebensstil\u00e4nderungen und vestibul\u00e4re Rehabilitation zusammen mit medikament\u00f6ser Therapie kombiniert werden.<\/p>\n\t\t\t\t\t\t\t\t<\/div>\n\t\t\t\t<\/div>\n\t\t\t\t<div class=\"elementor-element elementor-element-15d3b524 elementor-widget elementor-widget-shortcode\" data-id=\"15d3b524\" data-element_type=\"widget\" data-widget_type=\"shortcode.default\">\n\t\t\t\t<div class=\"elementor-widget-container\">\n\t\t\t\t\t\t\t<div class=\"elementor-shortcode\"><\/div>\n\t\t\t\t\t\t<\/div>\n\t\t\t\t<\/div>\n\t\t\t\t<\/div>\n\t\t<div class=\"elementor-element elementor-element-61a74621 e-con-full e-flex e-con e-child\" data-id=\"61a74621\" data-element_type=\"container\">\n\t\t<div class=\"elementor-element elementor-element-2ac8b4c0 e-con-full animated-slow e-flex elementor-invisible e-con e-child\" data-id=\"2ac8b4c0\" data-element_type=\"container\" data-settings=\"{&quot;background_background&quot;:&quot;classic&quot;,&quot;animation&quot;:&quot;fadeInUp&quot;,&quot;sticky&quot;:&quot;top&quot;,&quot;sticky_offset&quot;:50,&quot;sticky_parent&quot;:&quot;yes&quot;,&quot;sticky_on&quot;:[&quot;desktop&quot;,&quot;tablet&quot;,&quot;mobile&quot;],&quot;sticky_effects_offset&quot;:0,&quot;sticky_anchor_link_offset&quot;:0}\">\n\t\t\t\t<div class=\"elementor-element elementor-element-1d168756 elementor-widget elementor-widget-heading\" data-id=\"1d168756\" data-element_type=\"widget\" data-widget_type=\"heading.default\">\n\t\t\t\t<div class=\"elementor-widget-container\">\n\t\t\t\t\t<h2 class=\"elementor-heading-title elementor-size-default\">F\u00fcllen Sie das Formular aus und<\/h2>\t\t\t\t<\/div>\n\t\t\t\t<\/div>\n\t\t\t\t<div class=\"elementor-element elementor-element-74d4ee7d elementor-widget elementor-widget-heading\" data-id=\"74d4ee7d\" data-element_type=\"widget\" data-widget_type=\"heading.default\">\n\t\t\t\t<div class=\"elementor-widget-container\">\n\t\t\t\t\t<h2 class=\"elementor-heading-title elementor-size-default\">wir werden Sie anrufen<\/h2>\t\t\t\t<\/div>\n\t\t\t\t<\/div>\n\t\t\t\t<div class=\"elementor-element elementor-element-6b549641 elementor-button-align-stretch elementor-widget elementor-widget-global elementor-global-4462 elementor-global-1337 elementor-widget-form\" data-id=\"6b549641\" data-element_type=\"widget\" data-settings=\"{&quot;step_next_label&quot;:&quot;Next&quot;,&quot;step_previous_label&quot;:&quot;Previous&quot;,&quot;button_width&quot;:&quot;100&quot;,&quot;step_type&quot;:&quot;number_text&quot;,&quot;step_icon_shape&quot;:&quot;circle&quot;}\" data-widget_type=\"form.default\">\n\t\t\t\t<div class=\"elementor-widget-container\">\n\t\t\t\t\t\t\t<form class=\"elementor-form\" method=\"post\" name=\"New Form\" aria-label=\"New Form\">\n\t\t\t<input type=\"hidden\" name=\"post_id\" value=\"4055\"\/>\n\t\t\t<input type=\"hidden\" name=\"form_id\" value=\"6b549641\"\/>\n\t\t\t<input type=\"hidden\" name=\"referer_title\" value=\"\" \/>\n\n\t\t\t\n\t\t\t<div class=\"elementor-form-fields-wrapper elementor-labels-above\">\n\t\t\t\t\t\t\t\t<div class=\"elementor-field-type-text elementor-field-group elementor-column elementor-field-group-name elementor-col-100 elementor-field-required elementor-mark-required\">\n\t\t\t\t\t\t\t\t\t\t\t\t<label for=\"form-field-name\" class=\"elementor-field-label\">\n\t\t\t\t\t\t\t\tVorname\/Nachname\t\t\t\t\t\t\t<\/label>\n\t\t\t\t\t\t\t\t\t\t\t\t\t\t<input size=\"1\" type=\"text\" name=\"form_fields[name]\" id=\"form-field-name\" class=\"elementor-field elementor-size-sm  elementor-field-textual\" placeholder=\"Emma Hannah\" required=\"required\">\n\t\t\t\t\t\t\t\t\t\t\t<\/div>\n\t\t\t\t\t\t\t\t<div class=\"elementor-field-type-tel elementor-field-group elementor-column elementor-field-group-phone elementor-col-100 elementor-field-required elementor-mark-required\">\n\t\t\t\t\t\t\t\t\t\t\t\t<label for=\"form-field-phone\" class=\"elementor-field-label\">\n\t\t\t\t\t\t\t\tTelefon\t\t\t\t\t\t\t<\/label>\n\t\t\t\t\t\t<span class=\"ccfef-editor-intl-input\" data-id=\"form-field-phone\" data-field-id=\"d7a33a8\" data-default-country=\"DE\" data-include-countries=\"\" data-exclude-countries=\"\" data-dial-code-visibility=\"show\" data-strict-mode=\"no\" style=\"display: none;\"><\/span>\t\t<input size=\"1\" type=\"tel\" name=\"form_fields[phone]\" id=\"form-field-phone\" class=\"elementor-field elementor-size-sm  elementor-field-textual\" placeholder=\"+49 XXX XXX XXXX\" required=\"required\" pattern=\"[0-9()#&amp;+*-=.]+\" title=\"Only numbers and phone characters (#, -, *, etc) are accepted.\">\n\n\t\t\t\t\t\t<\/div>\n\t\t\t\t\t\t\t\t<div class=\"elementor-field-type-email elementor-field-group elementor-column elementor-field-group-email elementor-col-100 elementor-field-required elementor-mark-required\">\n\t\t\t\t\t\t\t\t\t\t\t\t<label for=\"form-field-email\" class=\"elementor-field-label\">\n\t\t\t\t\t\t\t\tIhre E-Mail Adresse\t\t\t\t\t\t\t<\/label>\n\t\t\t\t\t\t\t\t\t\t\t\t\t\t<input size=\"1\" type=\"email\" name=\"form_fields[email]\" id=\"form-field-email\" class=\"elementor-field elementor-size-sm  elementor-field-textual\" placeholder=\"sample@gmail.de\" required=\"required\">\n\t\t\t\t\t\t\t\t\t\t\t<\/div>\n\t\t\t\t\t\t\t\t<div class=\"elementor-field-group elementor-column elementor-field-type-submit elementor-col-100 e-form__buttons\">\n\t\t\t\t\t<button class=\"elementor-button elementor-size-md\" type=\"submit\">\n\t\t\t\t\t\t<span class=\"elementor-button-content-wrapper\">\n\t\t\t\t\t\t\t\t\t\t\t\t\t\t\t\t\t\t\t\t\t\t<span class=\"elementor-button-text\">Senden Sie<\/span>\n\t\t\t\t\t\t\t\t\t\t\t\t\t<\/span>\n\t\t\t\t\t<\/button>\n\t\t\t\t<\/div>\n\t\t\t<\/div>\n\t\t<\/form>\n\t\t\t\t\t\t<\/div>\n\t\t\t\t<\/div>\n\t\t\t\t<\/div>\n\t\t\t\t<\/div>\n\t\t\t\t\t<\/div>\n\t\t\t\t<\/div>\n\t\t<div class=\"elementor-element elementor-element-72ab4540 e-con-full e-flex e-con e-parent\" data-id=\"72ab4540\" data-element_type=\"container\">\n\t\t<div class=\"elementor-element elementor-element-6b5d7c2 e-flex e-con-boxed e-con e-child\" data-id=\"6b5d7c2\" data-element_type=\"container\" data-settings=\"{&quot;background_background&quot;:&quot;classic&quot;}\">\n\t\t\t\t\t<div class=\"e-con-inner\">\n\t\t<div class=\"elementor-element elementor-element-7ac9411c e-con-full e-flex e-con e-child\" data-id=\"7ac9411c\" data-element_type=\"container\">\n\t\t\t\t<div class=\"elementor-element elementor-element-15239e68 elementor-widget elementor-widget-global elementor-global-4393 elementor-global-2204 elementor-widget-heading\" data-id=\"15239e68\" data-element_type=\"widget\" data-widget_type=\"heading.default\">\n\t\t\t\t<div class=\"elementor-widget-container\">\n\t\t\t\t\t<h2 class=\"elementor-heading-title elementor-size-default\">Erfahren Sie die wahre Ursache Ihres Schwindels!<\/h2>\t\t\t\t<\/div>\n\t\t\t\t<\/div>\n\t\t\t\t<div class=\"elementor-element elementor-element-684f6a6f elementor-widget elementor-widget-global elementor-global-4387 elementor-global-2207 elementor-widget-text-editor\" data-id=\"684f6a6f\" data-element_type=\"widget\" data-widget_type=\"text-editor.default\">\n\t\t\t\t<div class=\"elementor-widget-container\">\n\t\t\t\t\t\t\t\t\t<p class=\"p1\">Die Ursache von Schwindel und Gleichgewichtsst\u00f6rungen zu erkennen, ist der erste Schritt zur richtigen Behandlung. Buchen Sie einen Termin f\u00fcr eine individuelle Untersuchung mit unserem Expertenteam und gewinnen Sie Ihre Gesundheit zur\u00fcck.<\/p>\n\t\t\t\t\t\t\t\t<\/div>\n\t\t\t\t<\/div>\n\t\t\t\t<\/div>\n\t\t<div class=\"elementor-element elementor-element-33302cd1 e-con-full e-flex e-con e-child\" data-id=\"33302cd1\" data-element_type=\"container\">\n\t\t\t\t<div class=\"elementor-element elementor-element-5ff8f3de elementor-mobile-align-center elementor-widget elementor-widget-global elementor-global-4399 elementor-global-2201 elementor-widget-button\" data-id=\"5ff8f3de\" data-element_type=\"widget\" data-widget_type=\"button.default\">\n\t\t\t\t<div class=\"elementor-widget-container\">\n\t\t\t\t\t\t\t\t\t<div class=\"elementor-button-wrapper\">\n\t\t\t\t\t<a class=\"elementor-button elementor-button-link elementor-size-sm\" href=\"https:\/\/api.whatsapp.com\/send?phone=905537053650\" target=\"_blank\" rel=\"noopener\">\n\t\t\t\t\t\t<span class=\"elementor-button-content-wrapper\">\n\t\t\t\t\t\t<span class=\"elementor-button-icon\">\n\t\t\t\t<svg aria-hidden=\"true\" class=\"e-font-icon-svg e-far-arrow-alt-circle-right\" viewBox=\"0 0 512 512\" xmlns=\"http:\/\/www.w3.org\/2000\/svg\"><path d=\"M504 256C504 119 393 8 256 8S8 119 8 256s111 248 248 248 248-111 248-248zm-448 0c0-110.5 89.5-200 200-200s200 89.5 200 200-89.5 200-200 200S56 366.5 56 256zm72 20v-40c0-6.6 5.4-12 12-12h116v-67c0-10.7 12.9-16 20.5-8.5l99 99c4.7 4.7 4.7 12.3 0 17l-99 99c-7.6 7.6-20.5 2.2-20.5-8.5v-67H140c-6.6 0-12-5.4-12-12z\"><\/path><\/svg>\t\t\t<\/span>\n\t\t\t\t\t\t\t\t\t<span class=\"elementor-button-text\">Online-Termin<\/span>\n\t\t\t\t\t<\/span>\n\t\t\t\t\t<\/a>\n\t\t\t\t<\/div>\n\t\t\t\t\t\t\t\t<\/div>\n\t\t\t\t<\/div>\n\t\t\t\t<\/div>\n\t\t\t\t\t<\/div>\n\t\t\t\t<\/div>\n\t\t\t\t<\/div>\n\t\t\t\t<\/div>\n\t\t","protected":false},"excerpt":{"rendered":"<p>Die medizinischen Behandlungsmethoden f\u00fcr Schwindel (Vertigo) werden basierend auf der Schwere der Symptome und der zugrunde liegenden Ursache festgelegt. Hier sind die medikament\u00f6sen Behandlungsm\u00f6glichkeiten bei Schwindel im Detail: Online Randevu Vertigonuzun ger\u00e7ek sebebini \u00f6\u011frenin! Ba\u015f d\u00f6nmesi ve dengenizle ilgili sorunlar\u0131n kayna\u011f\u0131n\u0131 anlamak, do\u011fru tedaviye giden ilk ad\u0131md\u0131r. Uzman ekibimizle bireyselle\u015ftirilmi\u015f bir de\u011ferlendirme i\u00e7in randevunuzu al\u0131n [&hellip;]<\/p>\n","protected":false},"author":1,"featured_media":0,"parent":0,"menu_order":0,"comment_status":"closed","ping_status":"closed","template":"","meta":{"rank_math_title":"","rank_math_description":"","rank_math_focus_keyword":"","rank_math_canonical_url":"","rank_math_robots":"","rank_math_primary_category":"","rank_math_facebook_title":"","rank_math_facebook_description":"","rank_math_facebook_image":"","rank_math_twitter_title":"","rank_math_twitter_description":"","rank_math_twitter_image":"","rank_math_rich_snippet":"article","rank_math_snippet_name":"","rank_math_snippet_desc":"","rank_math_snippet_article_type":"","rank_math_news_sitemap_genres":"","rank_math_pillar_content":"","rank_math_seo_score":0,"footnotes":""},"class_list":["post-4055","page","type-page","status-publish","hentry"],"_links":{"self":[{"href":"https:\/\/akdenizvertigomerkezi.com\/de\/wp-json\/wp\/v2\/pages\/4055","targetHints":{"allow":["GET"]}}],"collection":[{"href":"https:\/\/akdenizvertigomerkezi.com\/de\/wp-json\/wp\/v2\/pages"}],"about":[{"href":"https:\/\/akdenizvertigomerkezi.com\/de\/wp-json\/wp\/v2\/types\/page"}],"author":[{"embeddable":true,"href":"https:\/\/akdenizvertigomerkezi.com\/de\/wp-json\/wp\/v2\/users\/1"}],"replies":[{"embeddable":true,"href":"https:\/\/akdenizvertigomerkezi.com\/de\/wp-json\/wp\/v2\/comments?post=4055"}],"version-history":[{"count":0,"href":"https:\/\/akdenizvertigomerkezi.com\/de\/wp-json\/wp\/v2\/pages\/4055\/revisions"}],"wp:attachment":[{"href":"https:\/\/akdenizvertigomerkezi.com\/de\/wp-json\/wp\/v2\/media?parent=4055"}],"curies":[{"name":"wp","href":"https:\/\/api.w.org\/{rel}","templated":true}]}}