{"id":4069,"date":"2024-11-15T17:47:11","date_gmt":"2024-11-15T14:47:11","guid":{"rendered":"https:\/\/akdenizvertigomerkezi.com\/vng-tests\/"},"modified":"2025-02-05T17:51:51","modified_gmt":"2025-02-05T14:51:51","slug":"vng-tests","status":"publish","type":"page","link":"https:\/\/akdenizvertigomerkezi.com\/de\/vng-tests\/","title":{"rendered":"VNG-Tests"},"content":{"rendered":"\t\t<div data-elementor-type=\"wp-page\" data-elementor-id=\"4069\" class=\"elementor elementor-4069 elementor-910\" data-elementor-post-type=\"page\">\n\t\t\t\t<div class=\"elementor-element elementor-element-15b614d0 mesh-test3 e-flex e-con-boxed e-con e-parent\" data-id=\"15b614d0\" data-element_type=\"container\" data-settings=\"{&quot;background_background&quot;:&quot;classic&quot;}\">\n\t\t\t\t\t<div class=\"e-con-inner\">\n\t\t<div class=\"elementor-element elementor-element-5bfc776 e-con-full e-flex e-con e-child\" data-id=\"5bfc776\" data-element_type=\"container\">\n\t\t\t\t<div class=\"elementor-element elementor-element-32ce28f2 elementor-widget__width-inherit elementor-widget-tablet__width-inherit elementor-widget-mobile__width-inherit animated-slow elementor-invisible elementor-widget elementor-widget-page-title\" data-id=\"32ce28f2\" data-element_type=\"widget\" data-settings=\"{&quot;_animation&quot;:&quot;fadeIn&quot;}\" data-widget_type=\"page-title.default\">\n\t\t\t\t<div class=\"elementor-widget-container\">\n\t\t\t\t\t\t\t\n\t\t<div class=\"hfe-page-title hfe-page-title-wrapper elementor-widget-heading\">\n\n\t\t\t\t\t\t\t\t<h1 class=\"elementor-heading-title elementor-size-default\">\n\t\t\t\t\t\t\t\t\n\t\t\t\tVNG-Tests  \n\t\t\t<\/h1 > \n\t\t\t\t\t<\/div>\n\t\t\t\t\t\t<\/div>\n\t\t\t\t<\/div>\n\t\t\t\t<div class=\"elementor-element elementor-element-246b4b87 elementor-widget__width-inherit elementor-widget-mobile__width-inherit elementor-invisible elementor-widget elementor-widget-text-editor\" data-id=\"246b4b87\" data-element_type=\"widget\" data-settings=\"{&quot;_animation&quot;:&quot;fadeIn&quot;,&quot;_animation_delay&quot;:250}\" data-widget_type=\"text-editor.default\">\n\t\t\t\t<div class=\"elementor-widget-container\">\n\t\t\t\t\t\t\t\t\t<p>Die Aufzeichnung der Augenbewegungen eines Patienten mit einer Videokamera wird als VNG (Videonystagmographie) bezeichnet.<\/p>\n\t\t\t\t\t\t\t\t<\/div>\n\t\t\t\t<\/div>\n\t\t\t\t<div class=\"elementor-element elementor-element-7a9f54c2 elementor-hidden-mobile elementor-widget elementor-widget-global elementor-global-4405 elementor-global-919 elementor-widget-button\" data-id=\"7a9f54c2\" data-element_type=\"widget\" data-widget_type=\"button.default\">\n\t\t\t\t<div class=\"elementor-widget-container\">\n\t\t\t\t\t\t\t\t\t<div class=\"elementor-button-wrapper\">\n\t\t\t\t\t<a class=\"elementor-button elementor-button-link elementor-size-sm\" href=\"https:\/\/api.whatsapp.com\/send?phone=905537053650\" target=\"_blank\" rel=\"noopener\">\n\t\t\t\t\t\t<span class=\"elementor-button-content-wrapper\">\n\t\t\t\t\t\t<span class=\"elementor-button-icon\">\n\t\t\t\t<svg aria-hidden=\"true\" class=\"e-font-icon-svg e-far-arrow-alt-circle-right\" viewBox=\"0 0 512 512\" xmlns=\"http:\/\/www.w3.org\/2000\/svg\"><path d=\"M504 256C504 119 393 8 256 8S8 119 8 256s111 248 248 248 248-111 248-248zm-448 0c0-110.5 89.5-200 200-200s200 89.5 200 200-89.5 200-200 200S56 366.5 56 256zm72 20v-40c0-6.6 5.4-12 12-12h116v-67c0-10.7 12.9-16 20.5-8.5l99 99c4.7 4.7 4.7 12.3 0 17l-99 99c-7.6 7.6-20.5 2.2-20.5-8.5v-67H140c-6.6 0-12-5.4-12-12z\"><\/path><\/svg>\t\t\t<\/span>\n\t\t\t\t\t\t\t\t\t<span class=\"elementor-button-text\">Online-Termin<\/span>\n\t\t\t\t\t<\/span>\n\t\t\t\t\t<\/a>\n\t\t\t\t<\/div>\n\t\t\t\t\t\t\t\t<\/div>\n\t\t\t\t<\/div>\n\t\t\t\t<\/div>\n\t\t<div class=\"elementor-element elementor-element-10623ddf e-con-full e-flex e-con e-child\" data-id=\"10623ddf\" data-element_type=\"container\">\n\t\t\t\t<div class=\"elementor-element elementor-element-5e3f6686 elementor-widget elementor-widget-global elementor-global-2157 elementor-widget-image\" data-id=\"5e3f6686\" data-element_type=\"widget\" data-widget_type=\"image.default\">\n\t\t\t\t<div class=\"elementor-widget-container\">\n\t\t\t\t\t\t\t\t\t\t\t\t\t\t\t<img fetchpriority=\"high\" decoding=\"async\" width=\"750\" height=\"567\" src=\"https:\/\/akdenizvertigomerkezi.com\/wp-content\/uploads\/head-image-avm-final-2025.png\" class=\"attachment-large size-large wp-image-3355\" alt=\"Head image avm final 2025\" srcset=\"https:\/\/akdenizvertigomerkezi.com\/wp-content\/uploads\/head-image-avm-final-2025.png 750w, https:\/\/akdenizvertigomerkezi.com\/wp-content\/uploads\/head-image-avm-final-2025-300x227.png 300w\" sizes=\"(max-width: 750px) 100vw, 750px\" \/>\t\t\t\t\t\t\t\t\t\t\t\t\t\t\t<\/div>\n\t\t\t\t<\/div>\n\t\t\t\t<\/div>\n\t\t\t\t\t<\/div>\n\t\t\t\t<\/div>\n\t\t<div class=\"elementor-element elementor-element-303551a e-con-full elementor-hidden-desktop elementor-hidden-tablet e-flex e-con e-parent\" data-id=\"303551a\" data-element_type=\"container\">\n\t\t<div class=\"elementor-element elementor-element-6517bb4 e-flex e-con-boxed e-con e-child\" data-id=\"6517bb4\" data-element_type=\"container\" data-settings=\"{&quot;background_background&quot;:&quot;classic&quot;}\">\n\t\t\t\t\t<div class=\"e-con-inner\">\n\t\t<div class=\"elementor-element elementor-element-d8ecad1 e-con-full e-flex e-con e-child\" data-id=\"d8ecad1\" data-element_type=\"container\">\n\t\t\t\t<div class=\"elementor-element elementor-element-a0ee7e3 elementor-widget elementor-widget-global elementor-global-4393 elementor-global-2204 elementor-widget-heading\" data-id=\"a0ee7e3\" data-element_type=\"widget\" data-widget_type=\"heading.default\">\n\t\t\t\t<div class=\"elementor-widget-container\">\n\t\t\t\t\t<h2 class=\"elementor-heading-title elementor-size-default\">Erfahren Sie die wahre Ursache Ihres Schwindels!<\/h2>\t\t\t\t<\/div>\n\t\t\t\t<\/div>\n\t\t\t\t<div class=\"elementor-element elementor-element-ed43792 elementor-widget elementor-widget-global elementor-global-4387 elementor-global-2207 elementor-widget-text-editor\" data-id=\"ed43792\" data-element_type=\"widget\" data-widget_type=\"text-editor.default\">\n\t\t\t\t<div class=\"elementor-widget-container\">\n\t\t\t\t\t\t\t\t\t<p class=\"p1\">Die Ursache von Schwindel und Gleichgewichtsst\u00f6rungen zu erkennen, ist der erste Schritt zur richtigen Behandlung. Buchen Sie einen Termin f\u00fcr eine individuelle Untersuchung mit unserem Expertenteam und gewinnen Sie Ihre Gesundheit zur\u00fcck.<\/p>\n\t\t\t\t\t\t\t\t<\/div>\n\t\t\t\t<\/div>\n\t\t\t\t<\/div>\n\t\t<div class=\"elementor-element elementor-element-c952110 e-con-full e-flex e-con e-child\" data-id=\"c952110\" data-element_type=\"container\">\n\t\t\t\t<div class=\"elementor-element elementor-element-61ab188 elementor-mobile-align-center elementor-widget elementor-widget-global elementor-global-4399 elementor-global-2201 elementor-widget-button\" data-id=\"61ab188\" data-element_type=\"widget\" data-widget_type=\"button.default\">\n\t\t\t\t<div class=\"elementor-widget-container\">\n\t\t\t\t\t\t\t\t\t<div class=\"elementor-button-wrapper\">\n\t\t\t\t\t<a class=\"elementor-button elementor-button-link elementor-size-sm\" href=\"https:\/\/api.whatsapp.com\/send?phone=905537053650\" target=\"_blank\" rel=\"noopener\">\n\t\t\t\t\t\t<span class=\"elementor-button-content-wrapper\">\n\t\t\t\t\t\t<span class=\"elementor-button-icon\">\n\t\t\t\t<svg aria-hidden=\"true\" class=\"e-font-icon-svg e-far-arrow-alt-circle-right\" viewBox=\"0 0 512 512\" xmlns=\"http:\/\/www.w3.org\/2000\/svg\"><path d=\"M504 256C504 119 393 8 256 8S8 119 8 256s111 248 248 248 248-111 248-248zm-448 0c0-110.5 89.5-200 200-200s200 89.5 200 200-89.5 200-200 200S56 366.5 56 256zm72 20v-40c0-6.6 5.4-12 12-12h116v-67c0-10.7 12.9-16 20.5-8.5l99 99c4.7 4.7 4.7 12.3 0 17l-99 99c-7.6 7.6-20.5 2.2-20.5-8.5v-67H140c-6.6 0-12-5.4-12-12z\"><\/path><\/svg>\t\t\t<\/span>\n\t\t\t\t\t\t\t\t\t<span class=\"elementor-button-text\">Online-Termin<\/span>\n\t\t\t\t\t<\/span>\n\t\t\t\t\t<\/a>\n\t\t\t\t<\/div>\n\t\t\t\t\t\t\t\t<\/div>\n\t\t\t\t<\/div>\n\t\t\t\t<\/div>\n\t\t\t\t\t<\/div>\n\t\t\t\t<\/div>\n\t\t\t\t<\/div>\n\t\t<div class=\"elementor-element elementor-element-1ca5d7e9 e-flex e-con-boxed e-con e-parent\" data-id=\"1ca5d7e9\" data-element_type=\"container\">\n\t\t\t\t\t<div class=\"e-con-inner\">\n\t\t\t\t<div class=\"elementor-element elementor-element-c454924 elementor-toc--minimized-on-desktop elementor-widget elementor-widget-table-of-contents\" data-id=\"c454924\" data-element_type=\"widget\" data-settings=\"{&quot;minimized_on&quot;:&quot;desktop&quot;,&quot;no_headings_message&quot;:&quot;Bu sayfada ba\\u015fl\\u0131k bulunamad\\u0131.&quot;,&quot;headings_by_tags&quot;:[&quot;h2&quot;,&quot;h3&quot;,&quot;h4&quot;,&quot;h5&quot;,&quot;h6&quot;],&quot;exclude_headings_by_selector&quot;:[],&quot;marker_view&quot;:&quot;numbers&quot;,&quot;minimize_box&quot;:&quot;yes&quot;,&quot;hierarchical_view&quot;:&quot;yes&quot;,&quot;min_height&quot;:{&quot;unit&quot;:&quot;px&quot;,&quot;size&quot;:&quot;&quot;,&quot;sizes&quot;:[]},&quot;min_height_tablet&quot;:{&quot;unit&quot;:&quot;px&quot;,&quot;size&quot;:&quot;&quot;,&quot;sizes&quot;:[]},&quot;min_height_mobile&quot;:{&quot;unit&quot;:&quot;px&quot;,&quot;size&quot;:&quot;&quot;,&quot;sizes&quot;:[]}}\" data-widget_type=\"table-of-contents.default\">\n\t\t\t\t<div class=\"elementor-widget-container\">\n\t\t\t\t\t\t\t\t\t<div class=\"elementor-toc__header\">\n\t\t\t\t\t\t<div class=\"elementor-toc__header-title\">\n\t\t\t\t\u0130\u00e7indekiler\t\t\t<\/div>\n\t\t\t\t\t\t\t\t\t\t<div class=\"elementor-toc__toggle-button elementor-toc__toggle-button--expand\" role=\"button\" tabindex=\"0\" aria-controls=\"elementor-toc__c454924\" aria-expanded=\"true\" aria-label=\"Open table of contents\"><svg aria-hidden=\"true\" class=\"e-font-icon-svg e-fas-chevron-down\" viewBox=\"0 0 448 512\" xmlns=\"http:\/\/www.w3.org\/2000\/svg\"><path d=\"M207.029 381.476L12.686 187.132c-9.373-9.373-9.373-24.569 0-33.941l22.667-22.667c9.357-9.357 24.522-9.375 33.901-.04L224 284.505l154.745-154.021c9.379-9.335 24.544-9.317 33.901.04l22.667 22.667c9.373 9.373 9.373 24.569 0 33.941L240.971 381.476c-9.373 9.372-24.569 9.372-33.942 0z\"><\/path><\/svg><\/div>\n\t\t\t\t<div class=\"elementor-toc__toggle-button elementor-toc__toggle-button--collapse\" role=\"button\" tabindex=\"0\" aria-controls=\"elementor-toc__c454924\" aria-expanded=\"true\" aria-label=\"Close table of contents\"><svg aria-hidden=\"true\" class=\"e-font-icon-svg e-fas-chevron-up\" viewBox=\"0 0 448 512\" xmlns=\"http:\/\/www.w3.org\/2000\/svg\"><path d=\"M240.971 130.524l194.343 194.343c9.373 9.373 9.373 24.569 0 33.941l-22.667 22.667c-9.357 9.357-24.522 9.375-33.901.04L224 227.495 69.255 381.516c-9.379 9.335-24.544 9.317-33.901-.04l-22.667-22.667c-9.373-9.373-9.373-24.569 0-33.941L207.03 130.525c9.372-9.373 24.568-9.373 33.941-.001z\"><\/path><\/svg><\/div>\n\t\t\t\t\t<\/div>\n\t\t\t\t<div id=\"elementor-toc__c454924\" class=\"elementor-toc__body\">\n\t\t\t<div class=\"elementor-toc__spinner-container\">\n\t\t\t\t<svg class=\"elementor-toc__spinner eicon-animation-spin e-font-icon-svg e-eicon-loading\" aria-hidden=\"true\" viewBox=\"0 0 1000 1000\" xmlns=\"http:\/\/www.w3.org\/2000\/svg\"><path d=\"M500 975V858C696 858 858 696 858 500S696 142 500 142 142 304 142 500H25C25 237 238 25 500 25S975 237 975 500 763 975 500 975Z\"><\/path><\/svg>\t\t\t<\/div>\n\t\t<\/div>\n\t\t\t\t\t\t<\/div>\n\t\t\t\t<\/div>\n\t\t<div class=\"elementor-element elementor-element-2988ff6 e-con-full e-flex e-con e-child\" data-id=\"2988ff6\" data-element_type=\"container\">\n\t\t\t\t<div class=\"elementor-element elementor-element-8fd8609 elementor-widget elementor-widget-text-editor\" data-id=\"8fd8609\" data-element_type=\"widget\" data-widget_type=\"text-editor.default\">\n\t\t\t\t<div class=\"elementor-widget-container\">\n\t\t\t\t\t\t\t\t\t<p>VNG-Tests sind detaillierte Untersuchungen, die auf der Aufzeichnung von Augenbewegungen basieren, die durch visuelle Reize erzeugt werden, und die funktionelle Analyse der vestibulo-okul\u00e4ren Reflexwege (VOR) zum Ziel haben.<\/p>\n<p>VNG-Tests umfassen die Verwendung eines speziellen Ger\u00e4ts, bei dem eine Brille mit Kameras, die an ein Computersystem angeschlossen sind, aufgesetzt wird. Diese misst Augen- und Kopfbewegungen, um die Funktionen der Gleichgewichtsorgane, des Gehirns und des Kleinhirns zu bewerten.<\/p>\n<p>Diese Tests sind besonders wichtig, um die Seite und den Ort von L\u00e4sionen bei Patienten zu bestimmen, die \u00fcber Schwindel (Vertigo), Gleichgewichtsst\u00f6rungen (Dizziness), Unsicherheit (Unsteadiness) oder Ataxie klagen.<\/p>\n<p><img decoding=\"async\" class=\"alignnone size-full wp-image-931\" src=\"https:\/\/akdenizvertigomerkezi.com\/wp-content\/uploads\/vng-testi-antalya.jpg\" alt=\"\" width=\"1392\" height=\"650\" srcset=\"https:\/\/akdenizvertigomerkezi.com\/wp-content\/uploads\/vng-testi-antalya.jpg 1392w, https:\/\/akdenizvertigomerkezi.com\/wp-content\/uploads\/vng-testi-antalya-300x140.jpg 300w, https:\/\/akdenizvertigomerkezi.com\/wp-content\/uploads\/vng-testi-antalya-1024x478.jpg 1024w, https:\/\/akdenizvertigomerkezi.com\/wp-content\/uploads\/vng-testi-antalya-768x359.jpg 768w\" sizes=\"(max-width: 1392px) 100vw, 1392px\" \/><\/p>\n<h2>Untertests der VNG:<\/h2>\n<ol>\n<li><strong>Blicktests (Gaze Tests):<\/strong> Diese Tests dienen dazu, das Vorhandensein von Augenbewegungen (Nystagmus) w\u00e4hrend visueller Reize festzustellen.<\/li>\n<li><strong>Skew-Deviation-Test:<\/strong> Liefert wichtige Informationen \u00fcber otolith-okul\u00e4re Bahnen.<\/li>\n<li><strong>Kopfsch\u00fcttel-Test (Head Shaking Test):<\/strong> Der Test wird durchgef\u00fchrt, indem die Testbrille (Goggles) geschlossen wird. Der Audiologe bewegt den Kopf des Patienten mit gleichm\u00e4\u00dfiger Geschwindigkeit von rechts nach links. Der Kliniker stoppt die Kopfbewegung und fordert den Patienten auf, die Augen offen zu halten. Beobachtete Augenbewegungen (Nystagmus) helfen bei der Diagnose peripherer vestibul\u00e4rer Funktionsst\u00f6rungen.<\/li>\n<li><strong>Spontan-Nystagmus-Test:<\/strong> Einer der wichtigsten Hinweise auf eine vestibul\u00e4re Funktionsst\u00f6rung. In diesem Test wird die Testbrille geschlossen, und Augenbewegungen, die spontan in v\u00f6lliger Dunkelheit ohne visuelle Reize auftreten, werden aufgezeichnet. Dies hilft bei der Diagnose peripherer vestibul\u00e4rer St\u00f6rungen.<\/li>\n<li><strong>Sakkaden-Test:<\/strong> Wird verwendet, um die Anpassung des zentralen Nervensystems an schnelle Augenbewegungen zu beurteilen.<\/li>\n<li><strong>VVOR- und VORS-Tests:<\/strong> Diese Tests dienen dazu, vestibul\u00e4re und zerebell\u00e4re Pathologien gleichzeitig zu testen. Sie diagnostizieren vestibulozerebell\u00e4re Erkrankungen, indem sie das Vorhandensein oder Fehlen sakkadischer Augenbewegungen beobachten.<\/li>\n<\/ol>\n<h3><strong>Zweck der VNG-Tests<\/strong><\/h3>\n<p>VNG-Tests sind besonders hilfreich, um festzustellen, ob die Erkrankung vom Innenohr oder vom zentralen Nervensystem (Kleinhirn) ausgeht.<\/p>\n\t\t\t\t\t\t\t\t<\/div>\n\t\t\t\t<\/div>\n\t\t\t\t<div class=\"elementor-element elementor-element-da658b4 elementor-widget elementor-widget-shortcode\" data-id=\"da658b4\" data-element_type=\"widget\" data-widget_type=\"shortcode.default\">\n\t\t\t\t<div class=\"elementor-widget-container\">\n\t\t\t\t\t\t\t<div class=\"elementor-shortcode\"><\/div>\n\t\t\t\t\t\t<\/div>\n\t\t\t\t<\/div>\n\t\t\t\t<\/div>\n\t\t<div class=\"elementor-element elementor-element-2c79c77a e-con-full e-flex e-con e-child\" data-id=\"2c79c77a\" data-element_type=\"container\">\n\t\t<div class=\"elementor-element elementor-element-365d3421 e-con-full animated-slow e-flex elementor-invisible e-con e-child\" data-id=\"365d3421\" data-element_type=\"container\" data-settings=\"{&quot;background_background&quot;:&quot;classic&quot;,&quot;animation&quot;:&quot;fadeInUp&quot;,&quot;sticky&quot;:&quot;top&quot;,&quot;sticky_offset&quot;:50,&quot;sticky_parent&quot;:&quot;yes&quot;,&quot;sticky_on&quot;:[&quot;desktop&quot;,&quot;tablet&quot;,&quot;mobile&quot;],&quot;sticky_effects_offset&quot;:0,&quot;sticky_anchor_link_offset&quot;:0}\">\n\t\t\t\t<div class=\"elementor-element elementor-element-56cf2347 elementor-widget elementor-widget-heading\" data-id=\"56cf2347\" data-element_type=\"widget\" data-widget_type=\"heading.default\">\n\t\t\t\t<div class=\"elementor-widget-container\">\n\t\t\t\t\t<h2 class=\"elementor-heading-title elementor-size-default\">F\u00fcllen Sie das Formular aus und<\/h2>\t\t\t\t<\/div>\n\t\t\t\t<\/div>\n\t\t\t\t<div class=\"elementor-element elementor-element-7ad666f elementor-widget elementor-widget-heading\" data-id=\"7ad666f\" data-element_type=\"widget\" data-widget_type=\"heading.default\">\n\t\t\t\t<div class=\"elementor-widget-container\">\n\t\t\t\t\t<h2 class=\"elementor-heading-title elementor-size-default\">wir werden Sie anrufen<\/h2>\t\t\t\t<\/div>\n\t\t\t\t<\/div>\n\t\t\t\t<div class=\"elementor-element elementor-element-29152f25 elementor-button-align-stretch elementor-widget elementor-widget-global elementor-global-4462 elementor-global-1337 elementor-widget-form\" data-id=\"29152f25\" data-element_type=\"widget\" data-settings=\"{&quot;step_next_label&quot;:&quot;Next&quot;,&quot;step_previous_label&quot;:&quot;Previous&quot;,&quot;button_width&quot;:&quot;100&quot;,&quot;step_type&quot;:&quot;number_text&quot;,&quot;step_icon_shape&quot;:&quot;circle&quot;}\" data-widget_type=\"form.default\">\n\t\t\t\t<div class=\"elementor-widget-container\">\n\t\t\t\t\t\t\t<form class=\"elementor-form\" method=\"post\" name=\"New Form\" aria-label=\"New Form\">\n\t\t\t<input type=\"hidden\" name=\"post_id\" value=\"4069\"\/>\n\t\t\t<input type=\"hidden\" name=\"form_id\" value=\"29152f25\"\/>\n\t\t\t<input type=\"hidden\" name=\"referer_title\" value=\"\" \/>\n\n\t\t\t\n\t\t\t<div class=\"elementor-form-fields-wrapper elementor-labels-above\">\n\t\t\t\t\t\t\t\t<div class=\"elementor-field-type-text elementor-field-group elementor-column elementor-field-group-name elementor-col-100 elementor-field-required elementor-mark-required\">\n\t\t\t\t\t\t\t\t\t\t\t\t<label for=\"form-field-name\" class=\"elementor-field-label\">\n\t\t\t\t\t\t\t\tVorname\/Nachname\t\t\t\t\t\t\t<\/label>\n\t\t\t\t\t\t\t\t\t\t\t\t\t\t<input size=\"1\" type=\"text\" name=\"form_fields[name]\" id=\"form-field-name\" class=\"elementor-field elementor-size-sm  elementor-field-textual\" placeholder=\"Emma Hannah\" required=\"required\">\n\t\t\t\t\t\t\t\t\t\t\t<\/div>\n\t\t\t\t\t\t\t\t<div class=\"elementor-field-type-tel elementor-field-group elementor-column elementor-field-group-phone elementor-col-100 elementor-field-required elementor-mark-required\">\n\t\t\t\t\t\t\t\t\t\t\t\t<label for=\"form-field-phone\" class=\"elementor-field-label\">\n\t\t\t\t\t\t\t\tTelefon\t\t\t\t\t\t\t<\/label>\n\t\t\t\t\t\t<span class=\"ccfef-editor-intl-input\" data-id=\"form-field-phone\" data-field-id=\"d7a33a8\" data-default-country=\"DE\" data-include-countries=\"\" data-exclude-countries=\"\" data-dial-code-visibility=\"show\" data-strict-mode=\"no\" style=\"display: none;\"><\/span>\t\t<input size=\"1\" type=\"tel\" name=\"form_fields[phone]\" id=\"form-field-phone\" class=\"elementor-field elementor-size-sm  elementor-field-textual\" placeholder=\"+49 XXX XXX XXXX\" required=\"required\" pattern=\"[0-9()#&amp;+*-=.]+\" title=\"Only numbers and phone characters (#, -, *, etc) are accepted.\">\n\n\t\t\t\t\t\t<\/div>\n\t\t\t\t\t\t\t\t<div class=\"elementor-field-type-email elementor-field-group elementor-column elementor-field-group-email elementor-col-100 elementor-field-required elementor-mark-required\">\n\t\t\t\t\t\t\t\t\t\t\t\t<label for=\"form-field-email\" class=\"elementor-field-label\">\n\t\t\t\t\t\t\t\tIhre E-Mail Adresse\t\t\t\t\t\t\t<\/label>\n\t\t\t\t\t\t\t\t\t\t\t\t\t\t<input size=\"1\" type=\"email\" name=\"form_fields[email]\" id=\"form-field-email\" class=\"elementor-field elementor-size-sm  elementor-field-textual\" placeholder=\"sample@gmail.de\" required=\"required\">\n\t\t\t\t\t\t\t\t\t\t\t<\/div>\n\t\t\t\t\t\t\t\t<div class=\"elementor-field-group elementor-column elementor-field-type-submit elementor-col-100 e-form__buttons\">\n\t\t\t\t\t<button class=\"elementor-button elementor-size-md\" type=\"submit\">\n\t\t\t\t\t\t<span class=\"elementor-button-content-wrapper\">\n\t\t\t\t\t\t\t\t\t\t\t\t\t\t\t\t\t\t\t\t\t\t<span class=\"elementor-button-text\">Senden Sie<\/span>\n\t\t\t\t\t\t\t\t\t\t\t\t\t<\/span>\n\t\t\t\t\t<\/button>\n\t\t\t\t<\/div>\n\t\t\t<\/div>\n\t\t<\/form>\n\t\t\t\t\t\t<\/div>\n\t\t\t\t<\/div>\n\t\t\t\t<\/div>\n\t\t\t\t<\/div>\n\t\t\t\t\t<\/div>\n\t\t\t\t<\/div>\n\t\t<div class=\"elementor-element elementor-element-0173d4d e-con-full e-flex e-con e-parent\" data-id=\"0173d4d\" data-element_type=\"container\">\n\t\t<div class=\"elementor-element elementor-element-3428e1b e-flex e-con-boxed e-con e-child\" data-id=\"3428e1b\" data-element_type=\"container\" data-settings=\"{&quot;background_background&quot;:&quot;classic&quot;}\">\n\t\t\t\t\t<div class=\"e-con-inner\">\n\t\t<div class=\"elementor-element elementor-element-2713c44 e-con-full e-flex e-con e-child\" data-id=\"2713c44\" data-element_type=\"container\">\n\t\t\t\t<div class=\"elementor-element elementor-element-6b6fbb9 elementor-widget elementor-widget-global elementor-global-4393 elementor-global-2204 elementor-widget-heading\" data-id=\"6b6fbb9\" data-element_type=\"widget\" data-widget_type=\"heading.default\">\n\t\t\t\t<div class=\"elementor-widget-container\">\n\t\t\t\t\t<h2 class=\"elementor-heading-title elementor-size-default\">Erfahren Sie die wahre Ursache Ihres Schwindels!<\/h2>\t\t\t\t<\/div>\n\t\t\t\t<\/div>\n\t\t\t\t<div class=\"elementor-element elementor-element-3516beb elementor-widget elementor-widget-global elementor-global-4387 elementor-global-2207 elementor-widget-text-editor\" data-id=\"3516beb\" data-element_type=\"widget\" data-widget_type=\"text-editor.default\">\n\t\t\t\t<div class=\"elementor-widget-container\">\n\t\t\t\t\t\t\t\t\t<p class=\"p1\">Die Ursache von Schwindel und Gleichgewichtsst\u00f6rungen zu erkennen, ist der erste Schritt zur richtigen Behandlung. Buchen Sie einen Termin f\u00fcr eine individuelle Untersuchung mit unserem Expertenteam und gewinnen Sie Ihre Gesundheit zur\u00fcck.<\/p>\n\t\t\t\t\t\t\t\t<\/div>\n\t\t\t\t<\/div>\n\t\t\t\t<\/div>\n\t\t<div class=\"elementor-element elementor-element-9029b55 e-con-full e-flex e-con e-child\" data-id=\"9029b55\" data-element_type=\"container\">\n\t\t\t\t<div class=\"elementor-element elementor-element-01b6b33 elementor-mobile-align-center elementor-widget elementor-widget-global elementor-global-4399 elementor-global-2201 elementor-widget-button\" data-id=\"01b6b33\" data-element_type=\"widget\" data-widget_type=\"button.default\">\n\t\t\t\t<div class=\"elementor-widget-container\">\n\t\t\t\t\t\t\t\t\t<div class=\"elementor-button-wrapper\">\n\t\t\t\t\t<a class=\"elementor-button elementor-button-link elementor-size-sm\" href=\"https:\/\/api.whatsapp.com\/send?phone=905537053650\" target=\"_blank\" rel=\"noopener\">\n\t\t\t\t\t\t<span class=\"elementor-button-content-wrapper\">\n\t\t\t\t\t\t<span class=\"elementor-button-icon\">\n\t\t\t\t<svg aria-hidden=\"true\" class=\"e-font-icon-svg e-far-arrow-alt-circle-right\" viewBox=\"0 0 512 512\" xmlns=\"http:\/\/www.w3.org\/2000\/svg\"><path d=\"M504 256C504 119 393 8 256 8S8 119 8 256s111 248 248 248 248-111 248-248zm-448 0c0-110.5 89.5-200 200-200s200 89.5 200 200-89.5 200-200 200S56 366.5 56 256zm72 20v-40c0-6.6 5.4-12 12-12h116v-67c0-10.7 12.9-16 20.5-8.5l99 99c4.7 4.7 4.7 12.3 0 17l-99 99c-7.6 7.6-20.5 2.2-20.5-8.5v-67H140c-6.6 0-12-5.4-12-12z\"><\/path><\/svg>\t\t\t<\/span>\n\t\t\t\t\t\t\t\t\t<span class=\"elementor-button-text\">Online-Termin<\/span>\n\t\t\t\t\t<\/span>\n\t\t\t\t\t<\/a>\n\t\t\t\t<\/div>\n\t\t\t\t\t\t\t\t<\/div>\n\t\t\t\t<\/div>\n\t\t\t\t<\/div>\n\t\t\t\t\t<\/div>\n\t\t\t\t<\/div>\n\t\t\t\t<\/div>\n\t\t\t\t<\/div>\n\t\t","protected":false},"excerpt":{"rendered":"<p>Die Aufzeichnung der Augenbewegungen eines Patienten mit einer Videokamera wird als VNG (Videonystagmographie) bezeichnet. Online Randevu Vng Tests: Klinik De\u011ferlendirme Vng Tests konusu, vertigo ve denge bozukluklar\u0131 alan\u0131nda dikkatle ele al\u0131nmas\u0131 gereken bir ba\u015fl\u0131kt\u0131r. Bu rehberde vng tests ile ilgili g\u00fcncel klinik bilgi, tan\u0131 yakla\u015f\u0131m\u0131 ve tedavi se\u00e7enekleri Prof. Dr. Mustafa Deniz Y\u0131lmaz taraf\u0131ndan sunulmaktad\u0131r. [&hellip;]<\/p>\n","protected":false},"author":1,"featured_media":6891,"parent":0,"menu_order":0,"comment_status":"closed","ping_status":"closed","template":"","meta":{"rank_math_title":"","rank_math_description":"","rank_math_focus_keyword":"vng tests","rank_math_canonical_url":"","rank_math_robots":"","rank_math_primary_category":"","rank_math_facebook_title":"","rank_math_facebook_description":"","rank_math_facebook_image":"","rank_math_twitter_title":"","rank_math_twitter_description":"","rank_math_twitter_image":"","rank_math_rich_snippet":"article","rank_math_snippet_name":"","rank_math_snippet_desc":"","rank_math_snippet_article_type":"","rank_math_news_sitemap_genres":"","rank_math_pillar_content":"","rank_math_seo_score":24,"footnotes":""},"class_list":["post-4069","page","type-page","status-publish","has-post-thumbnail","hentry"],"_links":{"self":[{"href":"https:\/\/akdenizvertigomerkezi.com\/de\/wp-json\/wp\/v2\/pages\/4069","targetHints":{"allow":["GET"]}}],"collection":[{"href":"https:\/\/akdenizvertigomerkezi.com\/de\/wp-json\/wp\/v2\/pages"}],"about":[{"href":"https:\/\/akdenizvertigomerkezi.com\/de\/wp-json\/wp\/v2\/types\/page"}],"author":[{"embeddable":true,"href":"https:\/\/akdenizvertigomerkezi.com\/de\/wp-json\/wp\/v2\/users\/1"}],"replies":[{"embeddable":true,"href":"https:\/\/akdenizvertigomerkezi.com\/de\/wp-json\/wp\/v2\/comments?post=4069"}],"version-history":[{"count":0,"href":"https:\/\/akdenizvertigomerkezi.com\/de\/wp-json\/wp\/v2\/pages\/4069\/revisions"}],"wp:featuredmedia":[{"embeddable":true,"href":"https:\/\/akdenizvertigomerkezi.com\/de\/wp-json\/wp\/v2\/media\/6891"}],"wp:attachment":[{"href":"https:\/\/akdenizvertigomerkezi.com\/de\/wp-json\/wp\/v2\/media?parent=4069"}],"curies":[{"name":"wp","href":"https:\/\/api.w.org\/{rel}","templated":true}]}}