{"id":4145,"date":"2024-11-19T12:10:37","date_gmt":"2024-11-19T09:10:37","guid":{"rendered":"https:\/\/akdenizvertigomerkezi.com\/benigner-paroxysmaler-lagerungsschwindel-bppv-kristallverschiebung\/"},"modified":"2025-03-18T19:40:38","modified_gmt":"2025-03-18T16:40:38","slug":"benigner-paroxysmaler-lagerungsschwindel-bppv-kristallverschiebung","status":"publish","type":"page","link":"https:\/\/akdenizvertigomerkezi.com\/de\/benigner-paroxysmaler-lagerungsschwindel-bppv-kristallverschiebung\/","title":{"rendered":"Benigner Paroxysmaler Lagerungsschwindel"},"content":{"rendered":"\t\t<div data-elementor-type=\"wp-page\" data-elementor-id=\"4145\" class=\"elementor elementor-4145 elementor-1104\" data-elementor-post-type=\"page\">\n\t\t\t\t<div class=\"elementor-element elementor-element-4bab2849 mesh-test3 e-flex e-con-boxed e-con e-parent\" data-id=\"4bab2849\" data-element_type=\"container\" data-settings=\"{&quot;background_background&quot;:&quot;classic&quot;}\">\n\t\t\t\t\t<div class=\"e-con-inner\">\n\t\t<div class=\"elementor-element elementor-element-4ea0fde3 e-con-full e-flex e-con e-child\" data-id=\"4ea0fde3\" data-element_type=\"container\">\n\t\t\t\t<div class=\"elementor-element elementor-element-1f0c6f1 elementor-widget__width-inherit elementor-widget-tablet__width-inherit elementor-widget-mobile__width-inherit animated-slow elementor-invisible elementor-widget elementor-widget-page-title\" data-id=\"1f0c6f1\" data-element_type=\"widget\" data-settings=\"{&quot;_animation&quot;:&quot;fadeIn&quot;}\" data-widget_type=\"page-title.default\">\n\t\t\t\t<div class=\"elementor-widget-container\">\n\t\t\t\t\t\t\t\n\t\t<div class=\"hfe-page-title hfe-page-title-wrapper elementor-widget-heading\">\n\n\t\t\t\t\t\t\t\t<h1 class=\"elementor-heading-title elementor-size-default\">\n\t\t\t\t\t\t\t\t\n\t\t\t\tBenigner Paroxysmaler Lagerungsschwindel  \n\t\t\t<\/h1 > \n\t\t\t\t\t<\/div>\n\t\t\t\t\t\t<\/div>\n\t\t\t\t<\/div>\n\t\t\t\t<div class=\"elementor-element elementor-element-4f771775 elementor-widget__width-inherit elementor-widget-mobile__width-inherit elementor-invisible elementor-widget elementor-widget-text-editor\" data-id=\"4f771775\" data-element_type=\"widget\" data-settings=\"{&quot;_animation&quot;:&quot;fadeIn&quot;,&quot;_animation_delay&quot;:250}\" data-widget_type=\"text-editor.default\">\n\t\t\t\t<div class=\"elementor-widget-container\">\n\t\t\t\t\t\t\t\t\t<p>Kristallverschiebung (Benigner paroxysmaler Lagerungsschwindel &#8211; BPPV) ist eine h\u00e4ufige Ursache f\u00fcr Schwindel, der durch die Verschiebung von Kristallen (Otolithen) im Gleichgewichtsorgan im Ohr verursacht wird.<\/p>\n\t\t\t\t\t\t\t\t<\/div>\n\t\t\t\t<\/div>\n\t\t\t\t<div class=\"elementor-element elementor-element-837e620 elementor-hidden-mobile elementor-widget elementor-widget-global elementor-global-4405 elementor-global-919 elementor-widget-button\" data-id=\"837e620\" data-element_type=\"widget\" data-widget_type=\"button.default\">\n\t\t\t\t<div class=\"elementor-widget-container\">\n\t\t\t\t\t\t\t\t\t<div class=\"elementor-button-wrapper\">\n\t\t\t\t\t<a class=\"elementor-button elementor-button-link elementor-size-sm\" href=\"https:\/\/api.whatsapp.com\/send?phone=905537053650\" target=\"_blank\" rel=\"noopener\">\n\t\t\t\t\t\t<span class=\"elementor-button-content-wrapper\">\n\t\t\t\t\t\t<span class=\"elementor-button-icon\">\n\t\t\t\t<svg aria-hidden=\"true\" class=\"e-font-icon-svg e-far-arrow-alt-circle-right\" viewBox=\"0 0 512 512\" xmlns=\"http:\/\/www.w3.org\/2000\/svg\"><path d=\"M504 256C504 119 393 8 256 8S8 119 8 256s111 248 248 248 248-111 248-248zm-448 0c0-110.5 89.5-200 200-200s200 89.5 200 200-89.5 200-200 200S56 366.5 56 256zm72 20v-40c0-6.6 5.4-12 12-12h116v-67c0-10.7 12.9-16 20.5-8.5l99 99c4.7 4.7 4.7 12.3 0 17l-99 99c-7.6 7.6-20.5 2.2-20.5-8.5v-67H140c-6.6 0-12-5.4-12-12z\"><\/path><\/svg>\t\t\t<\/span>\n\t\t\t\t\t\t\t\t\t<span class=\"elementor-button-text\">Online-Termin<\/span>\n\t\t\t\t\t<\/span>\n\t\t\t\t\t<\/a>\n\t\t\t\t<\/div>\n\t\t\t\t\t\t\t\t<\/div>\n\t\t\t\t<\/div>\n\t\t\t\t<\/div>\n\t\t<div class=\"elementor-element elementor-element-78599632 e-con-full e-flex e-con e-child\" data-id=\"78599632\" data-element_type=\"container\">\n\t\t\t\t<div class=\"elementor-element elementor-element-68971ac4 elementor-widget elementor-widget-global elementor-global-2157 elementor-widget-image\" data-id=\"68971ac4\" data-element_type=\"widget\" data-widget_type=\"image.default\">\n\t\t\t\t<div class=\"elementor-widget-container\">\n\t\t\t\t\t\t\t\t\t\t\t\t\t\t\t<img fetchpriority=\"high\" decoding=\"async\" width=\"750\" height=\"567\" src=\"https:\/\/akdenizvertigomerkezi.com\/wp-content\/uploads\/head-image-avm-final-2025.png\" class=\"attachment-large size-large wp-image-3355\" alt=\"Head image avm final 2025\" srcset=\"https:\/\/akdenizvertigomerkezi.com\/wp-content\/uploads\/head-image-avm-final-2025.png 750w, https:\/\/akdenizvertigomerkezi.com\/wp-content\/uploads\/head-image-avm-final-2025-300x227.png 300w\" sizes=\"(max-width: 750px) 100vw, 750px\" \/>\t\t\t\t\t\t\t\t\t\t\t\t\t\t\t<\/div>\n\t\t\t\t<\/div>\n\t\t\t\t<\/div>\n\t\t\t\t\t<\/div>\n\t\t\t\t<\/div>\n\t\t<div class=\"elementor-element elementor-element-667843a7 e-con-full elementor-hidden-desktop elementor-hidden-tablet e-flex e-con e-parent\" data-id=\"667843a7\" data-element_type=\"container\">\n\t\t<div class=\"elementor-element elementor-element-523f6855 e-flex e-con-boxed e-con e-child\" data-id=\"523f6855\" data-element_type=\"container\" data-settings=\"{&quot;background_background&quot;:&quot;classic&quot;}\">\n\t\t\t\t\t<div class=\"e-con-inner\">\n\t\t<div class=\"elementor-element elementor-element-48bcdcef e-con-full e-flex e-con e-child\" data-id=\"48bcdcef\" data-element_type=\"container\">\n\t\t\t\t<div class=\"elementor-element elementor-element-53e23c5a elementor-widget elementor-widget-global elementor-global-4393 elementor-global-2204 elementor-widget-heading\" data-id=\"53e23c5a\" data-element_type=\"widget\" data-widget_type=\"heading.default\">\n\t\t\t\t<div class=\"elementor-widget-container\">\n\t\t\t\t\t<h2 class=\"elementor-heading-title elementor-size-default\">Erfahren Sie die wahre Ursache Ihres Schwindels!<\/h2>\t\t\t\t<\/div>\n\t\t\t\t<\/div>\n\t\t\t\t<div class=\"elementor-element elementor-element-680f6038 elementor-widget elementor-widget-global elementor-global-4387 elementor-global-2207 elementor-widget-text-editor\" data-id=\"680f6038\" data-element_type=\"widget\" data-widget_type=\"text-editor.default\">\n\t\t\t\t<div class=\"elementor-widget-container\">\n\t\t\t\t\t\t\t\t\t<p class=\"p1\">Die Ursache von Schwindel und Gleichgewichtsst\u00f6rungen zu erkennen, ist der erste Schritt zur richtigen Behandlung. Buchen Sie einen Termin f\u00fcr eine individuelle Untersuchung mit unserem Expertenteam und gewinnen Sie Ihre Gesundheit zur\u00fcck.<\/p>\n\t\t\t\t\t\t\t\t<\/div>\n\t\t\t\t<\/div>\n\t\t\t\t<\/div>\n\t\t<div class=\"elementor-element elementor-element-254708db e-con-full e-flex e-con e-child\" data-id=\"254708db\" data-element_type=\"container\">\n\t\t\t\t<div class=\"elementor-element elementor-element-2962c924 elementor-mobile-align-center elementor-widget elementor-widget-global elementor-global-4399 elementor-global-2201 elementor-widget-button\" data-id=\"2962c924\" data-element_type=\"widget\" data-widget_type=\"button.default\">\n\t\t\t\t<div class=\"elementor-widget-container\">\n\t\t\t\t\t\t\t\t\t<div class=\"elementor-button-wrapper\">\n\t\t\t\t\t<a class=\"elementor-button elementor-button-link elementor-size-sm\" href=\"https:\/\/api.whatsapp.com\/send?phone=905537053650\" target=\"_blank\" rel=\"noopener\">\n\t\t\t\t\t\t<span class=\"elementor-button-content-wrapper\">\n\t\t\t\t\t\t<span class=\"elementor-button-icon\">\n\t\t\t\t<svg aria-hidden=\"true\" class=\"e-font-icon-svg e-far-arrow-alt-circle-right\" viewBox=\"0 0 512 512\" xmlns=\"http:\/\/www.w3.org\/2000\/svg\"><path d=\"M504 256C504 119 393 8 256 8S8 119 8 256s111 248 248 248 248-111 248-248zm-448 0c0-110.5 89.5-200 200-200s200 89.5 200 200-89.5 200-200 200S56 366.5 56 256zm72 20v-40c0-6.6 5.4-12 12-12h116v-67c0-10.7 12.9-16 20.5-8.5l99 99c4.7 4.7 4.7 12.3 0 17l-99 99c-7.6 7.6-20.5 2.2-20.5-8.5v-67H140c-6.6 0-12-5.4-12-12z\"><\/path><\/svg>\t\t\t<\/span>\n\t\t\t\t\t\t\t\t\t<span class=\"elementor-button-text\">Online-Termin<\/span>\n\t\t\t\t\t<\/span>\n\t\t\t\t\t<\/a>\n\t\t\t\t<\/div>\n\t\t\t\t\t\t\t\t<\/div>\n\t\t\t\t<\/div>\n\t\t\t\t<\/div>\n\t\t\t\t\t<\/div>\n\t\t\t\t<\/div>\n\t\t\t\t<\/div>\n\t\t<div class=\"elementor-element elementor-element-50a03807 e-flex e-con-boxed e-con e-parent\" data-id=\"50a03807\" data-element_type=\"container\">\n\t\t\t\t\t<div class=\"e-con-inner\">\n\t\t<div class=\"elementor-element elementor-element-f203fa9 e-con-full e-flex e-con e-child\" data-id=\"f203fa9\" data-element_type=\"container\">\n\t\t\t\t<div class=\"elementor-element elementor-element-4d0d9e50 elementor-widget elementor-widget-text-editor\" data-id=\"4d0d9e50\" data-element_type=\"widget\" data-widget_type=\"text-editor.default\">\n\t\t\t\t<div class=\"elementor-widget-container\">\n\t\t\t\t\t\t\t\t\t<h3><strong>Was ist BPPV?<\/strong><\/h3>\n<p>BPPV (Benigner paroxysmaler Lagerungsschwindel) ist eine h\u00e4ufige Ursache f\u00fcr Schwindel, die entsteht, wenn Kristalle (Otolithen) im Gleichgewichtsorgan des Innenohrs aus ihrer normalen Position geraten. Es ist gekennzeichnet durch kurze Schwindelanf\u00e4lle, die durch Kopfbewegungen ausgel\u00f6st werden. Die verschobenen Kristalle beeinflussen die Gleichgewichtsfl\u00fcssigkeit im Innenohr und senden falsche Signale an das Gehirn, was Schwindel verursacht.<\/p>\n<h3><strong>Welche Symptome hat BPPV?<\/strong><\/h3>\n<ul>\n<li>Pl\u00f6tzliche und kurze Schwindelanf\u00e4lle<\/li>\n<li>Ein Gef\u00fchl des Ungleichgewichts<\/li>\n<li>\u00dcbelkeit oder Erbrechen<\/li>\n<li>Durch Kopfbewegungen ausgel\u00f6ster Schwindel (z. B. beim Blick nach oben, beim Aufstehen aus dem Bett oder beim Drehen des Kopfes)<\/li>\n<\/ul>\n<p><img decoding=\"async\" class=\"alignnone size-full wp-image-2458\" src=\"https:\/\/akdenizvertigomerkezi.com\/wp-content\/uploads\/KRISTAL-KAYMASI.jpg\" alt=\"\" width=\"1328\" height=\"417\" srcset=\"https:\/\/akdenizvertigomerkezi.com\/wp-content\/uploads\/KRISTAL-KAYMASI.jpg 1328w, https:\/\/akdenizvertigomerkezi.com\/wp-content\/uploads\/KRISTAL-KAYMASI-300x94.jpg 300w, https:\/\/akdenizvertigomerkezi.com\/wp-content\/uploads\/KRISTAL-KAYMASI-1024x322.jpg 1024w, https:\/\/akdenizvertigomerkezi.com\/wp-content\/uploads\/KRISTAL-KAYMASI-768x241.jpg 768w\" sizes=\"(max-width: 1328px) 100vw, 1328px\" \/><\/p>\n<h3><strong>Was sind die Ursachen von BPPV?<\/strong><\/h3>\n<p>Die genaue Ursache von BPPV ist unbekannt, aber bestimmte Faktoren erh\u00f6hen das Risiko:<\/p>\n<ul>\n<li>Kopfverletzungen<\/li>\n<li>Alterungsprozesse<\/li>\n<li>Innenohrinfektionen<\/li>\n<li>L\u00e4ngere Bettruhe<\/li>\n<\/ul>\n<h3><strong>Wie wird BPPV diagnostiziert?<\/strong><\/h3>\n<p>BPPV wird in der Regel durch eine klinische Untersuchung und einen speziellen Test, den sogenannten Dix-Hallpike-Test, diagnostiziert. W\u00e4hrend dieses Tests werden Schwindel und unwillk\u00fcrliche Augenbewegungen (Nystagmus) beobachtet, um die Diagnose zu best\u00e4tigen.<\/p>\n<h3><strong>Wie wird BPPV behandelt?<\/strong><\/h3>\n<ul>\n<li><strong>Lagerungsman\u00f6ver:<\/strong> Techniken wie das Epley-Man\u00f6ver und das Semont-Man\u00f6ver werden angewendet, um die Kristalle in ihre richtige Position im Innenohr zur\u00fcckzuf\u00fchren.<\/li>\n<li><strong>Vestibul\u00e4re Rehabilitation:<\/strong> Gleichgewichtstraining ist besonders bei wiederkehrenden F\u00e4llen hilfreich.<\/li>\n<li><strong>Medikamente:<\/strong> Medikamente gegen \u00dcbelkeit k\u00f6nnen Linderung verschaffen, beheben jedoch nicht die Ursache der verschobenen Kristalle.<\/li>\n<\/ul>\n<p><img decoding=\"async\" class=\"alignnone wp-image-2459\" src=\"https:\/\/akdenizvertigomerkezi.com\/wp-content\/uploads\/KRISTAL-KAYMASI-2.jpg\" alt=\"\" width=\"591\" height=\"397\" \/><\/p>\n<h3><strong>Kann BPPV von selbst verschwinden?<\/strong><\/h3>\n<p>In einigen F\u00e4llen kann BPPV ohne Behandlung abklingen. Unbehandelt kann BPPV jedoch zu wiederkehrenden Episoden f\u00fchren und die Lebensqualit\u00e4t erheblich beeintr\u00e4chtigen.<\/p>\n<h3><strong>Tritt BPPV erneut auf?<\/strong><\/h3>\n<p>Ja, BPPV hat ein R\u00fcckfallrisiko. Personen, die einmal daran gelitten haben, haben ein h\u00f6heres Risiko f\u00fcr zuk\u00fcnftige Episoden.<\/p>\n<p><img loading=\"lazy\" decoding=\"async\" class=\"alignnone wp-image-2460\" src=\"https:\/\/akdenizvertigomerkezi.com\/wp-content\/uploads\/KRISTAL-KAYMASI-4.jpg\" alt=\"\" width=\"610\" height=\"406\" \/><\/p>\n<h3><strong>Ist BPPV gef\u00e4hrlich?<\/strong><\/h3>\n<p>BPPV ist in der Regel gutartig und stellt kein ernsthaftes Gesundheitsproblem dar. Allerdings erh\u00f6ht Schwindel das Risiko von St\u00fcrzen, insbesondere bei \u00e4lteren Menschen, was ein erhebliches Problem darstellen kann.<\/p>\n<h3><strong>Kann man BPPV vorbeugen?<\/strong><\/h3>\n<p>Es gibt keine eindeutige Methode zur Vorbeugung von BPPV, aber folgende Ma\u00dfnahmen k\u00f6nnen das Risiko verringern:<\/p>\n<ul>\n<li>Vermeidung von Kopfverletzungen<\/li>\n<li>Ein ausgeglichener und aktiver Lebensstil<\/li>\n<li>Vermeidung von pl\u00f6tzlichen und starken Kopfbewegungen<\/li>\n<\/ul>\n<p><img loading=\"lazy\" decoding=\"async\" class=\"alignnone wp-image-2461\" src=\"https:\/\/akdenizvertigomerkezi.com\/wp-content\/uploads\/KRISTAL-KAYMASI-3.jpg\" alt=\"\" width=\"507\" height=\"270\" \/><\/p>\n<h3><strong>Wie kann man das Leben mit BPPV erleichtern?<\/strong><\/h3>\n<ul>\n<li>Schlafen mit leicht erh\u00f6htem Kopf<\/li>\n<li>Langsame und vorsichtige Bewegungen<\/li>\n<li>Ausruhen w\u00e4hrend Schwindelanf\u00e4llen<\/li>\n<li>Bei wiederholten Episoden einen HNO-Arzt konsultieren<\/li>\n<\/ul>\n<p>Mit diesen Vorsichtsma\u00dfnahmen und einer angemessenen Behandlung kann BPPV effektiv bew\u00e4ltigt und seine Auswirkungen auf den Alltag minimiert werden.<\/p>\n<p>&nbsp;<\/p>\n\t\t\t\t\t\t\t\t<\/div>\n\t\t\t\t<\/div>\n\t\t\t\t<div class=\"elementor-element elementor-element-5bc556a4 elementor-widget elementor-widget-shortcode\" data-id=\"5bc556a4\" data-element_type=\"widget\" data-widget_type=\"shortcode.default\">\n\t\t\t\t<div class=\"elementor-widget-container\">\n\t\t\t\t\t\t\t<div class=\"elementor-shortcode\"><\/div>\n\t\t\t\t\t\t<\/div>\n\t\t\t\t<\/div>\n\t\t\t\t<\/div>\n\t\t<div class=\"elementor-element elementor-element-353ed1c2 e-con-full e-flex e-con e-child\" data-id=\"353ed1c2\" data-element_type=\"container\">\n\t\t<div class=\"elementor-element elementor-element-18adae90 e-con-full animated-slow e-flex elementor-invisible e-con e-child\" data-id=\"18adae90\" data-element_type=\"container\" data-settings=\"{&quot;background_background&quot;:&quot;classic&quot;,&quot;animation&quot;:&quot;fadeInUp&quot;,&quot;sticky&quot;:&quot;top&quot;,&quot;sticky_offset&quot;:50,&quot;sticky_parent&quot;:&quot;yes&quot;,&quot;sticky_on&quot;:[&quot;desktop&quot;,&quot;tablet&quot;,&quot;mobile&quot;],&quot;sticky_effects_offset&quot;:0,&quot;sticky_anchor_link_offset&quot;:0}\">\n\t\t\t\t<div class=\"elementor-element elementor-element-185d49c0 elementor-widget elementor-widget-heading\" data-id=\"185d49c0\" data-element_type=\"widget\" data-widget_type=\"heading.default\">\n\t\t\t\t<div class=\"elementor-widget-container\">\n\t\t\t\t\t<h2 class=\"elementor-heading-title elementor-size-default\">F\u00fcllen Sie das Formular aus und<\/h2>\t\t\t\t<\/div>\n\t\t\t\t<\/div>\n\t\t\t\t<div class=\"elementor-element elementor-element-60af93ee elementor-widget elementor-widget-heading\" data-id=\"60af93ee\" data-element_type=\"widget\" data-widget_type=\"heading.default\">\n\t\t\t\t<div class=\"elementor-widget-container\">\n\t\t\t\t\t<h2 class=\"elementor-heading-title elementor-size-default\">wir werden Sie anrufen<\/h2>\t\t\t\t<\/div>\n\t\t\t\t<\/div>\n\t\t\t\t<div class=\"elementor-element elementor-element-64ce0f70 elementor-button-align-stretch elementor-widget elementor-widget-global elementor-global-4462 elementor-global-1337 elementor-widget-form\" data-id=\"64ce0f70\" data-element_type=\"widget\" data-settings=\"{&quot;step_next_label&quot;:&quot;Next&quot;,&quot;step_previous_label&quot;:&quot;Previous&quot;,&quot;button_width&quot;:&quot;100&quot;,&quot;step_type&quot;:&quot;number_text&quot;,&quot;step_icon_shape&quot;:&quot;circle&quot;}\" data-widget_type=\"form.default\">\n\t\t\t\t<div class=\"elementor-widget-container\">\n\t\t\t\t\t\t\t<form class=\"elementor-form\" method=\"post\" name=\"New Form\" aria-label=\"New Form\">\n\t\t\t<input type=\"hidden\" name=\"post_id\" value=\"4145\"\/>\n\t\t\t<input type=\"hidden\" name=\"form_id\" value=\"64ce0f70\"\/>\n\t\t\t<input type=\"hidden\" name=\"referer_title\" value=\"\" \/>\n\n\t\t\t\n\t\t\t<div class=\"elementor-form-fields-wrapper elementor-labels-above\">\n\t\t\t\t\t\t\t\t<div class=\"elementor-field-type-text elementor-field-group elementor-column elementor-field-group-name elementor-col-100 elementor-field-required elementor-mark-required\">\n\t\t\t\t\t\t\t\t\t\t\t\t<label for=\"form-field-name\" class=\"elementor-field-label\">\n\t\t\t\t\t\t\t\tVorname\/Nachname\t\t\t\t\t\t\t<\/label>\n\t\t\t\t\t\t\t\t\t\t\t\t\t\t<input size=\"1\" type=\"text\" name=\"form_fields[name]\" id=\"form-field-name\" class=\"elementor-field elementor-size-sm  elementor-field-textual\" placeholder=\"Emma Hannah\" required=\"required\">\n\t\t\t\t\t\t\t\t\t\t\t<\/div>\n\t\t\t\t\t\t\t\t<div class=\"elementor-field-type-tel elementor-field-group elementor-column elementor-field-group-phone elementor-col-100 elementor-field-required elementor-mark-required\">\n\t\t\t\t\t\t\t\t\t\t\t\t<label for=\"form-field-phone\" class=\"elementor-field-label\">\n\t\t\t\t\t\t\t\tTelefon\t\t\t\t\t\t\t<\/label>\n\t\t\t\t\t\t<span class=\"ccfef-editor-intl-input\" data-id=\"form-field-phone\" data-field-id=\"d7a33a8\" data-default-country=\"DE\" data-include-countries=\"\" data-exclude-countries=\"\" data-dial-code-visibility=\"show\" data-strict-mode=\"no\" style=\"display: none;\"><\/span>\t\t<input size=\"1\" type=\"tel\" name=\"form_fields[phone]\" id=\"form-field-phone\" class=\"elementor-field elementor-size-sm  elementor-field-textual\" placeholder=\"+49 XXX XXX XXXX\" required=\"required\" pattern=\"[0-9()#&amp;+*-=.]+\" title=\"Only numbers and phone characters (#, -, *, etc) are accepted.\">\n\n\t\t\t\t\t\t<\/div>\n\t\t\t\t\t\t\t\t<div class=\"elementor-field-type-email elementor-field-group elementor-column elementor-field-group-email elementor-col-100 elementor-field-required elementor-mark-required\">\n\t\t\t\t\t\t\t\t\t\t\t\t<label for=\"form-field-email\" class=\"elementor-field-label\">\n\t\t\t\t\t\t\t\tIhre E-Mail Adresse\t\t\t\t\t\t\t<\/label>\n\t\t\t\t\t\t\t\t\t\t\t\t\t\t<input size=\"1\" type=\"email\" name=\"form_fields[email]\" id=\"form-field-email\" class=\"elementor-field elementor-size-sm  elementor-field-textual\" placeholder=\"sample@gmail.de\" required=\"required\">\n\t\t\t\t\t\t\t\t\t\t\t<\/div>\n\t\t\t\t\t\t\t\t<div class=\"elementor-field-group elementor-column elementor-field-type-submit elementor-col-100 e-form__buttons\">\n\t\t\t\t\t<button class=\"elementor-button elementor-size-md\" type=\"submit\">\n\t\t\t\t\t\t<span class=\"elementor-button-content-wrapper\">\n\t\t\t\t\t\t\t\t\t\t\t\t\t\t\t\t\t\t\t\t\t\t<span class=\"elementor-button-text\">Senden Sie<\/span>\n\t\t\t\t\t\t\t\t\t\t\t\t\t<\/span>\n\t\t\t\t\t<\/button>\n\t\t\t\t<\/div>\n\t\t\t<\/div>\n\t\t<\/form>\n\t\t\t\t\t\t<\/div>\n\t\t\t\t<\/div>\n\t\t\t\t<\/div>\n\t\t\t\t<\/div>\n\t\t\t\t\t<\/div>\n\t\t\t\t<\/div>\n\t\t<div class=\"elementor-element elementor-element-47417d58 e-con-full e-flex e-con e-parent\" data-id=\"47417d58\" data-element_type=\"container\">\n\t\t<div class=\"elementor-element elementor-element-1333225d e-flex e-con-boxed e-con e-child\" data-id=\"1333225d\" data-element_type=\"container\" data-settings=\"{&quot;background_background&quot;:&quot;classic&quot;}\">\n\t\t\t\t\t<div class=\"e-con-inner\">\n\t\t<div class=\"elementor-element elementor-element-6677ad5c e-con-full e-flex e-con e-child\" data-id=\"6677ad5c\" data-element_type=\"container\">\n\t\t\t\t<div class=\"elementor-element elementor-element-49d50806 elementor-widget elementor-widget-global elementor-global-4393 elementor-global-2204 elementor-widget-heading\" data-id=\"49d50806\" data-element_type=\"widget\" data-widget_type=\"heading.default\">\n\t\t\t\t<div class=\"elementor-widget-container\">\n\t\t\t\t\t<h2 class=\"elementor-heading-title elementor-size-default\">Erfahren Sie die wahre Ursache Ihres Schwindels!<\/h2>\t\t\t\t<\/div>\n\t\t\t\t<\/div>\n\t\t\t\t<div class=\"elementor-element elementor-element-476f9793 elementor-widget elementor-widget-global elementor-global-4387 elementor-global-2207 elementor-widget-text-editor\" data-id=\"476f9793\" data-element_type=\"widget\" data-widget_type=\"text-editor.default\">\n\t\t\t\t<div class=\"elementor-widget-container\">\n\t\t\t\t\t\t\t\t\t<p class=\"p1\">Die Ursache von Schwindel und Gleichgewichtsst\u00f6rungen zu erkennen, ist der erste Schritt zur richtigen Behandlung. Buchen Sie einen Termin f\u00fcr eine individuelle Untersuchung mit unserem Expertenteam und gewinnen Sie Ihre Gesundheit zur\u00fcck.<\/p>\n\t\t\t\t\t\t\t\t<\/div>\n\t\t\t\t<\/div>\n\t\t\t\t<\/div>\n\t\t<div class=\"elementor-element elementor-element-4bf671ea e-con-full e-flex e-con e-child\" data-id=\"4bf671ea\" data-element_type=\"container\">\n\t\t\t\t<div class=\"elementor-element elementor-element-16df8f62 elementor-mobile-align-center elementor-widget elementor-widget-global elementor-global-4399 elementor-global-2201 elementor-widget-button\" data-id=\"16df8f62\" data-element_type=\"widget\" data-widget_type=\"button.default\">\n\t\t\t\t<div class=\"elementor-widget-container\">\n\t\t\t\t\t\t\t\t\t<div class=\"elementor-button-wrapper\">\n\t\t\t\t\t<a class=\"elementor-button elementor-button-link elementor-size-sm\" href=\"https:\/\/api.whatsapp.com\/send?phone=905537053650\" target=\"_blank\" rel=\"noopener\">\n\t\t\t\t\t\t<span class=\"elementor-button-content-wrapper\">\n\t\t\t\t\t\t<span class=\"elementor-button-icon\">\n\t\t\t\t<svg aria-hidden=\"true\" class=\"e-font-icon-svg e-far-arrow-alt-circle-right\" viewBox=\"0 0 512 512\" xmlns=\"http:\/\/www.w3.org\/2000\/svg\"><path d=\"M504 256C504 119 393 8 256 8S8 119 8 256s111 248 248 248 248-111 248-248zm-448 0c0-110.5 89.5-200 200-200s200 89.5 200 200-89.5 200-200 200S56 366.5 56 256zm72 20v-40c0-6.6 5.4-12 12-12h116v-67c0-10.7 12.9-16 20.5-8.5l99 99c4.7 4.7 4.7 12.3 0 17l-99 99c-7.6 7.6-20.5 2.2-20.5-8.5v-67H140c-6.6 0-12-5.4-12-12z\"><\/path><\/svg>\t\t\t<\/span>\n\t\t\t\t\t\t\t\t\t<span class=\"elementor-button-text\">Online-Termin<\/span>\n\t\t\t\t\t<\/span>\n\t\t\t\t\t<\/a>\n\t\t\t\t<\/div>\n\t\t\t\t\t\t\t\t<\/div>\n\t\t\t\t<\/div>\n\t\t\t\t<\/div>\n\t\t\t\t\t<\/div>\n\t\t\t\t<\/div>\n\t\t\t\t<\/div>\n\t\t\t\t<\/div>\n\t\t","protected":false},"excerpt":{"rendered":"<p>Benigner Paroxysmaler Lagerungsschwindel Kristallverschiebung (Benigner paroxysmaler Lagerungsschwindel &#8211; BPPV) ist eine h\u00e4ufige Ursache f\u00fcr Schwindel, der durch die Verschiebung von Kristallen (Otolithen) im Gleichgewichtsorgan im Ohr verursacht wird. Online-Termin Erfahren Sie die wahre Ursache Ihres Schwindels! Die Ursache von Schwindel und Gleichgewichtsst\u00f6rungen zu erkennen, ist der erste Schritt zur richtigen Behandlung. Buchen Sie einen Termin [&hellip;]<\/p>\n","protected":false},"author":1,"featured_media":0,"parent":0,"menu_order":0,"comment_status":"closed","ping_status":"closed","template":"","meta":{"rank_math_title":"","rank_math_description":"","rank_math_focus_keyword":"","rank_math_canonical_url":"","rank_math_robots":"","rank_math_primary_category":"","rank_math_facebook_title":"","rank_math_facebook_description":"","rank_math_facebook_image":"","rank_math_twitter_title":"","rank_math_twitter_description":"","rank_math_twitter_image":"","rank_math_rich_snippet":"article","rank_math_snippet_name":"","rank_math_snippet_desc":"","rank_math_snippet_article_type":"","rank_math_news_sitemap_genres":"","rank_math_pillar_content":"","rank_math_seo_score":21,"footnotes":""},"class_list":["post-4145","page","type-page","status-publish","hentry"],"_links":{"self":[{"href":"https:\/\/akdenizvertigomerkezi.com\/de\/wp-json\/wp\/v2\/pages\/4145","targetHints":{"allow":["GET"]}}],"collection":[{"href":"https:\/\/akdenizvertigomerkezi.com\/de\/wp-json\/wp\/v2\/pages"}],"about":[{"href":"https:\/\/akdenizvertigomerkezi.com\/de\/wp-json\/wp\/v2\/types\/page"}],"author":[{"embeddable":true,"href":"https:\/\/akdenizvertigomerkezi.com\/de\/wp-json\/wp\/v2\/users\/1"}],"replies":[{"embeddable":true,"href":"https:\/\/akdenizvertigomerkezi.com\/de\/wp-json\/wp\/v2\/comments?post=4145"}],"version-history":[{"count":0,"href":"https:\/\/akdenizvertigomerkezi.com\/de\/wp-json\/wp\/v2\/pages\/4145\/revisions"}],"wp:attachment":[{"href":"https:\/\/akdenizvertigomerkezi.com\/de\/wp-json\/wp\/v2\/media?parent=4145"}],"curies":[{"name":"wp","href":"https:\/\/api.w.org\/{rel}","templated":true}]}}