{"id":4169,"date":"2024-11-19T12:24:47","date_gmt":"2024-11-19T09:24:47","guid":{"rendered":"https:\/\/akdenizvertigomerkezi.com\/labyrinthitis\/"},"modified":"2025-02-05T17:49:12","modified_gmt":"2025-02-05T14:49:12","slug":"labyrinthitis","status":"publish","type":"page","link":"https:\/\/akdenizvertigomerkezi.com\/de\/labyrinthitis\/","title":{"rendered":"Labyrinthitis"},"content":{"rendered":"\t\t<div data-elementor-type=\"wp-page\" data-elementor-id=\"4169\" class=\"elementor elementor-4169 elementor-1139\" data-elementor-post-type=\"page\">\n\t\t\t\t<div class=\"elementor-element elementor-element-3c07f05a mesh-test3 e-flex e-con-boxed e-con e-parent\" data-id=\"3c07f05a\" data-element_type=\"container\" data-settings=\"{&quot;background_background&quot;:&quot;classic&quot;}\">\n\t\t\t\t\t<div class=\"e-con-inner\">\n\t\t<div class=\"elementor-element elementor-element-b7bd2d e-con-full e-flex e-con e-child\" data-id=\"b7bd2d\" data-element_type=\"container\">\n\t\t\t\t<div class=\"elementor-element elementor-element-2d390428 elementor-widget__width-inherit elementor-widget-tablet__width-inherit elementor-widget-mobile__width-inherit animated-slow elementor-invisible elementor-widget elementor-widget-page-title\" data-id=\"2d390428\" data-element_type=\"widget\" data-settings=\"{&quot;_animation&quot;:&quot;fadeIn&quot;}\" data-widget_type=\"page-title.default\">\n\t\t\t\t<div class=\"elementor-widget-container\">\n\t\t\t\t\t\t\t\n\t\t<div class=\"hfe-page-title hfe-page-title-wrapper elementor-widget-heading\">\n\n\t\t\t\t\t\t\t\t<h1 class=\"elementor-heading-title elementor-size-default\">\n\t\t\t\t\t\t\t\t\n\t\t\t\tLabyrinthitis  \n\t\t\t<\/h1 > \n\t\t\t\t\t<\/div>\n\t\t\t\t\t\t<\/div>\n\t\t\t\t<\/div>\n\t\t\t\t<div class=\"elementor-element elementor-element-533a47e6 elementor-widget__width-inherit elementor-widget-mobile__width-inherit elementor-invisible elementor-widget elementor-widget-text-editor\" data-id=\"533a47e6\" data-element_type=\"widget\" data-settings=\"{&quot;_animation&quot;:&quot;fadeIn&quot;,&quot;_animation_delay&quot;:250}\" data-widget_type=\"text-editor.default\">\n\t\t\t\t<div class=\"elementor-widget-container\">\n\t\t\t\t\t\t\t\t\t<p>Labyrinthitis ist eine Krankheit, die durch eine Entz\u00fcndung der Strukturen im Innenohr, der so genannten Labyrinthe, verursacht wird. Sie kann sowohl das Geh\u00f6r als auch das Gleichgewicht beeintr\u00e4chtigen.<\/p>\n\t\t\t\t\t\t\t\t<\/div>\n\t\t\t\t<\/div>\n\t\t\t\t<div class=\"elementor-element elementor-element-44f756b4 elementor-hidden-mobile elementor-widget elementor-widget-global elementor-global-4405 elementor-global-919 elementor-widget-button\" data-id=\"44f756b4\" data-element_type=\"widget\" data-widget_type=\"button.default\">\n\t\t\t\t<div class=\"elementor-widget-container\">\n\t\t\t\t\t\t\t\t\t<div class=\"elementor-button-wrapper\">\n\t\t\t\t\t<a class=\"elementor-button elementor-button-link elementor-size-sm\" href=\"https:\/\/api.whatsapp.com\/send?phone=905537053650\" target=\"_blank\" rel=\"noopener\">\n\t\t\t\t\t\t<span class=\"elementor-button-content-wrapper\">\n\t\t\t\t\t\t<span class=\"elementor-button-icon\">\n\t\t\t\t<svg aria-hidden=\"true\" class=\"e-font-icon-svg e-far-arrow-alt-circle-right\" viewBox=\"0 0 512 512\" xmlns=\"http:\/\/www.w3.org\/2000\/svg\"><path d=\"M504 256C504 119 393 8 256 8S8 119 8 256s111 248 248 248 248-111 248-248zm-448 0c0-110.5 89.5-200 200-200s200 89.5 200 200-89.5 200-200 200S56 366.5 56 256zm72 20v-40c0-6.6 5.4-12 12-12h116v-67c0-10.7 12.9-16 20.5-8.5l99 99c4.7 4.7 4.7 12.3 0 17l-99 99c-7.6 7.6-20.5 2.2-20.5-8.5v-67H140c-6.6 0-12-5.4-12-12z\"><\/path><\/svg>\t\t\t<\/span>\n\t\t\t\t\t\t\t\t\t<span class=\"elementor-button-text\">Online-Termin<\/span>\n\t\t\t\t\t<\/span>\n\t\t\t\t\t<\/a>\n\t\t\t\t<\/div>\n\t\t\t\t\t\t\t\t<\/div>\n\t\t\t\t<\/div>\n\t\t\t\t<\/div>\n\t\t<div class=\"elementor-element elementor-element-543ad82 e-con-full e-flex e-con e-child\" data-id=\"543ad82\" data-element_type=\"container\">\n\t\t\t\t<div class=\"elementor-element elementor-element-4cf85d98 elementor-widget elementor-widget-global elementor-global-2157 elementor-widget-image\" data-id=\"4cf85d98\" data-element_type=\"widget\" data-widget_type=\"image.default\">\n\t\t\t\t<div class=\"elementor-widget-container\">\n\t\t\t\t\t\t\t\t\t\t\t\t\t\t\t<img fetchpriority=\"high\" decoding=\"async\" width=\"750\" height=\"567\" src=\"https:\/\/akdenizvertigomerkezi.com\/wp-content\/uploads\/head-image-avm-final-2025.png\" class=\"attachment-large size-large wp-image-3355\" alt=\"Head image avm final 2025\" srcset=\"https:\/\/akdenizvertigomerkezi.com\/wp-content\/uploads\/head-image-avm-final-2025.png 750w, https:\/\/akdenizvertigomerkezi.com\/wp-content\/uploads\/head-image-avm-final-2025-300x227.png 300w\" sizes=\"(max-width: 750px) 100vw, 750px\" \/>\t\t\t\t\t\t\t\t\t\t\t\t\t\t\t<\/div>\n\t\t\t\t<\/div>\n\t\t\t\t<\/div>\n\t\t\t\t\t<\/div>\n\t\t\t\t<\/div>\n\t\t<div class=\"elementor-element elementor-element-61435f90 e-con-full elementor-hidden-desktop elementor-hidden-tablet e-flex e-con e-parent\" data-id=\"61435f90\" data-element_type=\"container\">\n\t\t<div class=\"elementor-element elementor-element-5a7a22b9 e-flex e-con-boxed e-con e-child\" data-id=\"5a7a22b9\" data-element_type=\"container\" data-settings=\"{&quot;background_background&quot;:&quot;classic&quot;}\">\n\t\t\t\t\t<div class=\"e-con-inner\">\n\t\t<div class=\"elementor-element elementor-element-7af9ac9d e-con-full e-flex e-con e-child\" data-id=\"7af9ac9d\" data-element_type=\"container\">\n\t\t\t\t<div class=\"elementor-element elementor-element-976e7a1 elementor-widget elementor-widget-global elementor-global-4393 elementor-global-2204 elementor-widget-heading\" data-id=\"976e7a1\" data-element_type=\"widget\" data-widget_type=\"heading.default\">\n\t\t\t\t<div class=\"elementor-widget-container\">\n\t\t\t\t\t<h2 class=\"elementor-heading-title elementor-size-default\">Erfahren Sie die wahre Ursache Ihres Schwindels!<\/h2>\t\t\t\t<\/div>\n\t\t\t\t<\/div>\n\t\t\t\t<div class=\"elementor-element elementor-element-1459af66 elementor-widget elementor-widget-global elementor-global-4387 elementor-global-2207 elementor-widget-text-editor\" data-id=\"1459af66\" data-element_type=\"widget\" data-widget_type=\"text-editor.default\">\n\t\t\t\t<div class=\"elementor-widget-container\">\n\t\t\t\t\t\t\t\t\t<p class=\"p1\">Die Ursache von Schwindel und Gleichgewichtsst\u00f6rungen zu erkennen, ist der erste Schritt zur richtigen Behandlung. Buchen Sie einen Termin f\u00fcr eine individuelle Untersuchung mit unserem Expertenteam und gewinnen Sie Ihre Gesundheit zur\u00fcck.<\/p>\n\t\t\t\t\t\t\t\t<\/div>\n\t\t\t\t<\/div>\n\t\t\t\t<\/div>\n\t\t<div class=\"elementor-element elementor-element-3f4e5d51 e-con-full e-flex e-con e-child\" data-id=\"3f4e5d51\" data-element_type=\"container\">\n\t\t\t\t<div class=\"elementor-element elementor-element-2b13218 elementor-mobile-align-center elementor-widget elementor-widget-global elementor-global-4399 elementor-global-2201 elementor-widget-button\" data-id=\"2b13218\" data-element_type=\"widget\" data-widget_type=\"button.default\">\n\t\t\t\t<div class=\"elementor-widget-container\">\n\t\t\t\t\t\t\t\t\t<div class=\"elementor-button-wrapper\">\n\t\t\t\t\t<a class=\"elementor-button elementor-button-link elementor-size-sm\" href=\"https:\/\/api.whatsapp.com\/send?phone=905537053650\" target=\"_blank\" rel=\"noopener\">\n\t\t\t\t\t\t<span class=\"elementor-button-content-wrapper\">\n\t\t\t\t\t\t<span class=\"elementor-button-icon\">\n\t\t\t\t<svg aria-hidden=\"true\" class=\"e-font-icon-svg e-far-arrow-alt-circle-right\" viewBox=\"0 0 512 512\" xmlns=\"http:\/\/www.w3.org\/2000\/svg\"><path d=\"M504 256C504 119 393 8 256 8S8 119 8 256s111 248 248 248 248-111 248-248zm-448 0c0-110.5 89.5-200 200-200s200 89.5 200 200-89.5 200-200 200S56 366.5 56 256zm72 20v-40c0-6.6 5.4-12 12-12h116v-67c0-10.7 12.9-16 20.5-8.5l99 99c4.7 4.7 4.7 12.3 0 17l-99 99c-7.6 7.6-20.5 2.2-20.5-8.5v-67H140c-6.6 0-12-5.4-12-12z\"><\/path><\/svg>\t\t\t<\/span>\n\t\t\t\t\t\t\t\t\t<span class=\"elementor-button-text\">Online-Termin<\/span>\n\t\t\t\t\t<\/span>\n\t\t\t\t\t<\/a>\n\t\t\t\t<\/div>\n\t\t\t\t\t\t\t\t<\/div>\n\t\t\t\t<\/div>\n\t\t\t\t<\/div>\n\t\t\t\t\t<\/div>\n\t\t\t\t<\/div>\n\t\t\t\t<\/div>\n\t\t<div class=\"elementor-element elementor-element-6746826b e-flex e-con-boxed e-con e-parent\" data-id=\"6746826b\" data-element_type=\"container\">\n\t\t\t\t\t<div class=\"e-con-inner\">\n\t\t<div class=\"elementor-element elementor-element-68e8c0cb e-con-full e-flex e-con e-child\" data-id=\"68e8c0cb\" data-element_type=\"container\">\n\t\t\t\t<div class=\"elementor-element elementor-element-2b6c4ef7 elementor-widget elementor-widget-text-editor\" data-id=\"2b6c4ef7\" data-element_type=\"widget\" data-widget_type=\"text-editor.default\">\n\t\t\t\t<div class=\"elementor-widget-container\">\n\t\t\t\t\t\t\t\t\t<h3><strong>Was ist Labyrinthitis?<\/strong><\/h3>\n<p>Labyrinthitis ist eine Entz\u00fcndung des Labyrinths, des Teils des Innenohrs, der f\u00fcr Gleichgewicht und Geh\u00f6r verantwortlich ist. Diese Erkrankung kann Schwindel, H\u00f6rverlust und andere vestibul\u00e4re Symptome verursachen.<\/p>\n<p><img decoding=\"async\" class=\"alignnone size-full wp-image-2391\" src=\"https:\/\/akdenizvertigomerkezi.com\/wp-content\/uploads\/labirentit-1.jpg\" alt=\"\" width=\"566\" height=\"396\" srcset=\"https:\/\/akdenizvertigomerkezi.com\/wp-content\/uploads\/labirentit-1.jpg 566w, https:\/\/akdenizvertigomerkezi.com\/wp-content\/uploads\/labirentit-1-300x210.jpg 300w\" sizes=\"(max-width: 566px) 100vw, 566px\" \/><\/p>\n<h3><strong>Symptome der Labyrinthitis<\/strong><\/h3>\n<ul>\n<li>Pl\u00f6tzlicher und starker Schwindel (Vertigo)<\/li>\n<li>H\u00f6rverlust (meist einseitig)<\/li>\n<li>Tinnitus (Ohrger\u00e4usche)<\/li>\n<li>Gleichgewichtsst\u00f6rungen oder Schwanken<\/li>\n<li>\u00dcbelkeit und Erbrechen<\/li>\n<li>Fieber oder Anzeichen einer Infektion (in einigen F\u00e4llen)<\/li>\n<\/ul>\n<h3><strong>Ursachen der Labyrinthitis<\/strong><\/h3>\n<p>Die m\u00f6glichen Ursachen einer Labyrinthitis sind:<\/p>\n<ul>\n<li><strong>Virale Infektionen:<\/strong> Grippe, Erk\u00e4ltung oder Herpesviren.<\/li>\n<li><strong>Bakterielle Infektionen:<\/strong> Ausbreitung einer Mittelohrentz\u00fcndung (Otitis media) auf das Innenohr.<\/li>\n<li><strong>Autoimmunerkrankungen:<\/strong> Das Immunsystem greift das Innenohr an.<\/li>\n<li><strong>Trauma:<\/strong> Kopfverletzungen oder Verletzungen, die das Innenohr betreffen.<\/li>\n<li><strong>Medikamente oder toxische Substanzen:<\/strong> Ototoxische Medikamente k\u00f6nnen in seltenen F\u00e4llen Labyrinthitis ausl\u00f6sen.<\/li>\n<\/ul>\n<p><img decoding=\"async\" class=\"alignnone size-full wp-image-2390\" src=\"https:\/\/akdenizvertigomerkezi.com\/wp-content\/uploads\/labirentit-2.jpg\" alt=\"\" width=\"571\" height=\"524\" srcset=\"https:\/\/akdenizvertigomerkezi.com\/wp-content\/uploads\/labirentit-2.jpg 571w, https:\/\/akdenizvertigomerkezi.com\/wp-content\/uploads\/labirentit-2-300x275.jpg 300w\" sizes=\"(max-width: 571px) 100vw, 571px\" \/><\/p>\n<h3><strong>Wie wird Labyrinthitis diagnostiziert?<\/strong><\/h3>\n<p>Zur Diagnose von Labyrinthitis werden folgende Methoden verwendet:<\/p>\n<ol>\n<li><strong>Klinische Bewertung:<\/strong> \u00dcberpr\u00fcfung der Symptome und der medizinischen Vorgeschichte.<\/li>\n<li><strong>K\u00f6rperliche Untersuchung:<\/strong> Tests der Augenbewegungen (Nystagmus) und des Gleichgewichts.<\/li>\n<li><strong>H\u00f6rtest:<\/strong> Bewertung des Ausma\u00dfes des H\u00f6rverlusts.<\/li>\n<li><strong>MRT oder CT:<\/strong> Zum Ausschluss schwerwiegender Ursachen wie Tumoren oder Schlaganf\u00e4llen.<\/li>\n<\/ol>\n<h3><strong>Wie wird Labyrinthitis behandelt?<\/strong><\/h3>\n<p>Die Behandlung richtet sich nach der zugrunde liegenden Ursache und der Schwere der Symptome:<\/p>\n<h4><strong>Virale Labyrinthitis:<\/strong><\/h4>\n<p>Heilt meist von selbst. Unterst\u00fctzende Ma\u00dfnahmen k\u00f6nnen helfen:<\/p>\n<ul>\n<li>Medikamente gegen Schwindel (z. B. Meclozin)<\/li>\n<li>Medikamente gegen \u00dcbelkeit<\/li>\n<li>Ruhe<\/li>\n<\/ul>\n<h4><strong>Bakterielle Labyrinthitis:<\/strong><\/h4>\n<p>Eine ernsthaftere Erkrankung, die h\u00e4ufig Folgendes erfordert:<\/p>\n<ul>\n<li>Antibiotika<\/li>\n<li>Gegebenenfalls Krankenhausaufenthalt<\/li>\n<\/ul>\n<h4><strong>Vestibul\u00e4re Rehabilitation:<\/strong><\/h4>\n<p>Empfohlene \u00dcbungen zur Verbesserung des Gleichgewichts.<\/p>\n<h3><strong>Wie lange dauert die Genesung?<\/strong><\/h3>\n<ul>\n<li><strong>Virale Labyrinthitis:<\/strong> Normalerweise innerhalb weniger Wochen abgeklungen.<\/li>\n<li><strong>Bakterielle Labyrinthitis:<\/strong> Genesung dauert l\u00e4nger, je nach Schwere der Infektion.<\/li>\n<li>Gleichgewichtsst\u00f6rungen k\u00f6nnen monatelang anhalten, jedoch kann vestibul\u00e4re Rehabilitation diesen Prozess beschleunigen.<\/li>\n<\/ul>\n<p><img loading=\"lazy\" decoding=\"async\" class=\"alignnone wp-image-2393\" src=\"https:\/\/akdenizvertigomerkezi.com\/wp-content\/uploads\/cochleaHSV1infection.jpg\" alt=\"\" width=\"689\" height=\"338\" \/><\/p>\n<h3><strong>Kann Labyrinthitis zu dauerhaftem H\u00f6rverlust f\u00fchren?<\/strong><\/h3>\n<ul>\n<li><strong>Bakterielle Labyrinthitis<\/strong> oder unbehandelte F\u00e4lle k\u00f6nnen zu dauerhaftem H\u00f6rverlust f\u00fchren.<\/li>\n<li>Bei <strong>viraler Labyrinthitis<\/strong> erholt sich das Geh\u00f6r normalerweise vollst\u00e4ndig.<\/li>\n<\/ul>\n<h3><strong>Ist Labyrinthitis ansteckend?<\/strong><\/h3>\n<p>Labyrinthitis selbst ist nicht ansteckend, da sie eine Folge einer Infektion ist. Die zugrunde liegende Infektion (z. B. Grippe) kann jedoch ansteckend sein.<\/p>\n<h3><strong>Unterschied zwischen Labyrinthitis und vestibul\u00e4rer Neuritis<\/strong><\/h3>\n<ul>\n<li><strong>Vestibul\u00e4re Neuritis:<\/strong> Betrifft nur den Gleichgewichtsnerv, ohne H\u00f6rverlust.<\/li>\n<li><strong>Labyrinthitis:<\/strong> Betrifft sowohl das Gleichgewichts- als auch das H\u00f6rsystem und f\u00fchrt zu H\u00f6rverlust und Tinnitus.<\/li>\n<\/ul>\n<h3><strong>Kann Labyrinthitis verhindert werden?<\/strong><\/h3>\n<p>Eine direkte Vorbeugung ist schwierig, aber folgende Ma\u00dfnahmen k\u00f6nnen das Risiko verringern:<\/p>\n<ul>\n<li>Rechtzeitige Behandlung von Mittelohrentz\u00fcndungen (Otitis media).<\/li>\n<li>St\u00e4rkung des Immunsystems zum Schutz vor Infektionen.<\/li>\n<li>Impfungen gegen Grippe und andere virale Infektionen.<\/li>\n<\/ul>\n<h3><strong>Wie beeinflusst Labyrinthitis die Lebensqualit\u00e4t?<\/strong><\/h3>\n<p>Schwerer Schwindel und H\u00f6rverlust k\u00f6nnen das t\u00e4gliche Leben und die Arbeitsf\u00e4higkeit erheblich beeintr\u00e4chtigen. Mit angemessener Behandlung und Rehabilitation k\u00f6nnen diese Auswirkungen jedoch deutlich reduziert werden.<\/p>\n<p>Wenn Sie weitere Fragen zu Labyrinthitis haben oder Symptome bemerken, sollten Sie einen HNO-Arzt konsultieren. Eine fr\u00fchzeitige Diagnose und Behandlung sind entscheidend, um Komplikationen zu vermeiden.<\/p>\n\t\t\t\t\t\t\t\t<\/div>\n\t\t\t\t<\/div>\n\t\t\t\t<div class=\"elementor-element elementor-element-6ab882d4 elementor-widget elementor-widget-shortcode\" data-id=\"6ab882d4\" data-element_type=\"widget\" data-widget_type=\"shortcode.default\">\n\t\t\t\t<div class=\"elementor-widget-container\">\n\t\t\t\t\t\t\t<div class=\"elementor-shortcode\"><\/div>\n\t\t\t\t\t\t<\/div>\n\t\t\t\t<\/div>\n\t\t\t\t<\/div>\n\t\t<div class=\"elementor-element elementor-element-71e0a550 e-con-full e-flex e-con e-child\" data-id=\"71e0a550\" data-element_type=\"container\">\n\t\t<div class=\"elementor-element elementor-element-3698c0e1 e-con-full animated-slow e-flex elementor-invisible e-con e-child\" data-id=\"3698c0e1\" data-element_type=\"container\" data-settings=\"{&quot;background_background&quot;:&quot;classic&quot;,&quot;animation&quot;:&quot;fadeInUp&quot;,&quot;sticky&quot;:&quot;top&quot;,&quot;sticky_offset&quot;:50,&quot;sticky_parent&quot;:&quot;yes&quot;,&quot;sticky_on&quot;:[&quot;desktop&quot;,&quot;tablet&quot;,&quot;mobile&quot;],&quot;sticky_effects_offset&quot;:0,&quot;sticky_anchor_link_offset&quot;:0}\">\n\t\t\t\t<div class=\"elementor-element elementor-element-34154ada elementor-widget elementor-widget-heading\" data-id=\"34154ada\" data-element_type=\"widget\" data-widget_type=\"heading.default\">\n\t\t\t\t<div class=\"elementor-widget-container\">\n\t\t\t\t\t<h2 class=\"elementor-heading-title elementor-size-default\">F\u00fcllen Sie das Formular aus und<\/h2>\t\t\t\t<\/div>\n\t\t\t\t<\/div>\n\t\t\t\t<div class=\"elementor-element elementor-element-78081d5e elementor-widget elementor-widget-heading\" data-id=\"78081d5e\" data-element_type=\"widget\" data-widget_type=\"heading.default\">\n\t\t\t\t<div class=\"elementor-widget-container\">\n\t\t\t\t\t<h2 class=\"elementor-heading-title elementor-size-default\">wir werden Sie anrufen<\/h2>\t\t\t\t<\/div>\n\t\t\t\t<\/div>\n\t\t\t\t<div class=\"elementor-element elementor-element-50f23a06 elementor-button-align-stretch elementor-widget elementor-widget-global elementor-global-4462 elementor-global-1337 elementor-widget-form\" data-id=\"50f23a06\" data-element_type=\"widget\" data-settings=\"{&quot;step_next_label&quot;:&quot;Next&quot;,&quot;step_previous_label&quot;:&quot;Previous&quot;,&quot;button_width&quot;:&quot;100&quot;,&quot;step_type&quot;:&quot;number_text&quot;,&quot;step_icon_shape&quot;:&quot;circle&quot;}\" data-widget_type=\"form.default\">\n\t\t\t\t<div class=\"elementor-widget-container\">\n\t\t\t\t\t\t\t<form class=\"elementor-form\" method=\"post\" name=\"New Form\" aria-label=\"New Form\">\n\t\t\t<input type=\"hidden\" name=\"post_id\" value=\"4169\"\/>\n\t\t\t<input type=\"hidden\" name=\"form_id\" value=\"50f23a06\"\/>\n\t\t\t<input type=\"hidden\" name=\"referer_title\" value=\"\" \/>\n\n\t\t\t\n\t\t\t<div class=\"elementor-form-fields-wrapper elementor-labels-above\">\n\t\t\t\t\t\t\t\t<div class=\"elementor-field-type-text elementor-field-group elementor-column elementor-field-group-name elementor-col-100 elementor-field-required elementor-mark-required\">\n\t\t\t\t\t\t\t\t\t\t\t\t<label for=\"form-field-name\" class=\"elementor-field-label\">\n\t\t\t\t\t\t\t\tVorname\/Nachname\t\t\t\t\t\t\t<\/label>\n\t\t\t\t\t\t\t\t\t\t\t\t\t\t<input size=\"1\" type=\"text\" name=\"form_fields[name]\" id=\"form-field-name\" class=\"elementor-field elementor-size-sm  elementor-field-textual\" placeholder=\"Emma Hannah\" required=\"required\">\n\t\t\t\t\t\t\t\t\t\t\t<\/div>\n\t\t\t\t\t\t\t\t<div class=\"elementor-field-type-tel elementor-field-group elementor-column elementor-field-group-phone elementor-col-100 elementor-field-required elementor-mark-required\">\n\t\t\t\t\t\t\t\t\t\t\t\t<label for=\"form-field-phone\" class=\"elementor-field-label\">\n\t\t\t\t\t\t\t\tTelefon\t\t\t\t\t\t\t<\/label>\n\t\t\t\t\t\t<span class=\"ccfef-editor-intl-input\" data-id=\"form-field-phone\" data-field-id=\"d7a33a8\" data-default-country=\"DE\" data-include-countries=\"\" data-exclude-countries=\"\" data-dial-code-visibility=\"show\" data-strict-mode=\"no\" style=\"display: none;\"><\/span>\t\t<input size=\"1\" type=\"tel\" name=\"form_fields[phone]\" id=\"form-field-phone\" class=\"elementor-field elementor-size-sm  elementor-field-textual\" placeholder=\"+49 XXX XXX XXXX\" required=\"required\" pattern=\"[0-9()#&amp;+*-=.]+\" title=\"Only numbers and phone characters (#, -, *, etc) are accepted.\">\n\n\t\t\t\t\t\t<\/div>\n\t\t\t\t\t\t\t\t<div class=\"elementor-field-type-email elementor-field-group elementor-column elementor-field-group-email elementor-col-100 elementor-field-required elementor-mark-required\">\n\t\t\t\t\t\t\t\t\t\t\t\t<label for=\"form-field-email\" class=\"elementor-field-label\">\n\t\t\t\t\t\t\t\tIhre E-Mail Adresse\t\t\t\t\t\t\t<\/label>\n\t\t\t\t\t\t\t\t\t\t\t\t\t\t<input size=\"1\" type=\"email\" name=\"form_fields[email]\" id=\"form-field-email\" class=\"elementor-field elementor-size-sm  elementor-field-textual\" placeholder=\"sample@gmail.de\" required=\"required\">\n\t\t\t\t\t\t\t\t\t\t\t<\/div>\n\t\t\t\t\t\t\t\t<div class=\"elementor-field-group elementor-column elementor-field-type-submit elementor-col-100 e-form__buttons\">\n\t\t\t\t\t<button class=\"elementor-button elementor-size-md\" type=\"submit\">\n\t\t\t\t\t\t<span class=\"elementor-button-content-wrapper\">\n\t\t\t\t\t\t\t\t\t\t\t\t\t\t\t\t\t\t\t\t\t\t<span class=\"elementor-button-text\">Senden Sie<\/span>\n\t\t\t\t\t\t\t\t\t\t\t\t\t<\/span>\n\t\t\t\t\t<\/button>\n\t\t\t\t<\/div>\n\t\t\t<\/div>\n\t\t<\/form>\n\t\t\t\t\t\t<\/div>\n\t\t\t\t<\/div>\n\t\t\t\t<\/div>\n\t\t\t\t<\/div>\n\t\t\t\t\t<\/div>\n\t\t\t\t<\/div>\n\t\t<div class=\"elementor-element elementor-element-692761d1 e-con-full e-flex e-con e-parent\" data-id=\"692761d1\" data-element_type=\"container\">\n\t\t<div class=\"elementor-element elementor-element-62825be e-flex e-con-boxed e-con e-child\" data-id=\"62825be\" data-element_type=\"container\" data-settings=\"{&quot;background_background&quot;:&quot;classic&quot;}\">\n\t\t\t\t\t<div class=\"e-con-inner\">\n\t\t<div class=\"elementor-element elementor-element-58e11645 e-con-full e-flex e-con e-child\" data-id=\"58e11645\" data-element_type=\"container\">\n\t\t\t\t<div class=\"elementor-element elementor-element-652fb5ca elementor-widget elementor-widget-global elementor-global-4393 elementor-global-2204 elementor-widget-heading\" data-id=\"652fb5ca\" data-element_type=\"widget\" data-widget_type=\"heading.default\">\n\t\t\t\t<div class=\"elementor-widget-container\">\n\t\t\t\t\t<h2 class=\"elementor-heading-title elementor-size-default\">Erfahren Sie die wahre Ursache Ihres Schwindels!<\/h2>\t\t\t\t<\/div>\n\t\t\t\t<\/div>\n\t\t\t\t<div class=\"elementor-element elementor-element-20922b64 elementor-widget elementor-widget-global elementor-global-4387 elementor-global-2207 elementor-widget-text-editor\" data-id=\"20922b64\" data-element_type=\"widget\" data-widget_type=\"text-editor.default\">\n\t\t\t\t<div class=\"elementor-widget-container\">\n\t\t\t\t\t\t\t\t\t<p class=\"p1\">Die Ursache von Schwindel und Gleichgewichtsst\u00f6rungen zu erkennen, ist der erste Schritt zur richtigen Behandlung. Buchen Sie einen Termin f\u00fcr eine individuelle Untersuchung mit unserem Expertenteam und gewinnen Sie Ihre Gesundheit zur\u00fcck.<\/p>\n\t\t\t\t\t\t\t\t<\/div>\n\t\t\t\t<\/div>\n\t\t\t\t<\/div>\n\t\t<div class=\"elementor-element elementor-element-44ee4b7 e-con-full e-flex e-con e-child\" data-id=\"44ee4b7\" data-element_type=\"container\">\n\t\t\t\t<div class=\"elementor-element elementor-element-6f1824f3 elementor-mobile-align-center elementor-widget elementor-widget-global elementor-global-4399 elementor-global-2201 elementor-widget-button\" data-id=\"6f1824f3\" data-element_type=\"widget\" data-widget_type=\"button.default\">\n\t\t\t\t<div class=\"elementor-widget-container\">\n\t\t\t\t\t\t\t\t\t<div class=\"elementor-button-wrapper\">\n\t\t\t\t\t<a class=\"elementor-button elementor-button-link elementor-size-sm\" href=\"https:\/\/api.whatsapp.com\/send?phone=905537053650\" target=\"_blank\" rel=\"noopener\">\n\t\t\t\t\t\t<span class=\"elementor-button-content-wrapper\">\n\t\t\t\t\t\t<span class=\"elementor-button-icon\">\n\t\t\t\t<svg aria-hidden=\"true\" class=\"e-font-icon-svg e-far-arrow-alt-circle-right\" viewBox=\"0 0 512 512\" xmlns=\"http:\/\/www.w3.org\/2000\/svg\"><path d=\"M504 256C504 119 393 8 256 8S8 119 8 256s111 248 248 248 248-111 248-248zm-448 0c0-110.5 89.5-200 200-200s200 89.5 200 200-89.5 200-200 200S56 366.5 56 256zm72 20v-40c0-6.6 5.4-12 12-12h116v-67c0-10.7 12.9-16 20.5-8.5l99 99c4.7 4.7 4.7 12.3 0 17l-99 99c-7.6 7.6-20.5 2.2-20.5-8.5v-67H140c-6.6 0-12-5.4-12-12z\"><\/path><\/svg>\t\t\t<\/span>\n\t\t\t\t\t\t\t\t\t<span class=\"elementor-button-text\">Online-Termin<\/span>\n\t\t\t\t\t<\/span>\n\t\t\t\t\t<\/a>\n\t\t\t\t<\/div>\n\t\t\t\t\t\t\t\t<\/div>\n\t\t\t\t<\/div>\n\t\t\t\t<\/div>\n\t\t\t\t\t<\/div>\n\t\t\t\t<\/div>\n\t\t\t\t<\/div>\n\t\t\t\t<\/div>\n\t\t","protected":false},"excerpt":{"rendered":"<p>Labyrinthitis ist eine Krankheit, die durch eine Entz\u00fcndung der Strukturen im Innenohr, der so genannten Labyrinthe, verursacht wird. Sie kann sowohl das Geh\u00f6r als auch das Gleichgewicht beeintr\u00e4chtigen. Online Randevu Vertigonuzun ger\u00e7ek sebebini \u00f6\u011frenin! Ba\u015f d\u00f6nmesi ve dengenizle ilgili sorunlar\u0131n kayna\u011f\u0131n\u0131 anlamak, do\u011fru tedaviye giden ilk ad\u0131md\u0131r. Uzman ekibimizle bireyselle\u015ftirilmi\u015f bir de\u011ferlendirme i\u00e7in randevunuzu al\u0131n [&hellip;]<\/p>\n","protected":false},"author":1,"featured_media":0,"parent":0,"menu_order":0,"comment_status":"closed","ping_status":"closed","template":"","meta":{"rank_math_title":"","rank_math_description":"","rank_math_focus_keyword":"","rank_math_canonical_url":"","rank_math_robots":"","rank_math_primary_category":"","rank_math_facebook_title":"","rank_math_facebook_description":"","rank_math_facebook_image":"","rank_math_twitter_title":"","rank_math_twitter_description":"","rank_math_twitter_image":"","rank_math_rich_snippet":"article","rank_math_snippet_name":"","rank_math_snippet_desc":"","rank_math_snippet_article_type":"","rank_math_news_sitemap_genres":"","rank_math_pillar_content":"","rank_math_seo_score":0,"footnotes":""},"class_list":["post-4169","page","type-page","status-publish","hentry"],"_links":{"self":[{"href":"https:\/\/akdenizvertigomerkezi.com\/de\/wp-json\/wp\/v2\/pages\/4169","targetHints":{"allow":["GET"]}}],"collection":[{"href":"https:\/\/akdenizvertigomerkezi.com\/de\/wp-json\/wp\/v2\/pages"}],"about":[{"href":"https:\/\/akdenizvertigomerkezi.com\/de\/wp-json\/wp\/v2\/types\/page"}],"author":[{"embeddable":true,"href":"https:\/\/akdenizvertigomerkezi.com\/de\/wp-json\/wp\/v2\/users\/1"}],"replies":[{"embeddable":true,"href":"https:\/\/akdenizvertigomerkezi.com\/de\/wp-json\/wp\/v2\/comments?post=4169"}],"version-history":[{"count":0,"href":"https:\/\/akdenizvertigomerkezi.com\/de\/wp-json\/wp\/v2\/pages\/4169\/revisions"}],"wp:attachment":[{"href":"https:\/\/akdenizvertigomerkezi.com\/de\/wp-json\/wp\/v2\/media?parent=4169"}],"curies":[{"name":"wp","href":"https:\/\/api.w.org\/{rel}","templated":true}]}}