{"id":4253,"date":"2025-01-05T18:34:06","date_gmt":"2025-01-05T15:34:06","guid":{"rendered":"https:\/\/akdenizvertigomerkezi.com\/evaluation-of-different-treatment-alternatives-after-diagnosis-of-the-disease-causing-vertigo\/"},"modified":"2025-02-05T17:51:11","modified_gmt":"2025-02-05T14:51:11","slug":"evaluation-of-different-treatment-alternatives-after-diagnosis-of-the-disease-causing-vertigo","status":"publish","type":"page","link":"https:\/\/akdenizvertigomerkezi.com\/en\/evaluation-of-different-treatment-alternatives-after-diagnosis-of-the-disease-causing-vertigo\/","title":{"rendered":"Evaluation of Different Treatment Alternatives After Diagnosis of the Disease Causing Vertigo"},"content":{"rendered":"\t\t<div data-elementor-type=\"wp-page\" data-elementor-id=\"4253\" class=\"elementor elementor-4253 elementor-3201\" data-elementor-post-type=\"page\">\n\t\t\t\t<div class=\"elementor-element elementor-element-b0e8ea0 mesh-test3 e-flex e-con-boxed e-con e-parent\" data-id=\"b0e8ea0\" data-element_type=\"container\" data-settings=\"{&quot;background_background&quot;:&quot;classic&quot;}\">\n\t\t\t\t\t<div class=\"e-con-inner\">\n\t\t<div class=\"elementor-element elementor-element-519c8c25 e-con-full e-flex e-con e-child\" data-id=\"519c8c25\" data-element_type=\"container\">\n\t\t\t\t<div class=\"elementor-element elementor-element-5581a049 elementor-widget__width-inherit elementor-widget-tablet__width-inherit elementor-widget-mobile__width-inherit animated-slow elementor-invisible elementor-widget elementor-widget-page-title\" data-id=\"5581a049\" data-element_type=\"widget\" data-settings=\"{&quot;_animation&quot;:&quot;fadeIn&quot;}\" data-widget_type=\"page-title.default\">\n\t\t\t\t<div class=\"elementor-widget-container\">\n\t\t\t\t\t\t\t\n\t\t<div class=\"hfe-page-title hfe-page-title-wrapper elementor-widget-heading\">\n\n\t\t\t\t\t\t\t\t<h1 class=\"elementor-heading-title elementor-size-default\">\n\t\t\t\t\t\t\t\t\n\t\t\t\tEvaluation of Different Treatment Alternatives After Diagnosis of the Disease Causing Vertigo  \n\t\t\t<\/h1 > \n\t\t\t\t\t<\/div>\n\t\t\t\t\t\t<\/div>\n\t\t\t\t<\/div>\n\t\t\t\t<div class=\"elementor-element elementor-element-69ca1fdc elementor-hidden-mobile elementor-widget elementor-widget-global elementor-global-4403 elementor-global-919 elementor-widget-button\" data-id=\"69ca1fdc\" data-element_type=\"widget\" data-widget_type=\"button.default\">\n\t\t\t\t<div class=\"elementor-widget-container\">\n\t\t\t\t\t\t\t\t\t<div class=\"elementor-button-wrapper\">\n\t\t\t\t\t<a class=\"elementor-button elementor-button-link elementor-size-sm\" href=\"https:\/\/api.whatsapp.com\/send?phone=905537053650\" target=\"_blank\" rel=\"noopener\">\n\t\t\t\t\t\t<span class=\"elementor-button-content-wrapper\">\n\t\t\t\t\t\t<span class=\"elementor-button-icon\">\n\t\t\t\t<svg aria-hidden=\"true\" class=\"e-font-icon-svg e-far-arrow-alt-circle-right\" viewBox=\"0 0 512 512\" xmlns=\"http:\/\/www.w3.org\/2000\/svg\"><path d=\"M504 256C504 119 393 8 256 8S8 119 8 256s111 248 248 248 248-111 248-248zm-448 0c0-110.5 89.5-200 200-200s200 89.5 200 200-89.5 200-200 200S56 366.5 56 256zm72 20v-40c0-6.6 5.4-12 12-12h116v-67c0-10.7 12.9-16 20.5-8.5l99 99c4.7 4.7 4.7 12.3 0 17l-99 99c-7.6 7.6-20.5 2.2-20.5-8.5v-67H140c-6.6 0-12-5.4-12-12z\"><\/path><\/svg>\t\t\t<\/span>\n\t\t\t\t\t\t\t\t\t<span class=\"elementor-button-text\">Online Appointment<\/span>\n\t\t\t\t\t<\/span>\n\t\t\t\t\t<\/a>\n\t\t\t\t<\/div>\n\t\t\t\t\t\t\t\t<\/div>\n\t\t\t\t<\/div>\n\t\t\t\t<\/div>\n\t\t<div class=\"elementor-element elementor-element-72cf3cdb e-con-full e-flex e-con e-child\" data-id=\"72cf3cdb\" data-element_type=\"container\">\n\t\t\t\t<div class=\"elementor-element elementor-element-7f3fd4ab elementor-widget elementor-widget-global elementor-global-2157 elementor-widget-image\" data-id=\"7f3fd4ab\" data-element_type=\"widget\" data-widget_type=\"image.default\">\n\t\t\t\t<div class=\"elementor-widget-container\">\n\t\t\t\t\t\t\t\t\t\t\t\t\t\t\t<img fetchpriority=\"high\" decoding=\"async\" width=\"750\" height=\"567\" src=\"https:\/\/akdenizvertigomerkezi.com\/wp-content\/uploads\/head-image-avm-final-2025.png\" class=\"attachment-large size-large wp-image-3355\" alt=\"Head image avm final 2025\" srcset=\"https:\/\/akdenizvertigomerkezi.com\/wp-content\/uploads\/head-image-avm-final-2025.png 750w, https:\/\/akdenizvertigomerkezi.com\/wp-content\/uploads\/head-image-avm-final-2025-300x227.png 300w\" sizes=\"(max-width: 750px) 100vw, 750px\" \/>\t\t\t\t\t\t\t\t\t\t\t\t\t\t\t<\/div>\n\t\t\t\t<\/div>\n\t\t\t\t<\/div>\n\t\t\t\t\t<\/div>\n\t\t\t\t<\/div>\n\t\t<div class=\"elementor-element elementor-element-2dad9d75 e-con-full elementor-hidden-desktop elementor-hidden-tablet e-flex e-con e-parent\" data-id=\"2dad9d75\" data-element_type=\"container\">\n\t\t<div class=\"elementor-element elementor-element-3ec38345 e-flex e-con-boxed e-con e-child\" data-id=\"3ec38345\" data-element_type=\"container\" data-settings=\"{&quot;background_background&quot;:&quot;classic&quot;}\">\n\t\t\t\t\t<div class=\"e-con-inner\">\n\t\t<div class=\"elementor-element elementor-element-1382f7eb e-con-full e-flex e-con e-child\" data-id=\"1382f7eb\" data-element_type=\"container\">\n\t\t\t\t<div class=\"elementor-element elementor-element-446432ad elementor-widget elementor-widget-global elementor-global-4391 elementor-global-2204 elementor-widget-heading\" data-id=\"446432ad\" data-element_type=\"widget\" data-widget_type=\"heading.default\">\n\t\t\t\t<div class=\"elementor-widget-container\">\n\t\t\t\t\t<h2 class=\"elementor-heading-title elementor-size-default\">Discover the True Cause of Your Vertigo!<\/h2>\t\t\t\t<\/div>\n\t\t\t\t<\/div>\n\t\t\t\t<div class=\"elementor-element elementor-element-26b5077c elementor-widget elementor-widget-global elementor-global-4385 elementor-global-2207 elementor-widget-text-editor\" data-id=\"26b5077c\" data-element_type=\"widget\" data-widget_type=\"text-editor.default\">\n\t\t\t\t<div class=\"elementor-widget-container\">\n\t\t\t\t\t\t\t\t\t<p class=\"p1\">Understanding the source of dizziness and problems with your balance is the first step towards the right treatment. Book your appointment for an individualized assessment with our team of experts and regain your health.<\/p>\n\t\t\t\t\t\t\t\t<\/div>\n\t\t\t\t<\/div>\n\t\t\t\t<\/div>\n\t\t<div class=\"elementor-element elementor-element-20fc7584 e-con-full e-flex e-con e-child\" data-id=\"20fc7584\" data-element_type=\"container\">\n\t\t\t\t<div class=\"elementor-element elementor-element-6e4fcc9a elementor-mobile-align-center elementor-widget elementor-widget-global elementor-global-4397 elementor-global-2201 elementor-widget-button\" data-id=\"6e4fcc9a\" data-element_type=\"widget\" data-widget_type=\"button.default\">\n\t\t\t\t<div class=\"elementor-widget-container\">\n\t\t\t\t\t\t\t\t\t<div class=\"elementor-button-wrapper\">\n\t\t\t\t\t<a class=\"elementor-button elementor-button-link elementor-size-sm\" href=\"https:\/\/api.whatsapp.com\/send?phone=905537053650\" target=\"_blank\" rel=\"noopener\">\n\t\t\t\t\t\t<span class=\"elementor-button-content-wrapper\">\n\t\t\t\t\t\t<span class=\"elementor-button-icon\">\n\t\t\t\t<svg aria-hidden=\"true\" class=\"e-font-icon-svg e-far-arrow-alt-circle-right\" viewBox=\"0 0 512 512\" xmlns=\"http:\/\/www.w3.org\/2000\/svg\"><path d=\"M504 256C504 119 393 8 256 8S8 119 8 256s111 248 248 248 248-111 248-248zm-448 0c0-110.5 89.5-200 200-200s200 89.5 200 200-89.5 200-200 200S56 366.5 56 256zm72 20v-40c0-6.6 5.4-12 12-12h116v-67c0-10.7 12.9-16 20.5-8.5l99 99c4.7 4.7 4.7 12.3 0 17l-99 99c-7.6 7.6-20.5 2.2-20.5-8.5v-67H140c-6.6 0-12-5.4-12-12z\"><\/path><\/svg>\t\t\t<\/span>\n\t\t\t\t\t\t\t\t\t<span class=\"elementor-button-text\">Online Appointment<\/span>\n\t\t\t\t\t<\/span>\n\t\t\t\t\t<\/a>\n\t\t\t\t<\/div>\n\t\t\t\t\t\t\t\t<\/div>\n\t\t\t\t<\/div>\n\t\t\t\t<\/div>\n\t\t\t\t\t<\/div>\n\t\t\t\t<\/div>\n\t\t\t\t<\/div>\n\t\t<div class=\"elementor-element elementor-element-34ef8267 e-flex e-con-boxed e-con e-parent\" data-id=\"34ef8267\" data-element_type=\"container\">\n\t\t\t\t\t<div class=\"e-con-inner\">\n\t\t<div class=\"elementor-element elementor-element-44ca54cf e-con-full e-flex e-con e-child\" data-id=\"44ca54cf\" data-element_type=\"container\">\n\t\t\t\t<div class=\"elementor-element elementor-element-9051583 elementor-widget elementor-widget-text-editor\" data-id=\"9051583\" data-element_type=\"widget\" data-widget_type=\"text-editor.default\">\n\t\t\t\t<div class=\"elementor-widget-container\">\n\t\t\t\t\t\t\t\t\t<p>The treatment for your vertigo will be tailored to your specific condition and needs. Since the cause and severity of symptoms vary for each patient, the treatment approach is personalized. First, the underlying cause will be determined through a detailed examination and necessary tests. For instance, if your vertigo is caused by benign paroxysmal positional vertigo (BPPV), it can be treated with specific maneuvers. However, if the underlying cause is Meniere&#8217;s disease, vestibular migraine, or another condition, different treatment methods may be applied.<\/p>\n\t\t\t\t\t\t\t\t<\/div>\n\t\t\t\t<\/div>\n\t\t\t\t<div class=\"elementor-element elementor-element-a5f3991 elementor-widget elementor-widget-gallery\" data-id=\"a5f3991\" data-element_type=\"widget\" data-settings=\"{&quot;columns&quot;:3,&quot;aspect_ratio&quot;:&quot;1:1&quot;,&quot;lazyload&quot;:&quot;yes&quot;,&quot;gallery_layout&quot;:&quot;grid&quot;,&quot;columns_tablet&quot;:2,&quot;columns_mobile&quot;:1,&quot;gap&quot;:{&quot;unit&quot;:&quot;px&quot;,&quot;size&quot;:10,&quot;sizes&quot;:[]},&quot;gap_tablet&quot;:{&quot;unit&quot;:&quot;px&quot;,&quot;size&quot;:10,&quot;sizes&quot;:[]},&quot;gap_mobile&quot;:{&quot;unit&quot;:&quot;px&quot;,&quot;size&quot;:10,&quot;sizes&quot;:[]},&quot;link_to&quot;:&quot;file&quot;,&quot;overlay_background&quot;:&quot;yes&quot;,&quot;content_hover_animation&quot;:&quot;fade-in&quot;}\" data-widget_type=\"gallery.default\">\n\t\t\t\t<div class=\"elementor-widget-container\">\n\t\t\t\t\t\t\t<div class=\"elementor-gallery__container\">\n\t\t\t\t\t\t\t<a class=\"e-gallery-item elementor-gallery-item elementor-animated-content\" href=\"https:\/\/akdenizvertigomerkezi.com\/wp-content\/uploads\/IMG_6423.jpg\" data-elementor-open-lightbox=\"yes\" data-elementor-lightbox-slideshow=\"a5f3991\" data-elementor-lightbox-title=\"IMG_6423\" data-e-action-hash=\"#elementor-action%3Aaction%3Dlightbox%26settings%3DeyJpZCI6MzIwNiwidXJsIjoiaHR0cHM6XC9cL2FrZGVuaXp2ZXJ0aWdvbWVya2V6aS5jb21cL3dwLWNvbnRlbnRcL3VwbG9hZHNcL0lNR182NDIzLmpwZyIsInNsaWRlc2hvdyI6ImE1ZjM5OTEifQ%3D%3D\">\n\t\t\t\t\t<div class=\"e-gallery-image elementor-gallery-item__image\" data-thumbnail=\"https:\/\/akdenizvertigomerkezi.com\/wp-content\/uploads\/IMG_6423.jpg\" data-width=\"569\" data-height=\"1000\" aria-label=\"IMG 6423\" role=\"img\" ><\/div>\n\t\t\t\t\t\t\t\t\t\t\t<div class=\"elementor-gallery-item__overlay\"><\/div>\n\t\t\t\t\t\t\t\t\t\t\t\t\t\t<\/a>\n\t\t\t\t\t\t\t<a class=\"e-gallery-item elementor-gallery-item elementor-animated-content\" href=\"https:\/\/akdenizvertigomerkezi.com\/wp-content\/uploads\/IMG_3478.jpg\" data-elementor-open-lightbox=\"yes\" data-elementor-lightbox-slideshow=\"a5f3991\" data-elementor-lightbox-title=\"IMG_3478\" data-e-action-hash=\"#elementor-action%3Aaction%3Dlightbox%26settings%3DeyJpZCI6MzIwNCwidXJsIjoiaHR0cHM6XC9cL2FrZGVuaXp2ZXJ0aWdvbWVya2V6aS5jb21cL3dwLWNvbnRlbnRcL3VwbG9hZHNcL0lNR18zNDc4LmpwZyIsInNsaWRlc2hvdyI6ImE1ZjM5OTEifQ%3D%3D\">\n\t\t\t\t\t<div class=\"e-gallery-image elementor-gallery-item__image\" data-thumbnail=\"https:\/\/akdenizvertigomerkezi.com\/wp-content\/uploads\/IMG_3478-768x654.jpg\" data-width=\"768\" data-height=\"654\" aria-label=\"IMG 3478\" role=\"img\" ><\/div>\n\t\t\t\t\t\t\t\t\t\t\t<div class=\"elementor-gallery-item__overlay\"><\/div>\n\t\t\t\t\t\t\t\t\t\t\t\t\t\t<\/a>\n\t\t\t\t\t\t\t<a class=\"e-gallery-item elementor-gallery-item elementor-animated-content\" href=\"https:\/\/akdenizvertigomerkezi.com\/wp-content\/uploads\/IMG_6422.jpg\" data-elementor-open-lightbox=\"yes\" data-elementor-lightbox-slideshow=\"a5f3991\" data-elementor-lightbox-title=\"IMG_6422\" data-e-action-hash=\"#elementor-action%3Aaction%3Dlightbox%26settings%3DeyJpZCI6MzIwNSwidXJsIjoiaHR0cHM6XC9cL2FrZGVuaXp2ZXJ0aWdvbWVya2V6aS5jb21cL3dwLWNvbnRlbnRcL3VwbG9hZHNcL0lNR182NDIyLmpwZyIsInNsaWRlc2hvdyI6ImE1ZjM5OTEifQ%3D%3D\">\n\t\t\t\t\t<div class=\"e-gallery-image elementor-gallery-item__image\" data-thumbnail=\"https:\/\/akdenizvertigomerkezi.com\/wp-content\/uploads\/IMG_6422.jpg\" data-width=\"590\" data-height=\"1000\" aria-label=\"IMG 6422\" role=\"img\" ><\/div>\n\t\t\t\t\t\t\t\t\t\t\t<div class=\"elementor-gallery-item__overlay\"><\/div>\n\t\t\t\t\t\t\t\t\t\t\t\t\t\t<\/a>\n\t\t\t\t\t<\/div>\n\t\t\t\t\t<\/div>\n\t\t\t\t<\/div>\n\t\t\t\t<div class=\"elementor-element elementor-element-dd28ca2 elementor-widget elementor-widget-text-editor\" data-id=\"dd28ca2\" data-element_type=\"widget\" data-widget_type=\"text-editor.default\">\n\t\t\t\t<div class=\"elementor-widget-container\">\n\t\t\t\t\t\t\t\t\t<p>During the treatment process, lifestyle adjustments, a balanced diet, vestibular rehabilitation exercises, and medication therapy, if necessary, may be incorporated. In conditions like Meniere&#8217;s disease, corticosteroid injections into the ear can be an effective method to alleviate symptoms and control inflammation. Gentamicin injections, on the other hand, are used in more severe and treatment-resistant cases, targeting the balance system in the inner ear to control symptoms. However, this method must be applied carefully, with potential side effects thoroughly evaluated.<\/p>\n<p>The goal is not only to alleviate symptoms but also to improve your quality of life. Therefore, the treatment plan will be prepared considering your expectations and lifestyle habits. You will be informed at every stage, and all decisions will be made together with you. If you have any questions or concerns, please feel free to share them with us.<\/p>\n\t\t\t\t\t\t\t\t<\/div>\n\t\t\t\t<\/div>\n\t\t\t\t<div class=\"elementor-element elementor-element-595dcbb elementor-widget elementor-widget-shortcode\" data-id=\"595dcbb\" data-element_type=\"widget\" data-widget_type=\"shortcode.default\">\n\t\t\t\t<div class=\"elementor-widget-container\">\n\t\t\t\t\t\t\t<div class=\"elementor-shortcode\"><\/div>\n\t\t\t\t\t\t<\/div>\n\t\t\t\t<\/div>\n\t\t\t\t<\/div>\n\t\t<div class=\"elementor-element elementor-element-582f09af e-con-full e-flex e-con e-child\" data-id=\"582f09af\" data-element_type=\"container\">\n\t\t<div class=\"elementor-element elementor-element-2dea0b74 e-con-full animated-slow e-flex elementor-invisible e-con e-child\" data-id=\"2dea0b74\" data-element_type=\"container\" data-settings=\"{&quot;background_background&quot;:&quot;classic&quot;,&quot;animation&quot;:&quot;fadeInUp&quot;,&quot;sticky&quot;:&quot;top&quot;,&quot;sticky_offset&quot;:50,&quot;sticky_parent&quot;:&quot;yes&quot;,&quot;sticky_on&quot;:[&quot;desktop&quot;,&quot;tablet&quot;,&quot;mobile&quot;],&quot;sticky_effects_offset&quot;:0,&quot;sticky_anchor_link_offset&quot;:0}\">\n\t\t\t\t<div class=\"elementor-element elementor-element-5d3ec26e elementor-widget elementor-widget-heading\" data-id=\"5d3ec26e\" data-element_type=\"widget\" data-widget_type=\"heading.default\">\n\t\t\t\t<div class=\"elementor-widget-container\">\n\t\t\t\t\t<h2 class=\"elementor-heading-title elementor-size-default\">Fill out the form and<\/h2>\t\t\t\t<\/div>\n\t\t\t\t<\/div>\n\t\t\t\t<div class=\"elementor-element elementor-element-33f42d58 elementor-widget elementor-widget-heading\" data-id=\"33f42d58\" data-element_type=\"widget\" data-widget_type=\"heading.default\">\n\t\t\t\t<div class=\"elementor-widget-container\">\n\t\t\t\t\t<h2 class=\"elementor-heading-title elementor-size-default\">we will call you<\/h2>\t\t\t\t<\/div>\n\t\t\t\t<\/div>\n\t\t\t\t<div class=\"elementor-element elementor-element-48f01d93 elementor-button-align-stretch elementor-widget elementor-widget-global elementor-global-4409 elementor-global-1337 elementor-widget-form\" data-id=\"48f01d93\" data-element_type=\"widget\" data-settings=\"{&quot;step_next_label&quot;:&quot;Next&quot;,&quot;step_previous_label&quot;:&quot;Previous&quot;,&quot;button_width&quot;:&quot;100&quot;,&quot;step_type&quot;:&quot;number_text&quot;,&quot;step_icon_shape&quot;:&quot;circle&quot;}\" data-widget_type=\"form.default\">\n\t\t\t\t<div class=\"elementor-widget-container\">\n\t\t\t\t\t\t\t<form class=\"elementor-form\" method=\"post\" name=\"New Form\" aria-label=\"New Form\">\n\t\t\t<input type=\"hidden\" name=\"post_id\" value=\"4253\"\/>\n\t\t\t<input type=\"hidden\" name=\"form_id\" value=\"48f01d93\"\/>\n\t\t\t<input type=\"hidden\" name=\"referer_title\" value=\"\" \/>\n\n\t\t\t\n\t\t\t<div class=\"elementor-form-fields-wrapper elementor-labels-above\">\n\t\t\t\t\t\t\t\t<div class=\"elementor-field-type-text elementor-field-group elementor-column elementor-field-group-name elementor-col-100 elementor-field-required elementor-mark-required\">\n\t\t\t\t\t\t\t\t\t\t\t\t<label for=\"form-field-name\" class=\"elementor-field-label\">\n\t\t\t\t\t\t\t\tName-Surname\t\t\t\t\t\t\t<\/label>\n\t\t\t\t\t\t\t\t\t\t\t\t\t\t<input size=\"1\" type=\"text\" name=\"form_fields[name]\" id=\"form-field-name\" class=\"elementor-field elementor-size-sm  elementor-field-textual\" placeholder=\"Emily Abigail\" required=\"required\">\n\t\t\t\t\t\t\t\t\t\t\t<\/div>\n\t\t\t\t\t\t\t\t<div class=\"elementor-field-type-tel elementor-field-group elementor-column elementor-field-group-phone elementor-col-100 elementor-field-required elementor-mark-required\">\n\t\t\t\t\t\t\t\t\t\t\t\t<label for=\"form-field-phone\" class=\"elementor-field-label\">\n\t\t\t\t\t\t\t\tTelephone\t\t\t\t\t\t\t<\/label>\n\t\t\t\t\t\t<span class=\"ccfef-editor-intl-input\" data-id=\"form-field-phone\" data-field-id=\"d7a33a8\" data-default-country=\"GB\" data-include-countries=\"\" data-exclude-countries=\"\" data-dial-code-visibility=\"show\" data-strict-mode=\"no\" style=\"display: none;\"><\/span>\t\t<input size=\"1\" type=\"tel\" name=\"form_fields[phone]\" id=\"form-field-phone\" class=\"elementor-field elementor-size-sm  elementor-field-textual\" placeholder=\"+44 XXXX XXXXXX\" required=\"required\" pattern=\"[0-9()#&amp;+*-=.]+\" title=\"Only numbers and phone characters (#, -, *, etc) are accepted.\">\n\n\t\t\t\t\t\t<\/div>\n\t\t\t\t\t\t\t\t<div class=\"elementor-field-type-email elementor-field-group elementor-column elementor-field-group-email elementor-col-100 elementor-field-required elementor-mark-required\">\n\t\t\t\t\t\t\t\t\t\t\t\t<label for=\"form-field-email\" class=\"elementor-field-label\">\n\t\t\t\t\t\t\t\tYour E-Mail Address\t\t\t\t\t\t\t<\/label>\n\t\t\t\t\t\t\t\t\t\t\t\t\t\t<input size=\"1\" type=\"email\" name=\"form_fields[email]\" id=\"form-field-email\" class=\"elementor-field elementor-size-sm  elementor-field-textual\" placeholder=\"sample@gmail.com\" required=\"required\">\n\t\t\t\t\t\t\t\t\t\t\t<\/div>\n\t\t\t\t\t\t\t\t<div class=\"elementor-field-group elementor-column elementor-field-type-submit elementor-col-100 e-form__buttons\">\n\t\t\t\t\t<button class=\"elementor-button elementor-size-md\" type=\"submit\">\n\t\t\t\t\t\t<span class=\"elementor-button-content-wrapper\">\n\t\t\t\t\t\t\t\t\t\t\t\t\t\t\t\t\t\t\t\t\t\t<span class=\"elementor-button-text\">Submit<\/span>\n\t\t\t\t\t\t\t\t\t\t\t\t\t<\/span>\n\t\t\t\t\t<\/button>\n\t\t\t\t<\/div>\n\t\t\t<\/div>\n\t\t<\/form>\n\t\t\t\t\t\t<\/div>\n\t\t\t\t<\/div>\n\t\t\t\t<\/div>\n\t\t\t\t<\/div>\n\t\t\t\t\t<\/div>\n\t\t\t\t<\/div>\n\t\t<div class=\"elementor-element elementor-element-51502140 e-con-full e-flex e-con e-parent\" data-id=\"51502140\" data-element_type=\"container\">\n\t\t<div class=\"elementor-element elementor-element-1a2b6472 e-flex e-con-boxed e-con e-child\" data-id=\"1a2b6472\" data-element_type=\"container\" data-settings=\"{&quot;background_background&quot;:&quot;classic&quot;}\">\n\t\t\t\t\t<div class=\"e-con-inner\">\n\t\t<div class=\"elementor-element elementor-element-3b6a599d e-con-full e-flex e-con e-child\" data-id=\"3b6a599d\" data-element_type=\"container\">\n\t\t\t\t<div class=\"elementor-element elementor-element-6051137e elementor-widget elementor-widget-global elementor-global-4391 elementor-global-2204 elementor-widget-heading\" data-id=\"6051137e\" data-element_type=\"widget\" data-widget_type=\"heading.default\">\n\t\t\t\t<div class=\"elementor-widget-container\">\n\t\t\t\t\t<h2 class=\"elementor-heading-title elementor-size-default\">Discover the True Cause of Your Vertigo!<\/h2>\t\t\t\t<\/div>\n\t\t\t\t<\/div>\n\t\t\t\t<div class=\"elementor-element elementor-element-1cc20f94 elementor-widget elementor-widget-global elementor-global-4385 elementor-global-2207 elementor-widget-text-editor\" data-id=\"1cc20f94\" data-element_type=\"widget\" data-widget_type=\"text-editor.default\">\n\t\t\t\t<div class=\"elementor-widget-container\">\n\t\t\t\t\t\t\t\t\t<p class=\"p1\">Understanding the source of dizziness and problems with your balance is the first step towards the right treatment. Book your appointment for an individualized assessment with our team of experts and regain your health.<\/p>\n\t\t\t\t\t\t\t\t<\/div>\n\t\t\t\t<\/div>\n\t\t\t\t<\/div>\n\t\t<div class=\"elementor-element elementor-element-2178b994 e-con-full e-flex e-con e-child\" data-id=\"2178b994\" data-element_type=\"container\">\n\t\t\t\t<div class=\"elementor-element elementor-element-3aecff03 elementor-mobile-align-center elementor-widget elementor-widget-global elementor-global-4397 elementor-global-2201 elementor-widget-button\" data-id=\"3aecff03\" data-element_type=\"widget\" data-widget_type=\"button.default\">\n\t\t\t\t<div class=\"elementor-widget-container\">\n\t\t\t\t\t\t\t\t\t<div class=\"elementor-button-wrapper\">\n\t\t\t\t\t<a class=\"elementor-button elementor-button-link elementor-size-sm\" href=\"https:\/\/api.whatsapp.com\/send?phone=905537053650\" target=\"_blank\" rel=\"noopener\">\n\t\t\t\t\t\t<span class=\"elementor-button-content-wrapper\">\n\t\t\t\t\t\t<span class=\"elementor-button-icon\">\n\t\t\t\t<svg aria-hidden=\"true\" class=\"e-font-icon-svg e-far-arrow-alt-circle-right\" viewBox=\"0 0 512 512\" xmlns=\"http:\/\/www.w3.org\/2000\/svg\"><path d=\"M504 256C504 119 393 8 256 8S8 119 8 256s111 248 248 248 248-111 248-248zm-448 0c0-110.5 89.5-200 200-200s200 89.5 200 200-89.5 200-200 200S56 366.5 56 256zm72 20v-40c0-6.6 5.4-12 12-12h116v-67c0-10.7 12.9-16 20.5-8.5l99 99c4.7 4.7 4.7 12.3 0 17l-99 99c-7.6 7.6-20.5 2.2-20.5-8.5v-67H140c-6.6 0-12-5.4-12-12z\"><\/path><\/svg>\t\t\t<\/span>\n\t\t\t\t\t\t\t\t\t<span class=\"elementor-button-text\">Online Appointment<\/span>\n\t\t\t\t\t<\/span>\n\t\t\t\t\t<\/a>\n\t\t\t\t<\/div>\n\t\t\t\t\t\t\t\t<\/div>\n\t\t\t\t<\/div>\n\t\t\t\t<\/div>\n\t\t\t\t\t<\/div>\n\t\t\t\t<\/div>\n\t\t\t\t<\/div>\n\t\t\t\t<\/div>\n\t\t","protected":false},"excerpt":{"rendered":"<p>Online Randevu Vertigonuzun ger\u00e7ek sebebini \u00f6\u011frenin! Ba\u015f d\u00f6nmesi ve dengenizle ilgili sorunlar\u0131n kayna\u011f\u0131n\u0131 anlamak, do\u011fru tedaviye giden ilk ad\u0131md\u0131r. Uzman ekibimizle bireyselle\u015ftirilmi\u015f bir de\u011ferlendirme i\u00e7in randevunuzu al\u0131n ve sa\u011fl\u0131\u011f\u0131n\u0131za yeniden kavu\u015fun. Online Randevu The treatment for your vertigo will be tailored to your specific condition and needs. Since the cause and severity of symptoms vary [&hellip;]<\/p>\n","protected":false},"author":1,"featured_media":0,"parent":0,"menu_order":0,"comment_status":"closed","ping_status":"closed","template":"","meta":{"rank_math_title":"","rank_math_description":"","rank_math_focus_keyword":"","rank_math_canonical_url":"","rank_math_robots":"","rank_math_primary_category":"","rank_math_facebook_title":"","rank_math_facebook_description":"","rank_math_facebook_image":"","rank_math_twitter_title":"","rank_math_twitter_description":"","rank_math_twitter_image":"","rank_math_rich_snippet":"article","rank_math_snippet_name":"","rank_math_snippet_desc":"","rank_math_snippet_article_type":"","rank_math_news_sitemap_genres":"","rank_math_pillar_content":"","rank_math_seo_score":0,"footnotes":""},"class_list":["post-4253","page","type-page","status-publish","hentry"],"_links":{"self":[{"href":"https:\/\/akdenizvertigomerkezi.com\/en\/wp-json\/wp\/v2\/pages\/4253","targetHints":{"allow":["GET"]}}],"collection":[{"href":"https:\/\/akdenizvertigomerkezi.com\/en\/wp-json\/wp\/v2\/pages"}],"about":[{"href":"https:\/\/akdenizvertigomerkezi.com\/en\/wp-json\/wp\/v2\/types\/page"}],"author":[{"embeddable":true,"href":"https:\/\/akdenizvertigomerkezi.com\/en\/wp-json\/wp\/v2\/users\/1"}],"replies":[{"embeddable":true,"href":"https:\/\/akdenizvertigomerkezi.com\/en\/wp-json\/wp\/v2\/comments?post=4253"}],"version-history":[{"count":0,"href":"https:\/\/akdenizvertigomerkezi.com\/en\/wp-json\/wp\/v2\/pages\/4253\/revisions"}],"wp:attachment":[{"href":"https:\/\/akdenizvertigomerkezi.com\/en\/wp-json\/wp\/v2\/media?parent=4253"}],"curies":[{"name":"wp","href":"https:\/\/api.w.org\/{rel}","templated":true}]}}