{"id":4065,"date":"2024-11-18T12:48:27","date_gmt":"2024-11-18T09:48:27","guid":{"rendered":"https:\/\/akdenizvertigomerkezi.com\/%d1%82%d0%b5%d1%81%d1%82-vhit\/"},"modified":"2025-02-05T17:51:47","modified_gmt":"2025-02-05T14:51:47","slug":"%d1%82%d0%b5%d1%81%d1%82-vhit","status":"publish","type":"page","link":"https:\/\/akdenizvertigomerkezi.com\/ru\/%d1%82%d0%b5%d1%81%d1%82-vhit\/","title":{"rendered":"\u0422\u0435\u0441\u0442 VHIT"},"content":{"rendered":"\t\t<div data-elementor-type=\"wp-page\" data-elementor-id=\"4065\" class=\"elementor elementor-4065 elementor-956\" data-elementor-post-type=\"page\">\n\t\t\t\t<div class=\"elementor-element elementor-element-c7483d0 mesh-test3 e-flex e-con-boxed e-con e-parent\" data-id=\"c7483d0\" data-element_type=\"container\" data-settings=\"{&quot;background_background&quot;:&quot;classic&quot;}\">\n\t\t\t\t\t<div class=\"e-con-inner\">\n\t\t<div class=\"elementor-element elementor-element-4357740 e-con-full e-flex e-con e-child\" data-id=\"4357740\" data-element_type=\"container\">\n\t\t\t\t<div class=\"elementor-element elementor-element-0aaa418 elementor-widget__width-inherit elementor-widget-tablet__width-inherit elementor-widget-mobile__width-inherit animated-slow elementor-invisible elementor-widget elementor-widget-page-title\" data-id=\"0aaa418\" data-element_type=\"widget\" data-settings=\"{&quot;_animation&quot;:&quot;fadeIn&quot;}\" data-widget_type=\"page-title.default\">\n\t\t\t\t<div class=\"elementor-widget-container\">\n\t\t\t\t\t\t\t\n\t\t<div class=\"hfe-page-title hfe-page-title-wrapper elementor-widget-heading\">\n\n\t\t\t\t\t\t\t\t<h1 class=\"elementor-heading-title elementor-size-default\">\n\t\t\t\t\t\t\t\t\n\t\t\t\t\u0422\u0435\u0441\u0442 VHIT  \n\t\t\t<\/h1 > \n\t\t\t\t\t<\/div>\n\t\t\t\t\t\t<\/div>\n\t\t\t\t<\/div>\n\t\t\t\t<div class=\"elementor-element elementor-element-f7d53a1 elementor-widget__width-inherit elementor-widget-mobile__width-inherit elementor-invisible elementor-widget elementor-widget-text-editor\" data-id=\"f7d53a1\" data-element_type=\"widget\" data-settings=\"{&quot;_animation&quot;:&quot;fadeIn&quot;,&quot;_animation_delay&quot;:250}\" data-widget_type=\"text-editor.default\">\n\t\t\t\t<div class=\"elementor-widget-container\">\n\t\t\t\t\t\t\t\t\t<p class=\"p1\">\u0422\u0435\u0441\u0442 VHIT (\u0412\u0438\u0434\u0435\u043e-\u0418\u043c\u043f\u0443\u043b\u044c\u0441\u043d\u044b\u0439 \u0422\u0435\u0441\u0442 \u0413\u043e\u043b\u043e\u0432\u044b) \u2014 \u044d\u0442\u043e \u0434\u0438\u0430\u0433\u043d\u043e\u0441\u0442\u0438\u0447\u0435\u0441\u043a\u0438\u0439 \u043c\u0435\u0442\u043e\u0434, \u043a\u043e\u0442\u043e\u0440\u044b\u0439 \u043e\u0446\u0435\u043d\u0438\u0432\u0430\u0435\u0442 \u0432\u0430\u0448\u0443 \u0441\u0438\u0441\u0442\u0435\u043c\u0443 \u0440\u0430\u0432\u043d\u043e\u0432\u0435\u0441\u0438\u044f, \u0438\u0437\u043c\u0435\u0440\u044f\u044f \u0433\u043b\u0430\u0437\u043d\u044b\u0435 \u0440\u0435\u0444\u043b\u0435\u043a\u0441\u044b \u0432 \u043e\u0442\u0432\u0435\u0442 \u043d\u0430 \u0434\u0432\u0438\u0436\u0435\u043d\u0438\u044f \u0433\u043e\u043b\u043e\u0432\u044b.<\/p>\n\t\t\t\t\t\t\t\t<\/div>\n\t\t\t\t<\/div>\n\t\t\t\t<div class=\"elementor-element elementor-element-562e27b elementor-hidden-mobile elementor-widget elementor-widget-global elementor-global-4407 elementor-global-919 elementor-widget-button\" data-id=\"562e27b\" data-element_type=\"widget\" data-widget_type=\"button.default\">\n\t\t\t\t<div class=\"elementor-widget-container\">\n\t\t\t\t\t\t\t\t\t<div class=\"elementor-button-wrapper\">\n\t\t\t\t\t<a class=\"elementor-button elementor-button-link elementor-size-sm\" href=\"https:\/\/api.whatsapp.com\/send?phone=905537053650\" target=\"_blank\" rel=\"noopener\">\n\t\t\t\t\t\t<span class=\"elementor-button-content-wrapper\">\n\t\t\t\t\t\t<span class=\"elementor-button-icon\">\n\t\t\t\t<svg aria-hidden=\"true\" class=\"e-font-icon-svg e-far-arrow-alt-circle-right\" viewBox=\"0 0 512 512\" xmlns=\"http:\/\/www.w3.org\/2000\/svg\"><path d=\"M504 256C504 119 393 8 256 8S8 119 8 256s111 248 248 248 248-111 248-248zm-448 0c0-110.5 89.5-200 200-200s200 89.5 200 200-89.5 200-200 200S56 366.5 56 256zm72 20v-40c0-6.6 5.4-12 12-12h116v-67c0-10.7 12.9-16 20.5-8.5l99 99c4.7 4.7 4.7 12.3 0 17l-99 99c-7.6 7.6-20.5 2.2-20.5-8.5v-67H140c-6.6 0-12-5.4-12-12z\"><\/path><\/svg>\t\t\t<\/span>\n\t\t\t\t\t\t\t\t\t<span class=\"elementor-button-text\">\u041d\u0430\u0437\u043d\u0430\u0447\u0435\u043d\u0438\u0435 \u043e\u043d\u043b\u0430\u0439\u043d<\/span>\n\t\t\t\t\t<\/span>\n\t\t\t\t\t<\/a>\n\t\t\t\t<\/div>\n\t\t\t\t\t\t\t\t<\/div>\n\t\t\t\t<\/div>\n\t\t\t\t<\/div>\n\t\t<div class=\"elementor-element elementor-element-8d339ce e-con-full e-flex e-con e-child\" data-id=\"8d339ce\" data-element_type=\"container\">\n\t\t\t\t<div class=\"elementor-element elementor-element-f223d0c elementor-widget elementor-widget-global elementor-global-2157 elementor-widget-image\" data-id=\"f223d0c\" data-element_type=\"widget\" data-widget_type=\"image.default\">\n\t\t\t\t<div class=\"elementor-widget-container\">\n\t\t\t\t\t\t\t\t\t\t\t\t\t\t\t<img fetchpriority=\"high\" decoding=\"async\" width=\"750\" height=\"567\" src=\"https:\/\/akdenizvertigomerkezi.com\/wp-content\/uploads\/head-image-avm-final-2025.png\" class=\"attachment-large size-large wp-image-3355\" alt=\"Head image avm final 2025\" srcset=\"https:\/\/akdenizvertigomerkezi.com\/wp-content\/uploads\/head-image-avm-final-2025.png 750w, https:\/\/akdenizvertigomerkezi.com\/wp-content\/uploads\/head-image-avm-final-2025-300x227.png 300w\" sizes=\"(max-width: 750px) 100vw, 750px\" \/>\t\t\t\t\t\t\t\t\t\t\t\t\t\t\t<\/div>\n\t\t\t\t<\/div>\n\t\t\t\t<\/div>\n\t\t\t\t\t<\/div>\n\t\t\t\t<\/div>\n\t\t<div class=\"elementor-element elementor-element-546c0a6 e-con-full elementor-hidden-desktop elementor-hidden-tablet e-flex e-con e-parent\" data-id=\"546c0a6\" data-element_type=\"container\">\n\t\t<div class=\"elementor-element elementor-element-1e841aa e-flex e-con-boxed e-con e-child\" data-id=\"1e841aa\" data-element_type=\"container\" data-settings=\"{&quot;background_background&quot;:&quot;classic&quot;}\">\n\t\t\t\t\t<div class=\"e-con-inner\">\n\t\t<div class=\"elementor-element elementor-element-2feb92c e-con-full e-flex e-con e-child\" data-id=\"2feb92c\" data-element_type=\"container\">\n\t\t\t\t<div class=\"elementor-element elementor-element-3d7c9c1 elementor-widget elementor-widget-global elementor-global-4395 elementor-global-2204 elementor-widget-heading\" data-id=\"3d7c9c1\" data-element_type=\"widget\" data-widget_type=\"heading.default\">\n\t\t\t\t<div class=\"elementor-widget-container\">\n\t\t\t\t\t<h2 class=\"elementor-heading-title elementor-size-default\">\u0423\u0437\u043d\u0430\u0439\u0442\u0435 \u0438\u0441\u0442\u0438\u043d\u043d\u0443\u044e \u043f\u0440\u0438\u0447\u0438\u043d\u0443 \u0432\u0430\u0448\u0435\u0433\u043e \u0433\u043e\u043b\u043e\u0432\u043e\u043a\u0440\u0443\u0436\u0435\u043d\u0438\u044f!<\/h2>\t\t\t\t<\/div>\n\t\t\t\t<\/div>\n\t\t\t\t<div class=\"elementor-element elementor-element-18ff5a1 elementor-widget elementor-widget-global elementor-global-4389 elementor-global-2207 elementor-widget-text-editor\" data-id=\"18ff5a1\" data-element_type=\"widget\" data-widget_type=\"text-editor.default\">\n\t\t\t\t<div class=\"elementor-widget-container\">\n\t\t\t\t\t\t\t\t\t<p class=\"p1\">\u041f\u043e\u043d\u0438\u043c\u0430\u043d\u0438\u0435 \u043f\u0440\u0438\u0447\u0438\u043d\u044b \u0433\u043e\u043b\u043e\u0432\u043e\u043a\u0440\u0443\u0436\u0435\u043d\u0438\u044f \u0438 \u043f\u0440\u043e\u0431\u043b\u0435\u043c \u0441 \u0440\u0430\u0432\u043d\u043e\u0432\u0435\u0441\u0438\u0435\u043c &#8212; \u043f\u0435\u0440\u0432\u044b\u0439 \u0448\u0430\u0433 \u043a \u043f\u0440\u0430\u0432\u0438\u043b\u044c\u043d\u043e\u043c\u0443 \u043b\u0435\u0447\u0435\u043d\u0438\u044e. \u0417\u0430\u043f\u0438\u0448\u0438\u0442\u0435\u0441\u044c \u043d\u0430 \u0438\u043d\u0434\u0438\u0432\u0438\u0434\u0443\u0430\u043b\u044c\u043d\u0443\u044e \u043a\u043e\u043d\u0441\u0443\u043b\u044c\u0442\u0430\u0446\u0438\u044e \u043a \u043d\u0430\u0448\u0438\u043c \u0441\u043f\u0435\u0446\u0438\u0430\u043b\u0438\u0441\u0442\u0430\u043c \u0438 \u0432\u0435\u0440\u043d\u0438\u0442\u0435 \u0441\u0435\u0431\u0435 \u0437\u0434\u043e\u0440\u043e\u0432\u044c\u0435.<\/p>\n\t\t\t\t\t\t\t\t<\/div>\n\t\t\t\t<\/div>\n\t\t\t\t<\/div>\n\t\t<div class=\"elementor-element elementor-element-20f8dc0 e-con-full e-flex e-con e-child\" data-id=\"20f8dc0\" data-element_type=\"container\">\n\t\t\t\t<div class=\"elementor-element elementor-element-e90cd1a elementor-mobile-align-center elementor-widget elementor-widget-global elementor-global-4401 elementor-global-2201 elementor-widget-button\" data-id=\"e90cd1a\" data-element_type=\"widget\" data-widget_type=\"button.default\">\n\t\t\t\t<div class=\"elementor-widget-container\">\n\t\t\t\t\t\t\t\t\t<div class=\"elementor-button-wrapper\">\n\t\t\t\t\t<a class=\"elementor-button elementor-button-link elementor-size-sm\" href=\"https:\/\/api.whatsapp.com\/send?phone=905537053650\" target=\"_blank\" rel=\"noopener\">\n\t\t\t\t\t\t<span class=\"elementor-button-content-wrapper\">\n\t\t\t\t\t\t<span class=\"elementor-button-icon\">\n\t\t\t\t<svg aria-hidden=\"true\" class=\"e-font-icon-svg e-far-arrow-alt-circle-right\" viewBox=\"0 0 512 512\" xmlns=\"http:\/\/www.w3.org\/2000\/svg\"><path d=\"M504 256C504 119 393 8 256 8S8 119 8 256s111 248 248 248 248-111 248-248zm-448 0c0-110.5 89.5-200 200-200s200 89.5 200 200-89.5 200-200 200S56 366.5 56 256zm72 20v-40c0-6.6 5.4-12 12-12h116v-67c0-10.7 12.9-16 20.5-8.5l99 99c4.7 4.7 4.7 12.3 0 17l-99 99c-7.6 7.6-20.5 2.2-20.5-8.5v-67H140c-6.6 0-12-5.4-12-12z\"><\/path><\/svg>\t\t\t<\/span>\n\t\t\t\t\t\t\t\t\t<span class=\"elementor-button-text\">\u041d\u0430\u0437\u043d\u0430\u0447\u0435\u043d\u0438\u0435 \u043e\u043d\u043b\u0430\u0439\u043d<\/span>\n\t\t\t\t\t<\/span>\n\t\t\t\t\t<\/a>\n\t\t\t\t<\/div>\n\t\t\t\t\t\t\t\t<\/div>\n\t\t\t\t<\/div>\n\t\t\t\t<\/div>\n\t\t\t\t\t<\/div>\n\t\t\t\t<\/div>\n\t\t\t\t<\/div>\n\t\t<div class=\"elementor-element elementor-element-df6d6a0 e-flex e-con-boxed e-con e-parent\" data-id=\"df6d6a0\" data-element_type=\"container\">\n\t\t\t\t\t<div class=\"e-con-inner\">\n\t\t<div class=\"elementor-element elementor-element-7b14646 e-con-full e-flex e-con e-child\" data-id=\"7b14646\" data-element_type=\"container\">\n\t\t\t\t<div class=\"elementor-element elementor-element-4424a3f elementor-widget elementor-widget-image\" data-id=\"4424a3f\" data-element_type=\"widget\" data-widget_type=\"image.default\">\n\t\t\t\t<div class=\"elementor-widget-container\">\n\t\t\t\t\t\t\t\t\t\t\t\t\t\t\t<img decoding=\"async\" width=\"800\" height=\"348\" src=\"https:\/\/akdenizvertigomerkezi.com\/wp-content\/uploads\/vhit-testi-antalya-1024x446.jpg\" class=\"attachment-large size-large wp-image-959\" alt=\"Vhit testi antalya\" srcset=\"https:\/\/akdenizvertigomerkezi.com\/wp-content\/uploads\/vhit-testi-antalya-1024x446.jpg 1024w, https:\/\/akdenizvertigomerkezi.com\/wp-content\/uploads\/vhit-testi-antalya-300x131.jpg 300w, https:\/\/akdenizvertigomerkezi.com\/wp-content\/uploads\/vhit-testi-antalya-768x334.jpg 768w, https:\/\/akdenizvertigomerkezi.com\/wp-content\/uploads\/vhit-testi-antalya-1536x669.jpg 1536w, https:\/\/akdenizvertigomerkezi.com\/wp-content\/uploads\/vhit-testi-antalya-2048x892.jpg 2048w\" sizes=\"(max-width: 800px) 100vw, 800px\" \/>\t\t\t\t\t\t\t\t\t\t\t\t\t\t\t<\/div>\n\t\t\t\t<\/div>\n\t\t\t\t<div class=\"elementor-element elementor-element-fef81cc elementor-widget elementor-widget-text-editor\" data-id=\"fef81cc\" data-element_type=\"widget\" data-widget_type=\"text-editor.default\">\n\t\t\t\t<div class=\"elementor-widget-container\">\n\t\t\t\t\t\t\t\t\t<p>\u0422\u0435\u0441\u0442 VHIT \u043e\u0446\u0435\u043d\u0438\u0432\u0430\u0435\u0442 \u0432\u0441\u0435 \u0448\u0435\u0441\u0442\u044c \u043f\u043e\u043b\u0443\u043a\u0440\u0443\u0436\u043d\u044b\u0445 \u043a\u0430\u043d\u0430\u043b\u043e\u0432, \u0440\u0430\u0441\u043f\u043e\u043b\u043e\u0436\u0435\u043d\u043d\u044b\u0445 \u0432 \u043e\u0440\u0433\u0430\u043d\u0435 \u0440\u0430\u0432\u043d\u043e\u0432\u0435\u0441\u0438\u044f \u0432\u043d\u0443\u0442\u0440\u0435\u043d\u043d\u0435\u0433\u043e \u0443\u0445\u0430, \u0430 \u0442\u0430\u043a\u0436\u0435 \u0441\u0432\u044f\u0437\u0430\u043d\u043d\u044b\u0439 \u0441 \u043d\u0438\u043c\u0438 \u0432\u0435\u0441\u0442\u0438\u0431\u0443\u043b\u043e-\u043e\u043a\u0443\u043b\u044f\u0440\u043d\u044b\u0439 \u0440\u0435\u0444\u043b\u0435\u043a\u0441 (VOR). \u041e\u043d \u0432\u044b\u044f\u0432\u043b\u044f\u0435\u0442 \u043b\u044e\u0431\u044b\u0435 \u0441\u043b\u0430\u0431\u043e\u0441\u0442\u0438 \u0432 \u044d\u0442\u0438\u0445 \u043a\u0430\u043d\u0430\u043b\u0430\u0445, \u0447\u0442\u043e \u043f\u043e\u043c\u043e\u0433\u0430\u0435\u0442 \u0432 \u0442\u043e\u0447\u043d\u043e\u0439 \u043f\u043e\u0441\u0442\u0430\u043d\u043e\u0432\u043a\u0435 \u0434\u0438\u0430\u0433\u043d\u043e\u0437\u0430 \u0438 \u043d\u0430\u0437\u043d\u0430\u0447\u0435\u043d\u0438\u0438 \u043b\u0435\u0447\u0435\u043d\u0438\u044f.<\/p>\n\t\t\t\t\t\t\t\t<\/div>\n\t\t\t\t<\/div>\n\t\t\t\t<div class=\"elementor-element elementor-element-fb68387 elementor-widget elementor-widget-video\" data-id=\"fb68387\" data-element_type=\"widget\" data-settings=\"{&quot;youtube_url&quot;:&quot;https:\\\/\\\/www.youtube.com\\\/watch?v=4_YANzV7G2c&amp;embeds_referring_euri=https%253A%252F%252Fakdenizvertigomerkezi.com%252F&amp;embeds_referring_origin=https%253A%252F%252Fakdenizvertigomerkezi.com&amp;source_ve_path=Mjg2NjY&quot;,&quot;video_type&quot;:&quot;youtube&quot;,&quot;controls&quot;:&quot;yes&quot;}\" data-widget_type=\"video.default\">\n\t\t\t\t<div class=\"elementor-widget-container\">\n\t\t\t\t\t\t\t<div class=\"elementor-wrapper elementor-open-inline\">\n\t\t\t<div class=\"elementor-video\"><\/div>\t\t<\/div>\n\t\t\t\t\t\t<\/div>\n\t\t\t\t<\/div>\n\t\t\t\t<div class=\"elementor-element elementor-element-08ceb89 elementor-widget elementor-widget-shortcode\" data-id=\"08ceb89\" data-element_type=\"widget\" data-widget_type=\"shortcode.default\">\n\t\t\t\t<div class=\"elementor-widget-container\">\n\t\t\t\t\t\t\t<div class=\"elementor-shortcode\"><\/div>\n\t\t\t\t\t\t<\/div>\n\t\t\t\t<\/div>\n\t\t\t\t<\/div>\n\t\t<div class=\"elementor-element elementor-element-a6124ea e-con-full e-flex e-con e-child\" data-id=\"a6124ea\" data-element_type=\"container\">\n\t\t<div class=\"elementor-element elementor-element-86796a0 e-con-full animated-slow e-flex elementor-invisible e-con e-child\" data-id=\"86796a0\" data-element_type=\"container\" data-settings=\"{&quot;background_background&quot;:&quot;classic&quot;,&quot;animation&quot;:&quot;fadeInUp&quot;,&quot;sticky&quot;:&quot;top&quot;,&quot;sticky_offset&quot;:50,&quot;sticky_parent&quot;:&quot;yes&quot;,&quot;sticky_on&quot;:[&quot;desktop&quot;,&quot;tablet&quot;,&quot;mobile&quot;],&quot;sticky_effects_offset&quot;:0,&quot;sticky_anchor_link_offset&quot;:0}\">\n\t\t\t\t<div class=\"elementor-element elementor-element-6a2bb40 elementor-widget elementor-widget-heading\" data-id=\"6a2bb40\" data-element_type=\"widget\" data-widget_type=\"heading.default\">\n\t\t\t\t<div class=\"elementor-widget-container\">\n\t\t\t\t\t<h2 class=\"elementor-heading-title elementor-size-default\">\u0417\u0430\u043f\u043e\u043b\u043d\u0438\u0442\u0435 \u0444\u043e\u0440\u043c\u0443,<\/h2>\t\t\t\t<\/div>\n\t\t\t\t<\/div>\n\t\t\t\t<div class=\"elementor-element elementor-element-38e5c30 elementor-widget elementor-widget-heading\" data-id=\"38e5c30\" data-element_type=\"widget\" data-widget_type=\"heading.default\">\n\t\t\t\t<div class=\"elementor-widget-container\">\n\t\t\t\t\t<h2 class=\"elementor-heading-title elementor-size-default\"> \u043c\u044b \u043f\u043e\u0437\u0432\u043e\u043d\u0438\u043c \u0432\u0430\u043c<\/h2>\t\t\t\t<\/div>\n\t\t\t\t<\/div>\n\t\t\t\t<div class=\"elementor-element elementor-element-662944b elementor-button-align-stretch elementor-widget elementor-widget-global elementor-global-4464 elementor-global-1337 elementor-widget-form\" data-id=\"662944b\" data-element_type=\"widget\" data-settings=\"{&quot;step_next_label&quot;:&quot;Next&quot;,&quot;step_previous_label&quot;:&quot;Previous&quot;,&quot;button_width&quot;:&quot;100&quot;,&quot;step_type&quot;:&quot;number_text&quot;,&quot;step_icon_shape&quot;:&quot;circle&quot;}\" data-widget_type=\"form.default\">\n\t\t\t\t<div class=\"elementor-widget-container\">\n\t\t\t\t\t\t\t<form class=\"elementor-form\" method=\"post\" name=\"New Form\" aria-label=\"New Form\">\n\t\t\t<input type=\"hidden\" name=\"post_id\" value=\"4065\"\/>\n\t\t\t<input type=\"hidden\" name=\"form_id\" value=\"662944b\"\/>\n\t\t\t<input type=\"hidden\" name=\"referer_title\" value=\"\" \/>\n\n\t\t\t\n\t\t\t<div class=\"elementor-form-fields-wrapper elementor-labels-above\">\n\t\t\t\t\t\t\t\t<div class=\"elementor-field-type-text elementor-field-group elementor-column elementor-field-group-name elementor-col-100 elementor-field-required elementor-mark-required\">\n\t\t\t\t\t\t\t\t\t\t\t\t<label for=\"form-field-name\" class=\"elementor-field-label\">\n\t\t\t\t\t\t\t\t\u0418\u043c\u044f-\u0444\u0430\u043c\u0438\u043b\u0438\u044f\t\t\t\t\t\t\t<\/label>\n\t\t\t\t\t\t\t\t\t\t\t\t\t\t<input size=\"1\" type=\"text\" name=\"form_fields[name]\" id=\"form-field-name\" class=\"elementor-field elementor-size-sm  elementor-field-textual\" placeholder=\"Ir\u0131na Smirnova\" required=\"required\">\n\t\t\t\t\t\t\t\t\t\t\t<\/div>\n\t\t\t\t\t\t\t\t<div class=\"elementor-field-type-tel elementor-field-group elementor-column elementor-field-group-phone elementor-col-100 elementor-field-required elementor-mark-required\">\n\t\t\t\t\t\t\t\t\t\t\t\t<label for=\"form-field-phone\" class=\"elementor-field-label\">\n\t\t\t\t\t\t\t\t\u0422\u0435\u043b\u0435\u0444\u043e\u043d\t\t\t\t\t\t\t<\/label>\n\t\t\t\t\t\t<span class=\"ccfef-editor-intl-input\" data-id=\"form-field-phone\" data-field-id=\"d7a33a8\" data-default-country=\"RU\" data-include-countries=\"\" data-exclude-countries=\"\" data-dial-code-visibility=\"show\" data-strict-mode=\"no\" style=\"display: none;\"><\/span>\t\t<input size=\"1\" type=\"tel\" name=\"form_fields[phone]\" id=\"form-field-phone\" class=\"elementor-field elementor-size-sm  elementor-field-textual\" placeholder=\"+7 (XXX) XXX-XX-XX\" required=\"required\" pattern=\"[0-9()#&amp;+*-=.]+\" title=\"Only numbers and phone characters (#, -, *, etc) are accepted.\">\n\n\t\t\t\t\t\t<\/div>\n\t\t\t\t\t\t\t\t<div class=\"elementor-field-type-email elementor-field-group elementor-column elementor-field-group-email elementor-col-100 elementor-field-required elementor-mark-required\">\n\t\t\t\t\t\t\t\t\t\t\t\t<label for=\"form-field-email\" class=\"elementor-field-label\">\n\t\t\t\t\t\t\t\t\u0418\u043c\u044f-\u0444\u0430\u043c\u0438\u043b\u0438\u044f\t\t\t\t\t\t\t<\/label>\n\t\t\t\t\t\t\t\t\t\t\t\t\t\t<input size=\"1\" type=\"email\" name=\"form_fields[email]\" id=\"form-field-email\" class=\"elementor-field elementor-size-sm  elementor-field-textual\" placeholder=\"sample@gmail.com\" required=\"required\">\n\t\t\t\t\t\t\t\t\t\t\t<\/div>\n\t\t\t\t\t\t\t\t<div class=\"elementor-field-group elementor-column elementor-field-type-submit elementor-col-100 e-form__buttons\">\n\t\t\t\t\t<button class=\"elementor-button elementor-size-md\" type=\"submit\">\n\t\t\t\t\t\t<span class=\"elementor-button-content-wrapper\">\n\t\t\t\t\t\t\t\t\t\t\t\t\t\t\t\t\t\t\t\t\t\t<span class=\"elementor-button-text\">\u041e\u0442\u043f\u0440\u0430\u0432\u0438\u0442\u044c<\/span>\n\t\t\t\t\t\t\t\t\t\t\t\t\t<\/span>\n\t\t\t\t\t<\/button>\n\t\t\t\t<\/div>\n\t\t\t<\/div>\n\t\t<\/form>\n\t\t\t\t\t\t<\/div>\n\t\t\t\t<\/div>\n\t\t\t\t<\/div>\n\t\t\t\t<\/div>\n\t\t\t\t\t<\/div>\n\t\t\t\t<\/div>\n\t\t<div class=\"elementor-element elementor-element-b3b6e31 e-con-full e-flex e-con e-parent\" data-id=\"b3b6e31\" data-element_type=\"container\">\n\t\t<div class=\"elementor-element elementor-element-acaef92 e-flex e-con-boxed e-con e-child\" data-id=\"acaef92\" data-element_type=\"container\" data-settings=\"{&quot;background_background&quot;:&quot;classic&quot;}\">\n\t\t\t\t\t<div class=\"e-con-inner\">\n\t\t<div class=\"elementor-element elementor-element-3eb4204 e-con-full e-flex e-con e-child\" data-id=\"3eb4204\" data-element_type=\"container\">\n\t\t\t\t<div class=\"elementor-element elementor-element-d1a5ce8 elementor-widget elementor-widget-global elementor-global-4395 elementor-global-2204 elementor-widget-heading\" data-id=\"d1a5ce8\" data-element_type=\"widget\" data-widget_type=\"heading.default\">\n\t\t\t\t<div class=\"elementor-widget-container\">\n\t\t\t\t\t<h2 class=\"elementor-heading-title elementor-size-default\">\u0423\u0437\u043d\u0430\u0439\u0442\u0435 \u0438\u0441\u0442\u0438\u043d\u043d\u0443\u044e \u043f\u0440\u0438\u0447\u0438\u043d\u0443 \u0432\u0430\u0448\u0435\u0433\u043e \u0433\u043e\u043b\u043e\u0432\u043e\u043a\u0440\u0443\u0436\u0435\u043d\u0438\u044f!<\/h2>\t\t\t\t<\/div>\n\t\t\t\t<\/div>\n\t\t\t\t<div class=\"elementor-element elementor-element-31ffd5b elementor-widget elementor-widget-global elementor-global-4389 elementor-global-2207 elementor-widget-text-editor\" data-id=\"31ffd5b\" data-element_type=\"widget\" data-widget_type=\"text-editor.default\">\n\t\t\t\t<div class=\"elementor-widget-container\">\n\t\t\t\t\t\t\t\t\t<p class=\"p1\">\u041f\u043e\u043d\u0438\u043c\u0430\u043d\u0438\u0435 \u043f\u0440\u0438\u0447\u0438\u043d\u044b \u0433\u043e\u043b\u043e\u0432\u043e\u043a\u0440\u0443\u0436\u0435\u043d\u0438\u044f \u0438 \u043f\u0440\u043e\u0431\u043b\u0435\u043c \u0441 \u0440\u0430\u0432\u043d\u043e\u0432\u0435\u0441\u0438\u0435\u043c &#8212; \u043f\u0435\u0440\u0432\u044b\u0439 \u0448\u0430\u0433 \u043a \u043f\u0440\u0430\u0432\u0438\u043b\u044c\u043d\u043e\u043c\u0443 \u043b\u0435\u0447\u0435\u043d\u0438\u044e. \u0417\u0430\u043f\u0438\u0448\u0438\u0442\u0435\u0441\u044c \u043d\u0430 \u0438\u043d\u0434\u0438\u0432\u0438\u0434\u0443\u0430\u043b\u044c\u043d\u0443\u044e \u043a\u043e\u043d\u0441\u0443\u043b\u044c\u0442\u0430\u0446\u0438\u044e \u043a \u043d\u0430\u0448\u0438\u043c \u0441\u043f\u0435\u0446\u0438\u0430\u043b\u0438\u0441\u0442\u0430\u043c \u0438 \u0432\u0435\u0440\u043d\u0438\u0442\u0435 \u0441\u0435\u0431\u0435 \u0437\u0434\u043e\u0440\u043e\u0432\u044c\u0435.<\/p>\n\t\t\t\t\t\t\t\t<\/div>\n\t\t\t\t<\/div>\n\t\t\t\t<\/div>\n\t\t<div class=\"elementor-element elementor-element-58dbc57 e-con-full e-flex e-con e-child\" data-id=\"58dbc57\" data-element_type=\"container\">\n\t\t\t\t<div class=\"elementor-element elementor-element-52f1ec7 elementor-mobile-align-center elementor-widget elementor-widget-global elementor-global-4401 elementor-global-2201 elementor-widget-button\" data-id=\"52f1ec7\" data-element_type=\"widget\" data-widget_type=\"button.default\">\n\t\t\t\t<div class=\"elementor-widget-container\">\n\t\t\t\t\t\t\t\t\t<div class=\"elementor-button-wrapper\">\n\t\t\t\t\t<a class=\"elementor-button elementor-button-link elementor-size-sm\" href=\"https:\/\/api.whatsapp.com\/send?phone=905537053650\" target=\"_blank\" rel=\"noopener\">\n\t\t\t\t\t\t<span class=\"elementor-button-content-wrapper\">\n\t\t\t\t\t\t<span class=\"elementor-button-icon\">\n\t\t\t\t<svg aria-hidden=\"true\" class=\"e-font-icon-svg e-far-arrow-alt-circle-right\" viewBox=\"0 0 512 512\" xmlns=\"http:\/\/www.w3.org\/2000\/svg\"><path d=\"M504 256C504 119 393 8 256 8S8 119 8 256s111 248 248 248 248-111 248-248zm-448 0c0-110.5 89.5-200 200-200s200 89.5 200 200-89.5 200-200 200S56 366.5 56 256zm72 20v-40c0-6.6 5.4-12 12-12h116v-67c0-10.7 12.9-16 20.5-8.5l99 99c4.7 4.7 4.7 12.3 0 17l-99 99c-7.6 7.6-20.5 2.2-20.5-8.5v-67H140c-6.6 0-12-5.4-12-12z\"><\/path><\/svg>\t\t\t<\/span>\n\t\t\t\t\t\t\t\t\t<span class=\"elementor-button-text\">\u041d\u0430\u0437\u043d\u0430\u0447\u0435\u043d\u0438\u0435 \u043e\u043d\u043b\u0430\u0439\u043d<\/span>\n\t\t\t\t\t<\/span>\n\t\t\t\t\t<\/a>\n\t\t\t\t<\/div>\n\t\t\t\t\t\t\t\t<\/div>\n\t\t\t\t<\/div>\n\t\t\t\t<\/div>\n\t\t\t\t\t<\/div>\n\t\t\t\t<\/div>\n\t\t\t\t<\/div>\n\t\t\t\t<\/div>\n\t\t","protected":false},"excerpt":{"rendered":"<p>\u0422\u0435\u0441\u0442 VHIT (\u0412\u0438\u0434\u0435\u043e-\u0418\u043c\u043f\u0443\u043b\u044c\u0441\u043d\u044b\u0439 \u0422\u0435\u0441\u0442 \u0413\u043e\u043b\u043e\u0432\u044b) \u2014 \u044d\u0442\u043e \u0434\u0438\u0430\u0433\u043d\u043e\u0441\u0442\u0438\u0447\u0435\u0441\u043a\u0438\u0439 \u043c\u0435\u0442\u043e\u0434, \u043a\u043e\u0442\u043e\u0440\u044b\u0439 \u043e\u0446\u0435\u043d\u0438\u0432\u0430\u0435\u0442 \u0432\u0430\u0448\u0443 \u0441\u0438\u0441\u0442\u0435\u043c\u0443 \u0440\u0430\u0432\u043d\u043e\u0432\u0435\u0441\u0438\u044f, \u0438\u0437\u043c\u0435\u0440\u044f\u044f \u0433\u043b\u0430\u0437\u043d\u044b\u0435 \u0440\u0435\u0444\u043b\u0435\u043a\u0441\u044b \u0432 \u043e\u0442\u0432\u0435\u0442 \u043d\u0430 \u0434\u0432\u0438\u0436\u0435\u043d\u0438\u044f \u0433\u043e\u043b\u043e\u0432\u044b. Online Randevu Vertigonuzun ger\u00e7ek sebebini \u00f6\u011frenin! Ba\u015f d\u00f6nmesi ve dengenizle ilgili sorunlar\u0131n kayna\u011f\u0131n\u0131 anlamak, do\u011fru tedaviye giden ilk ad\u0131md\u0131r. Uzman ekibimizle bireyselle\u015ftirilmi\u015f bir de\u011ferlendirme i\u00e7in randevunuzu al\u0131n ve sa\u011fl\u0131\u011f\u0131n\u0131za yeniden kavu\u015fun. Online Randevu [&hellip;]<\/p>\n","protected":false},"author":1,"featured_media":0,"parent":0,"menu_order":0,"comment_status":"closed","ping_status":"closed","template":"","meta":{"rank_math_title":"","rank_math_description":"","rank_math_focus_keyword":"","rank_math_canonical_url":"","rank_math_robots":"","rank_math_primary_category":"","rank_math_facebook_title":"","rank_math_facebook_description":"","rank_math_facebook_image":"","rank_math_twitter_title":"","rank_math_twitter_description":"","rank_math_twitter_image":"","rank_math_rich_snippet":"article","rank_math_snippet_name":"","rank_math_snippet_desc":"","rank_math_snippet_article_type":"","rank_math_news_sitemap_genres":"","rank_math_pillar_content":"","rank_math_seo_score":0,"footnotes":""},"class_list":["post-4065","page","type-page","status-publish","hentry"],"_links":{"self":[{"href":"https:\/\/akdenizvertigomerkezi.com\/ru\/wp-json\/wp\/v2\/pages\/4065","targetHints":{"allow":["GET"]}}],"collection":[{"href":"https:\/\/akdenizvertigomerkezi.com\/ru\/wp-json\/wp\/v2\/pages"}],"about":[{"href":"https:\/\/akdenizvertigomerkezi.com\/ru\/wp-json\/wp\/v2\/types\/page"}],"author":[{"embeddable":true,"href":"https:\/\/akdenizvertigomerkezi.com\/ru\/wp-json\/wp\/v2\/users\/1"}],"replies":[{"embeddable":true,"href":"https:\/\/akdenizvertigomerkezi.com\/ru\/wp-json\/wp\/v2\/comments?post=4065"}],"version-history":[{"count":0,"href":"https:\/\/akdenizvertigomerkezi.com\/ru\/wp-json\/wp\/v2\/pages\/4065\/revisions"}],"wp:attachment":[{"href":"https:\/\/akdenizvertigomerkezi.com\/ru\/wp-json\/wp\/v2\/media?parent=4065"}],"curies":[{"name":"wp","href":"https:\/\/api.w.org\/{rel}","templated":true}]}}