{"id":4271,"date":"2025-01-05T18:54:55","date_gmt":"2025-01-05T15:54:55","guid":{"rendered":"https:\/\/akdenizvertigomerkezi.com\/%d1%82%d1%89%d0%b0%d1%82%d0%b5%d0%bb%d1%8c%d0%bd%d0%be%d0%b5-%d0%bd%d0%b0%d0%b1%d0%bb%d1%8e%d0%b4%d0%b5%d0%bd%d0%b8%d0%b5-%d0%b8-%d0%be%d0%b1%d1%89%d0%b5%d0%bd%d0%b8%d0%b5-%d0%bf%d1%80%d0%b8-%d1%85\/"},"modified":"2025-02-05T17:49:08","modified_gmt":"2025-02-05T14:49:08","slug":"%d1%82%d1%89%d0%b0%d1%82%d0%b5%d0%bb%d1%8c%d0%bd%d0%be%d0%b5-%d0%bd%d0%b0%d0%b1%d0%bb%d1%8e%d0%b4%d0%b5%d0%bd%d0%b8%d0%b5-%d0%b8-%d0%be%d0%b1%d1%89%d0%b5%d0%bd%d0%b8%d0%b5-%d0%bf%d1%80%d0%b8-%d1%85","status":"publish","type":"page","link":"https:\/\/akdenizvertigomerkezi.com\/ru\/%d1%82%d1%89%d0%b0%d1%82%d0%b5%d0%bb%d1%8c%d0%bd%d0%be%d0%b5-%d0%bd%d0%b0%d0%b1%d0%bb%d1%8e%d0%b4%d0%b5%d0%bd%d0%b8%d0%b5-%d0%b8-%d0%be%d0%b1%d1%89%d0%b5%d0%bd%d0%b8%d0%b5-%d0%bf%d1%80%d0%b8-%d1%85\/","title":{"rendered":"\u0422\u0449\u0430\u0442\u0435\u043b\u044c\u043d\u043e\u0435 \u043d\u0430\u0431\u043b\u044e\u0434\u0435\u043d\u0438\u0435 \u0438 \u043e\u0431\u0449\u0435\u043d\u0438\u0435 \u043f\u0440\u0438 \u0445\u0440\u043e\u043d\u0438\u0447\u0435\u0441\u043a\u043e\u043c \u0433\u043e\u043b\u043e\u0432\u043e\u043a\u0440\u0443\u0436\u0435\u043d\u0438\u0438"},"content":{"rendered":"\t\t<div data-elementor-type=\"wp-page\" data-elementor-id=\"4271\" class=\"elementor elementor-4271 elementor-3219\" data-elementor-post-type=\"page\">\n\t\t\t\t<div class=\"elementor-element elementor-element-b0e8ea0 mesh-test3 e-flex e-con-boxed e-con e-parent\" data-id=\"b0e8ea0\" data-element_type=\"container\" data-settings=\"{&quot;background_background&quot;:&quot;classic&quot;}\">\n\t\t\t\t\t<div class=\"e-con-inner\">\n\t\t<div class=\"elementor-element elementor-element-519c8c25 e-con-full e-flex e-con e-child\" data-id=\"519c8c25\" data-element_type=\"container\">\n\t\t\t\t<div class=\"elementor-element elementor-element-5581a049 elementor-widget__width-inherit elementor-widget-tablet__width-inherit elementor-widget-mobile__width-inherit animated-slow elementor-invisible elementor-widget elementor-widget-page-title\" data-id=\"5581a049\" data-element_type=\"widget\" data-settings=\"{&quot;_animation&quot;:&quot;fadeIn&quot;}\" data-widget_type=\"page-title.default\">\n\t\t\t\t<div class=\"elementor-widget-container\">\n\t\t\t\t\t\t\t\n\t\t<div class=\"hfe-page-title hfe-page-title-wrapper elementor-widget-heading\">\n\n\t\t\t\t\t\t\t\t<h1 class=\"elementor-heading-title elementor-size-default\">\n\t\t\t\t\t\t\t\t\n\t\t\t\t\u0422\u0449\u0430\u0442\u0435\u043b\u044c\u043d\u043e\u0435 \u043d\u0430\u0431\u043b\u044e\u0434\u0435\u043d\u0438\u0435 \u0438 \u043e\u0431\u0449\u0435\u043d\u0438\u0435 \u043f\u0440\u0438 \u0445\u0440\u043e\u043d\u0438\u0447\u0435\u0441\u043a\u043e\u043c \u0433\u043e\u043b\u043e\u0432\u043e\u043a\u0440\u0443\u0436\u0435\u043d\u0438\u0438  \n\t\t\t<\/h1 > \n\t\t\t\t\t<\/div>\n\t\t\t\t\t\t<\/div>\n\t\t\t\t<\/div>\n\t\t\t\t<div class=\"elementor-element elementor-element-69ca1fdc elementor-hidden-mobile elementor-widget elementor-widget-global elementor-global-4407 elementor-global-919 elementor-widget-button\" data-id=\"69ca1fdc\" data-element_type=\"widget\" data-widget_type=\"button.default\">\n\t\t\t\t<div class=\"elementor-widget-container\">\n\t\t\t\t\t\t\t\t\t<div class=\"elementor-button-wrapper\">\n\t\t\t\t\t<a class=\"elementor-button elementor-button-link elementor-size-sm\" href=\"https:\/\/api.whatsapp.com\/send?phone=905537053650\" target=\"_blank\" rel=\"noopener\">\n\t\t\t\t\t\t<span class=\"elementor-button-content-wrapper\">\n\t\t\t\t\t\t<span class=\"elementor-button-icon\">\n\t\t\t\t<svg aria-hidden=\"true\" class=\"e-font-icon-svg e-far-arrow-alt-circle-right\" viewBox=\"0 0 512 512\" xmlns=\"http:\/\/www.w3.org\/2000\/svg\"><path d=\"M504 256C504 119 393 8 256 8S8 119 8 256s111 248 248 248 248-111 248-248zm-448 0c0-110.5 89.5-200 200-200s200 89.5 200 200-89.5 200-200 200S56 366.5 56 256zm72 20v-40c0-6.6 5.4-12 12-12h116v-67c0-10.7 12.9-16 20.5-8.5l99 99c4.7 4.7 4.7 12.3 0 17l-99 99c-7.6 7.6-20.5 2.2-20.5-8.5v-67H140c-6.6 0-12-5.4-12-12z\"><\/path><\/svg>\t\t\t<\/span>\n\t\t\t\t\t\t\t\t\t<span class=\"elementor-button-text\">\u041d\u0430\u0437\u043d\u0430\u0447\u0435\u043d\u0438\u0435 \u043e\u043d\u043b\u0430\u0439\u043d<\/span>\n\t\t\t\t\t<\/span>\n\t\t\t\t\t<\/a>\n\t\t\t\t<\/div>\n\t\t\t\t\t\t\t\t<\/div>\n\t\t\t\t<\/div>\n\t\t\t\t<\/div>\n\t\t<div class=\"elementor-element elementor-element-72cf3cdb e-con-full e-flex e-con e-child\" data-id=\"72cf3cdb\" data-element_type=\"container\">\n\t\t\t\t<div class=\"elementor-element elementor-element-7f3fd4ab elementor-widget elementor-widget-global elementor-global-2157 elementor-widget-image\" data-id=\"7f3fd4ab\" data-element_type=\"widget\" data-widget_type=\"image.default\">\n\t\t\t\t<div class=\"elementor-widget-container\">\n\t\t\t\t\t\t\t\t\t\t\t\t\t\t\t<img fetchpriority=\"high\" decoding=\"async\" width=\"750\" height=\"567\" src=\"https:\/\/akdenizvertigomerkezi.com\/wp-content\/uploads\/head-image-avm-final-2025.png\" class=\"attachment-large size-large wp-image-3355\" alt=\"Head image avm final 2025\" srcset=\"https:\/\/akdenizvertigomerkezi.com\/wp-content\/uploads\/head-image-avm-final-2025.png 750w, https:\/\/akdenizvertigomerkezi.com\/wp-content\/uploads\/head-image-avm-final-2025-300x227.png 300w\" sizes=\"(max-width: 750px) 100vw, 750px\" \/>\t\t\t\t\t\t\t\t\t\t\t\t\t\t\t<\/div>\n\t\t\t\t<\/div>\n\t\t\t\t<\/div>\n\t\t\t\t\t<\/div>\n\t\t\t\t<\/div>\n\t\t<div class=\"elementor-element elementor-element-2dad9d75 e-con-full elementor-hidden-desktop elementor-hidden-tablet e-flex e-con e-parent\" data-id=\"2dad9d75\" data-element_type=\"container\">\n\t\t<div class=\"elementor-element elementor-element-3ec38345 e-flex e-con-boxed e-con e-child\" data-id=\"3ec38345\" data-element_type=\"container\" data-settings=\"{&quot;background_background&quot;:&quot;classic&quot;}\">\n\t\t\t\t\t<div class=\"e-con-inner\">\n\t\t<div class=\"elementor-element elementor-element-1382f7eb e-con-full e-flex e-con e-child\" data-id=\"1382f7eb\" data-element_type=\"container\">\n\t\t\t\t<div class=\"elementor-element elementor-element-446432ad elementor-widget elementor-widget-global elementor-global-4395 elementor-global-2204 elementor-widget-heading\" data-id=\"446432ad\" data-element_type=\"widget\" data-widget_type=\"heading.default\">\n\t\t\t\t<div class=\"elementor-widget-container\">\n\t\t\t\t\t<h2 class=\"elementor-heading-title elementor-size-default\">\u0423\u0437\u043d\u0430\u0439\u0442\u0435 \u0438\u0441\u0442\u0438\u043d\u043d\u0443\u044e \u043f\u0440\u0438\u0447\u0438\u043d\u0443 \u0432\u0430\u0448\u0435\u0433\u043e \u0433\u043e\u043b\u043e\u0432\u043e\u043a\u0440\u0443\u0436\u0435\u043d\u0438\u044f!<\/h2>\t\t\t\t<\/div>\n\t\t\t\t<\/div>\n\t\t\t\t<div class=\"elementor-element elementor-element-26b5077c elementor-widget elementor-widget-global elementor-global-4389 elementor-global-2207 elementor-widget-text-editor\" data-id=\"26b5077c\" data-element_type=\"widget\" data-widget_type=\"text-editor.default\">\n\t\t\t\t<div class=\"elementor-widget-container\">\n\t\t\t\t\t\t\t\t\t<p class=\"p1\">\u041f\u043e\u043d\u0438\u043c\u0430\u043d\u0438\u0435 \u043f\u0440\u0438\u0447\u0438\u043d\u044b \u0433\u043e\u043b\u043e\u0432\u043e\u043a\u0440\u0443\u0436\u0435\u043d\u0438\u044f \u0438 \u043f\u0440\u043e\u0431\u043b\u0435\u043c \u0441 \u0440\u0430\u0432\u043d\u043e\u0432\u0435\u0441\u0438\u0435\u043c &#8212; \u043f\u0435\u0440\u0432\u044b\u0439 \u0448\u0430\u0433 \u043a \u043f\u0440\u0430\u0432\u0438\u043b\u044c\u043d\u043e\u043c\u0443 \u043b\u0435\u0447\u0435\u043d\u0438\u044e. \u0417\u0430\u043f\u0438\u0448\u0438\u0442\u0435\u0441\u044c \u043d\u0430 \u0438\u043d\u0434\u0438\u0432\u0438\u0434\u0443\u0430\u043b\u044c\u043d\u0443\u044e \u043a\u043e\u043d\u0441\u0443\u043b\u044c\u0442\u0430\u0446\u0438\u044e \u043a \u043d\u0430\u0448\u0438\u043c \u0441\u043f\u0435\u0446\u0438\u0430\u043b\u0438\u0441\u0442\u0430\u043c \u0438 \u0432\u0435\u0440\u043d\u0438\u0442\u0435 \u0441\u0435\u0431\u0435 \u0437\u0434\u043e\u0440\u043e\u0432\u044c\u0435.<\/p>\n\t\t\t\t\t\t\t\t<\/div>\n\t\t\t\t<\/div>\n\t\t\t\t<\/div>\n\t\t<div class=\"elementor-element elementor-element-20fc7584 e-con-full e-flex e-con e-child\" data-id=\"20fc7584\" data-element_type=\"container\">\n\t\t\t\t<div class=\"elementor-element elementor-element-6e4fcc9a elementor-mobile-align-center elementor-widget elementor-widget-global elementor-global-4401 elementor-global-2201 elementor-widget-button\" data-id=\"6e4fcc9a\" data-element_type=\"widget\" data-widget_type=\"button.default\">\n\t\t\t\t<div class=\"elementor-widget-container\">\n\t\t\t\t\t\t\t\t\t<div class=\"elementor-button-wrapper\">\n\t\t\t\t\t<a class=\"elementor-button elementor-button-link elementor-size-sm\" href=\"https:\/\/api.whatsapp.com\/send?phone=905537053650\" target=\"_blank\" rel=\"noopener\">\n\t\t\t\t\t\t<span class=\"elementor-button-content-wrapper\">\n\t\t\t\t\t\t<span class=\"elementor-button-icon\">\n\t\t\t\t<svg aria-hidden=\"true\" class=\"e-font-icon-svg e-far-arrow-alt-circle-right\" viewBox=\"0 0 512 512\" xmlns=\"http:\/\/www.w3.org\/2000\/svg\"><path d=\"M504 256C504 119 393 8 256 8S8 119 8 256s111 248 248 248 248-111 248-248zm-448 0c0-110.5 89.5-200 200-200s200 89.5 200 200-89.5 200-200 200S56 366.5 56 256zm72 20v-40c0-6.6 5.4-12 12-12h116v-67c0-10.7 12.9-16 20.5-8.5l99 99c4.7 4.7 4.7 12.3 0 17l-99 99c-7.6 7.6-20.5 2.2-20.5-8.5v-67H140c-6.6 0-12-5.4-12-12z\"><\/path><\/svg>\t\t\t<\/span>\n\t\t\t\t\t\t\t\t\t<span class=\"elementor-button-text\">\u041d\u0430\u0437\u043d\u0430\u0447\u0435\u043d\u0438\u0435 \u043e\u043d\u043b\u0430\u0439\u043d<\/span>\n\t\t\t\t\t<\/span>\n\t\t\t\t\t<\/a>\n\t\t\t\t<\/div>\n\t\t\t\t\t\t\t\t<\/div>\n\t\t\t\t<\/div>\n\t\t\t\t<\/div>\n\t\t\t\t\t<\/div>\n\t\t\t\t<\/div>\n\t\t\t\t<\/div>\n\t\t<div class=\"elementor-element elementor-element-34ef8267 e-flex e-con-boxed e-con e-parent\" data-id=\"34ef8267\" data-element_type=\"container\">\n\t\t\t\t\t<div class=\"e-con-inner\">\n\t\t\t\t<div class=\"elementor-element elementor-element-4946aa1 elementor-toc--minimized-on-desktop elementor-widget elementor-widget-table-of-contents\" data-id=\"4946aa1\" data-element_type=\"widget\" data-settings=\"{&quot;minimized_on&quot;:&quot;desktop&quot;,&quot;no_headings_message&quot;:&quot;Bu sayfada ba\\u015fl\\u0131k bulunamad\\u0131.&quot;,&quot;headings_by_tags&quot;:[&quot;h2&quot;,&quot;h3&quot;,&quot;h4&quot;,&quot;h5&quot;,&quot;h6&quot;],&quot;exclude_headings_by_selector&quot;:[],&quot;marker_view&quot;:&quot;numbers&quot;,&quot;minimize_box&quot;:&quot;yes&quot;,&quot;hierarchical_view&quot;:&quot;yes&quot;,&quot;min_height&quot;:{&quot;unit&quot;:&quot;px&quot;,&quot;size&quot;:&quot;&quot;,&quot;sizes&quot;:[]},&quot;min_height_tablet&quot;:{&quot;unit&quot;:&quot;px&quot;,&quot;size&quot;:&quot;&quot;,&quot;sizes&quot;:[]},&quot;min_height_mobile&quot;:{&quot;unit&quot;:&quot;px&quot;,&quot;size&quot;:&quot;&quot;,&quot;sizes&quot;:[]}}\" data-widget_type=\"table-of-contents.default\">\n\t\t\t\t<div class=\"elementor-widget-container\">\n\t\t\t\t\t\t\t\t\t<div class=\"elementor-toc__header\">\n\t\t\t\t\t\t<div class=\"elementor-toc__header-title\">\n\t\t\t\t\u0130\u00e7indekiler\t\t\t<\/div>\n\t\t\t\t\t\t\t\t\t\t<div class=\"elementor-toc__toggle-button elementor-toc__toggle-button--expand\" role=\"button\" tabindex=\"0\" aria-controls=\"elementor-toc__4946aa1\" aria-expanded=\"true\" aria-label=\"Open table of contents\"><svg aria-hidden=\"true\" class=\"e-font-icon-svg e-fas-chevron-down\" viewBox=\"0 0 448 512\" xmlns=\"http:\/\/www.w3.org\/2000\/svg\"><path d=\"M207.029 381.476L12.686 187.132c-9.373-9.373-9.373-24.569 0-33.941l22.667-22.667c9.357-9.357 24.522-9.375 33.901-.04L224 284.505l154.745-154.021c9.379-9.335 24.544-9.317 33.901.04l22.667 22.667c9.373 9.373 9.373 24.569 0 33.941L240.971 381.476c-9.373 9.372-24.569 9.372-33.942 0z\"><\/path><\/svg><\/div>\n\t\t\t\t<div class=\"elementor-toc__toggle-button elementor-toc__toggle-button--collapse\" role=\"button\" tabindex=\"0\" aria-controls=\"elementor-toc__4946aa1\" aria-expanded=\"true\" aria-label=\"Close table of contents\"><svg aria-hidden=\"true\" class=\"e-font-icon-svg e-fas-chevron-up\" viewBox=\"0 0 448 512\" xmlns=\"http:\/\/www.w3.org\/2000\/svg\"><path d=\"M240.971 130.524l194.343 194.343c9.373 9.373 9.373 24.569 0 33.941l-22.667 22.667c-9.357 9.357-24.522 9.375-33.901.04L224 227.495 69.255 381.516c-9.379 9.335-24.544 9.317-33.901-.04l-22.667-22.667c-9.373-9.373-9.373-24.569 0-33.941L207.03 130.525c9.372-9.373 24.568-9.373 33.941-.001z\"><\/path><\/svg><\/div>\n\t\t\t\t\t<\/div>\n\t\t\t\t<div id=\"elementor-toc__4946aa1\" class=\"elementor-toc__body\">\n\t\t\t<div class=\"elementor-toc__spinner-container\">\n\t\t\t\t<svg class=\"elementor-toc__spinner eicon-animation-spin e-font-icon-svg e-eicon-loading\" aria-hidden=\"true\" viewBox=\"0 0 1000 1000\" xmlns=\"http:\/\/www.w3.org\/2000\/svg\"><path d=\"M500 975V858C696 858 858 696 858 500S696 142 500 142 142 304 142 500H25C25 237 238 25 500 25S975 237 975 500 763 975 500 975Z\"><\/path><\/svg>\t\t\t<\/div>\n\t\t<\/div>\n\t\t\t\t\t\t<\/div>\n\t\t\t\t<\/div>\n\t\t<div class=\"elementor-element elementor-element-44ca54cf e-con-full e-flex e-con e-child\" data-id=\"44ca54cf\" data-element_type=\"container\">\n\t\t<div class=\"elementor-element elementor-element-fb13fea e-con-full e-flex e-con e-child\" data-id=\"fb13fea\" data-element_type=\"container\" data-settings=\"{&quot;background_background&quot;:&quot;classic&quot;}\">\n\t\t\t\t<div class=\"elementor-element elementor-element-f580821 elementor-widget elementor-widget-heading\" data-id=\"f580821\" data-element_type=\"widget\" data-widget_type=\"heading.default\">\n\t\t\t\t<div class=\"elementor-widget-container\">\n\t\t\t\t\t<h2 class=\"elementor-heading-title elementor-size-default\">\u0414\u043e\u043b\u0433\u043e\u0441\u0440\u043e\u0447\u043d\u044b\u0435 \u043a\u043e\u043d\u0441\u0443\u043b\u044c\u0442\u0430\u0446\u0438\u043e\u043d\u043d\u044b\u0435 \u0443\u0441\u043b\u0443\u0433\u0438 \u043f\u0440\u0435\u0434\u043e\u0441\u0442\u0430\u0432\u043b\u044f\u044e\u0442\u0441\u044f \u043d\u0430\u0448\u0438\u043c \u043f\u0430\u0446\u0438\u0435\u043d\u0442\u0430\u043c \u0438\u0437 \u0434\u0440\u0443\u0433\u0438\u0445 \u0440\u0435\u0433\u0438\u043e\u043d\u043e\u0432 \u043f\u043e\u0441\u0440\u0435\u0434\u0441\u0442\u0432\u043e\u043c \u0441\u0432\u044f\u0437\u0438 \u0447\u0435\u0440\u0435\u0437 \u0442\u0435\u043b\u0435\u0444\u043e\u043d \u0438 \u043c\u0435\u0441\u0441\u0435\u043d\u0434\u0436\u0435\u0440\u044b.<\/h2>\t\t\t\t<\/div>\n\t\t\t\t<\/div>\n\t\t\t\t<\/div>\n\t\t\t\t<div class=\"elementor-element elementor-element-595dcbb elementor-widget elementor-widget-shortcode\" data-id=\"595dcbb\" data-element_type=\"widget\" data-widget_type=\"shortcode.default\">\n\t\t\t\t<div class=\"elementor-widget-container\">\n\t\t\t\t\t\t\t<div class=\"elementor-shortcode\"><\/div>\n\t\t\t\t\t\t<\/div>\n\t\t\t\t<\/div>\n\t\t\t\t<\/div>\n\t\t<div class=\"elementor-element elementor-element-582f09af e-con-full e-flex e-con e-child\" data-id=\"582f09af\" data-element_type=\"container\">\n\t\t<div class=\"elementor-element elementor-element-2dea0b74 e-con-full animated-slow e-flex elementor-invisible e-con e-child\" data-id=\"2dea0b74\" data-element_type=\"container\" data-settings=\"{&quot;background_background&quot;:&quot;classic&quot;,&quot;animation&quot;:&quot;fadeInUp&quot;,&quot;sticky&quot;:&quot;top&quot;,&quot;sticky_offset&quot;:50,&quot;sticky_parent&quot;:&quot;yes&quot;,&quot;sticky_on&quot;:[&quot;desktop&quot;,&quot;tablet&quot;,&quot;mobile&quot;],&quot;sticky_effects_offset&quot;:0,&quot;sticky_anchor_link_offset&quot;:0}\">\n\t\t\t\t<div class=\"elementor-element elementor-element-5d3ec26e elementor-widget elementor-widget-heading\" data-id=\"5d3ec26e\" data-element_type=\"widget\" data-widget_type=\"heading.default\">\n\t\t\t\t<div class=\"elementor-widget-container\">\n\t\t\t\t\t<h2 class=\"elementor-heading-title elementor-size-default\">\u0417\u0430\u043f\u043e\u043b\u043d\u0438\u0442\u0435 \u0444\u043e\u0440\u043c\u0443,<\/h2>\t\t\t\t<\/div>\n\t\t\t\t<\/div>\n\t\t\t\t<div class=\"elementor-element elementor-element-33f42d58 elementor-widget elementor-widget-heading\" data-id=\"33f42d58\" data-element_type=\"widget\" data-widget_type=\"heading.default\">\n\t\t\t\t<div class=\"elementor-widget-container\">\n\t\t\t\t\t<h2 class=\"elementor-heading-title elementor-size-default\"> \u043c\u044b \u043f\u043e\u0437\u0432\u043e\u043d\u0438\u043c \u0432\u0430\u043c<\/h2>\t\t\t\t<\/div>\n\t\t\t\t<\/div>\n\t\t\t\t<div class=\"elementor-element elementor-element-48f01d93 elementor-button-align-stretch elementor-widget elementor-widget-global elementor-global-4464 elementor-global-1337 elementor-widget-form\" data-id=\"48f01d93\" data-element_type=\"widget\" data-settings=\"{&quot;step_next_label&quot;:&quot;Next&quot;,&quot;step_previous_label&quot;:&quot;Previous&quot;,&quot;button_width&quot;:&quot;100&quot;,&quot;step_type&quot;:&quot;number_text&quot;,&quot;step_icon_shape&quot;:&quot;circle&quot;}\" data-widget_type=\"form.default\">\n\t\t\t\t<div class=\"elementor-widget-container\">\n\t\t\t\t\t\t\t<form class=\"elementor-form\" method=\"post\" name=\"New Form\" aria-label=\"New Form\">\n\t\t\t<input type=\"hidden\" name=\"post_id\" value=\"4271\"\/>\n\t\t\t<input type=\"hidden\" name=\"form_id\" value=\"48f01d93\"\/>\n\t\t\t<input type=\"hidden\" name=\"referer_title\" value=\"\" \/>\n\n\t\t\t\n\t\t\t<div class=\"elementor-form-fields-wrapper elementor-labels-above\">\n\t\t\t\t\t\t\t\t<div class=\"elementor-field-type-text elementor-field-group elementor-column elementor-field-group-name elementor-col-100 elementor-field-required elementor-mark-required\">\n\t\t\t\t\t\t\t\t\t\t\t\t<label for=\"form-field-name\" class=\"elementor-field-label\">\n\t\t\t\t\t\t\t\t\u0418\u043c\u044f-\u0444\u0430\u043c\u0438\u043b\u0438\u044f\t\t\t\t\t\t\t<\/label>\n\t\t\t\t\t\t\t\t\t\t\t\t\t\t<input size=\"1\" type=\"text\" name=\"form_fields[name]\" id=\"form-field-name\" class=\"elementor-field elementor-size-sm  elementor-field-textual\" placeholder=\"Ir\u0131na Smirnova\" required=\"required\">\n\t\t\t\t\t\t\t\t\t\t\t<\/div>\n\t\t\t\t\t\t\t\t<div class=\"elementor-field-type-tel elementor-field-group elementor-column elementor-field-group-phone elementor-col-100 elementor-field-required elementor-mark-required\">\n\t\t\t\t\t\t\t\t\t\t\t\t<label for=\"form-field-phone\" class=\"elementor-field-label\">\n\t\t\t\t\t\t\t\t\u0422\u0435\u043b\u0435\u0444\u043e\u043d\t\t\t\t\t\t\t<\/label>\n\t\t\t\t\t\t<span class=\"ccfef-editor-intl-input\" data-id=\"form-field-phone\" data-field-id=\"d7a33a8\" data-default-country=\"RU\" data-include-countries=\"\" data-exclude-countries=\"\" data-dial-code-visibility=\"show\" data-strict-mode=\"no\" style=\"display: none;\"><\/span>\t\t<input size=\"1\" type=\"tel\" name=\"form_fields[phone]\" id=\"form-field-phone\" class=\"elementor-field elementor-size-sm  elementor-field-textual\" placeholder=\"+7 (XXX) XXX-XX-XX\" required=\"required\" pattern=\"[0-9()#&amp;+*-=.]+\" title=\"Only numbers and phone characters (#, -, *, etc) are accepted.\">\n\n\t\t\t\t\t\t<\/div>\n\t\t\t\t\t\t\t\t<div class=\"elementor-field-type-email elementor-field-group elementor-column elementor-field-group-email elementor-col-100 elementor-field-required elementor-mark-required\">\n\t\t\t\t\t\t\t\t\t\t\t\t<label for=\"form-field-email\" class=\"elementor-field-label\">\n\t\t\t\t\t\t\t\t\u0418\u043c\u044f-\u0444\u0430\u043c\u0438\u043b\u0438\u044f\t\t\t\t\t\t\t<\/label>\n\t\t\t\t\t\t\t\t\t\t\t\t\t\t<input size=\"1\" type=\"email\" name=\"form_fields[email]\" id=\"form-field-email\" class=\"elementor-field elementor-size-sm  elementor-field-textual\" placeholder=\"sample@gmail.com\" required=\"required\">\n\t\t\t\t\t\t\t\t\t\t\t<\/div>\n\t\t\t\t\t\t\t\t<div class=\"elementor-field-group elementor-column elementor-field-type-submit elementor-col-100 e-form__buttons\">\n\t\t\t\t\t<button class=\"elementor-button elementor-size-md\" type=\"submit\">\n\t\t\t\t\t\t<span class=\"elementor-button-content-wrapper\">\n\t\t\t\t\t\t\t\t\t\t\t\t\t\t\t\t\t\t\t\t\t\t<span class=\"elementor-button-text\">\u041e\u0442\u043f\u0440\u0430\u0432\u0438\u0442\u044c<\/span>\n\t\t\t\t\t\t\t\t\t\t\t\t\t<\/span>\n\t\t\t\t\t<\/button>\n\t\t\t\t<\/div>\n\t\t\t<\/div>\n\t\t<\/form>\n\t\t\t\t\t\t<\/div>\n\t\t\t\t<\/div>\n\t\t\t\t<\/div>\n\t\t\t\t<\/div>\n\t\t\t\t\t<\/div>\n\t\t\t\t<\/div>\n\t\t<div class=\"elementor-element elementor-element-51502140 e-con-full e-flex e-con e-parent\" data-id=\"51502140\" data-element_type=\"container\">\n\t\t<div class=\"elementor-element elementor-element-1a2b6472 e-flex e-con-boxed e-con e-child\" data-id=\"1a2b6472\" data-element_type=\"container\" data-settings=\"{&quot;background_background&quot;:&quot;classic&quot;}\">\n\t\t\t\t\t<div class=\"e-con-inner\">\n\t\t<div class=\"elementor-element elementor-element-3b6a599d e-con-full e-flex e-con e-child\" data-id=\"3b6a599d\" data-element_type=\"container\">\n\t\t\t\t<div class=\"elementor-element elementor-element-6051137e elementor-widget elementor-widget-global elementor-global-4395 elementor-global-2204 elementor-widget-heading\" data-id=\"6051137e\" data-element_type=\"widget\" data-widget_type=\"heading.default\">\n\t\t\t\t<div class=\"elementor-widget-container\">\n\t\t\t\t\t<h2 class=\"elementor-heading-title elementor-size-default\">\u0423\u0437\u043d\u0430\u0439\u0442\u0435 \u0438\u0441\u0442\u0438\u043d\u043d\u0443\u044e \u043f\u0440\u0438\u0447\u0438\u043d\u0443 \u0432\u0430\u0448\u0435\u0433\u043e \u0433\u043e\u043b\u043e\u0432\u043e\u043a\u0440\u0443\u0436\u0435\u043d\u0438\u044f!<\/h2>\t\t\t\t<\/div>\n\t\t\t\t<\/div>\n\t\t\t\t<div class=\"elementor-element elementor-element-1cc20f94 elementor-widget elementor-widget-global elementor-global-4389 elementor-global-2207 elementor-widget-text-editor\" data-id=\"1cc20f94\" data-element_type=\"widget\" data-widget_type=\"text-editor.default\">\n\t\t\t\t<div class=\"elementor-widget-container\">\n\t\t\t\t\t\t\t\t\t<p class=\"p1\">\u041f\u043e\u043d\u0438\u043c\u0430\u043d\u0438\u0435 \u043f\u0440\u0438\u0447\u0438\u043d\u044b \u0433\u043e\u043b\u043e\u0432\u043e\u043a\u0440\u0443\u0436\u0435\u043d\u0438\u044f \u0438 \u043f\u0440\u043e\u0431\u043b\u0435\u043c \u0441 \u0440\u0430\u0432\u043d\u043e\u0432\u0435\u0441\u0438\u0435\u043c &#8212; \u043f\u0435\u0440\u0432\u044b\u0439 \u0448\u0430\u0433 \u043a \u043f\u0440\u0430\u0432\u0438\u043b\u044c\u043d\u043e\u043c\u0443 \u043b\u0435\u0447\u0435\u043d\u0438\u044e. \u0417\u0430\u043f\u0438\u0448\u0438\u0442\u0435\u0441\u044c \u043d\u0430 \u0438\u043d\u0434\u0438\u0432\u0438\u0434\u0443\u0430\u043b\u044c\u043d\u0443\u044e \u043a\u043e\u043d\u0441\u0443\u043b\u044c\u0442\u0430\u0446\u0438\u044e \u043a \u043d\u0430\u0448\u0438\u043c \u0441\u043f\u0435\u0446\u0438\u0430\u043b\u0438\u0441\u0442\u0430\u043c \u0438 \u0432\u0435\u0440\u043d\u0438\u0442\u0435 \u0441\u0435\u0431\u0435 \u0437\u0434\u043e\u0440\u043e\u0432\u044c\u0435.<\/p>\n\t\t\t\t\t\t\t\t<\/div>\n\t\t\t\t<\/div>\n\t\t\t\t<\/div>\n\t\t<div class=\"elementor-element elementor-element-2178b994 e-con-full e-flex e-con e-child\" data-id=\"2178b994\" data-element_type=\"container\">\n\t\t\t\t<div class=\"elementor-element elementor-element-3aecff03 elementor-mobile-align-center elementor-widget elementor-widget-global elementor-global-4401 elementor-global-2201 elementor-widget-button\" data-id=\"3aecff03\" data-element_type=\"widget\" data-widget_type=\"button.default\">\n\t\t\t\t<div class=\"elementor-widget-container\">\n\t\t\t\t\t\t\t\t\t<div class=\"elementor-button-wrapper\">\n\t\t\t\t\t<a class=\"elementor-button elementor-button-link elementor-size-sm\" href=\"https:\/\/api.whatsapp.com\/send?phone=905537053650\" target=\"_blank\" rel=\"noopener\">\n\t\t\t\t\t\t<span class=\"elementor-button-content-wrapper\">\n\t\t\t\t\t\t<span class=\"elementor-button-icon\">\n\t\t\t\t<svg aria-hidden=\"true\" class=\"e-font-icon-svg e-far-arrow-alt-circle-right\" viewBox=\"0 0 512 512\" xmlns=\"http:\/\/www.w3.org\/2000\/svg\"><path d=\"M504 256C504 119 393 8 256 8S8 119 8 256s111 248 248 248 248-111 248-248zm-448 0c0-110.5 89.5-200 200-200s200 89.5 200 200-89.5 200-200 200S56 366.5 56 256zm72 20v-40c0-6.6 5.4-12 12-12h116v-67c0-10.7 12.9-16 20.5-8.5l99 99c4.7 4.7 4.7 12.3 0 17l-99 99c-7.6 7.6-20.5 2.2-20.5-8.5v-67H140c-6.6 0-12-5.4-12-12z\"><\/path><\/svg>\t\t\t<\/span>\n\t\t\t\t\t\t\t\t\t<span class=\"elementor-button-text\">\u041d\u0430\u0437\u043d\u0430\u0447\u0435\u043d\u0438\u0435 \u043e\u043d\u043b\u0430\u0439\u043d<\/span>\n\t\t\t\t\t<\/span>\n\t\t\t\t\t<\/a>\n\t\t\t\t<\/div>\n\t\t\t\t\t\t\t\t<\/div>\n\t\t\t\t<\/div>\n\t\t\t\t<\/div>\n\t\t\t\t\t<\/div>\n\t\t\t\t<\/div>\n\t\t\t\t<\/div>\n\t\t\t\t<\/div>\n\t\t","protected":false},"excerpt":{"rendered":"<p>Online Randevu Vertigonuzun ger\u00e7ek sebebini \u00f6\u011frenin! Ba\u015f d\u00f6nmesi ve dengenizle ilgili sorunlar\u0131n kayna\u011f\u0131n\u0131 anlamak, do\u011fru tedaviye giden ilk ad\u0131md\u0131r. Uzman ekibimizle bireyselle\u015ftirilmi\u015f bir de\u011ferlendirme i\u00e7in randevunuzu al\u0131n ve sa\u011fl\u0131\u011f\u0131n\u0131za yeniden kavu\u015fun. Online Randevu \u0414\u043e\u043b\u0433\u043e\u0441\u0440\u043e\u0447\u043d\u044b\u0435 \u043a\u043e\u043d\u0441\u0443\u043b\u044c\u0442\u0430\u0446\u0438\u043e\u043d\u043d\u044b\u0435 \u0443\u0441\u043b\u0443\u0433\u0438 \u043f\u0440\u0435\u0434\u043e\u0441\u0442\u0430\u0432\u043b\u044f\u044e\u0442\u0441\u044f \u043d\u0430\u0448\u0438\u043c \u043f\u0430\u0446\u0438\u0435\u043d\u0442\u0430\u043c \u0438\u0437 \u0434\u0440\u0443\u0433\u0438\u0445 \u0440\u0435\u0433\u0438\u043e\u043d\u043e\u0432 \u043f\u043e\u0441\u0440\u0435\u0434\u0441\u0442\u0432\u043e\u043c \u0441\u0432\u044f\u0437\u0438 \u0447\u0435\u0440\u0435\u0437 \u0442\u0435\u043b\u0435\u0444\u043e\u043d \u0438 \u043c\u0435\u0441\u0441\u0435\u043d\u0434\u0436\u0435\u0440\u044b. \u0417\u0430\u043f\u043e\u043b\u043d\u0438\u0442\u0435 \u0444\u043e\u0440\u043c\u0443, \u043c\u044b \u043f\u043e\u0437\u0432\u043e\u043d\u0438\u043c \u0432\u0430\u043c Vertigonuzun ger\u00e7ek [&hellip;]<\/p>\n","protected":false},"author":1,"featured_media":0,"parent":0,"menu_order":0,"comment_status":"closed","ping_status":"closed","template":"","meta":{"rank_math_title":"","rank_math_description":"","rank_math_focus_keyword":"","rank_math_canonical_url":"","rank_math_robots":"","rank_math_primary_category":"","rank_math_facebook_title":"","rank_math_facebook_description":"","rank_math_facebook_image":"","rank_math_twitter_title":"","rank_math_twitter_description":"","rank_math_twitter_image":"","rank_math_rich_snippet":"article","rank_math_snippet_name":"","rank_math_snippet_desc":"","rank_math_snippet_article_type":"","rank_math_news_sitemap_genres":"","rank_math_pillar_content":"","rank_math_seo_score":0,"footnotes":""},"class_list":["post-4271","page","type-page","status-publish","hentry"],"_links":{"self":[{"href":"https:\/\/akdenizvertigomerkezi.com\/ru\/wp-json\/wp\/v2\/pages\/4271","targetHints":{"allow":["GET"]}}],"collection":[{"href":"https:\/\/akdenizvertigomerkezi.com\/ru\/wp-json\/wp\/v2\/pages"}],"about":[{"href":"https:\/\/akdenizvertigomerkezi.com\/ru\/wp-json\/wp\/v2\/types\/page"}],"author":[{"embeddable":true,"href":"https:\/\/akdenizvertigomerkezi.com\/ru\/wp-json\/wp\/v2\/users\/1"}],"replies":[{"embeddable":true,"href":"https:\/\/akdenizvertigomerkezi.com\/ru\/wp-json\/wp\/v2\/comments?post=4271"}],"version-history":[{"count":0,"href":"https:\/\/akdenizvertigomerkezi.com\/ru\/wp-json\/wp\/v2\/pages\/4271\/revisions"}],"wp:attachment":[{"href":"https:\/\/akdenizvertigomerkezi.com\/ru\/wp-json\/wp\/v2\/media?parent=4271"}],"curies":[{"name":"wp","href":"https:\/\/api.w.org\/{rel}","templated":true}]}}